{"id":1972,"date":"2024-08-05T16:28:33","date_gmt":"2024-08-05T09:28:33","guid":{"rendered":"https:\/\/the1011.com\/product\/ct-001-di-ung-da-me-day-cham-vay-nen-skin-allergy-urticaria-eczema-psoriasis\/"},"modified":"2024-08-05T16:28:33","modified_gmt":"2024-08-05T09:28:33","slug":"ct-001-di-ung-da-me-day-cham-vay-nen-skin-allergy-urticaria-eczema-psoriasis","status":"publish","type":"product","link":"https:\/\/the1011.com\/en\/product\/ct-001-di-ung-da-me-day-cham-vay-nen-skin-allergy-urticaria-eczema-psoriasis\/","title":{"rendered":"CT.001 &#8211; D\u1eca \u1ee8NG DA, M\u1ec0 \u0110AY, CH\u00c0M, V\u1ea2Y N\u1ebeN (SKIN ALLERGY, URTICARIA, ECZEMA, PSORIASIS)"},"content":{"rendered":"<p class=\"preFade\" style=\"transition-timing-function: ease; transition-duration: 1.5s; transition-delay: 0.210526s;\"><strong>T\u00e1c d\u1ee5ng:&nbsp;<\/strong>L\u1ecdc m\u00e1u, t\u1ea9y \u0111\u1ed9c, m\u00e1t gan, ng\u1ee9a da, m\u1ec1 \u0111ay, da n\u1ed5i m\u1ee5n n\u01b0\u1edbc, ch\u00e0m, v\u1ea3y n\u1ebfn.<\/p>\n<p class=\"preFade\" style=\"transition-timing-function: ease; transition-duration: 1.5s; transition-delay: 0.221053s;\"><strong>Th\u00e0nh ph\u1ea7n:&nbsp;<\/strong>Kim ng\u00e2n hoa, B\u1ed3 c\u00f4ng anh, Cam th\u1ea3o, B\u1ea1ch ti\u00ean b\u00ec, H\u1ea1 kh\u00f4 th\u1ea3o&#8230;<\/p>\n<p class=\"preFade\" style=\"transition-timing-function: ease; transition-duration: 1.5s; transition-delay: 0.231579s;\"><strong>C\u00e1ch d\u00f9ng:&nbsp;<\/strong>Ng\u00e0y u\u1ed1ng 3 l\u1ea7n, m\u1ed7i l\u1ea7n 3-4 vi\u00ean.<\/p>\n<p class=\"preFade\" style=\"transition-timing-function: ease; transition-duration: 1.5s; transition-delay: 0.242105s;\"><strong>Ki\u00eang c\u1eef:&nbsp;<\/strong>Th\u1ecbt b\u00f2, chim c\u00fat, t\u00f4m, t\u00e9p, cua, m\u1ef1c, s\u00f2, c\u00e1 ng\u1eeb, c\u00e1 r\u00f4 phi, u\u1ed1ng r\u01b0\u1ee3u.&nbsp;<\/p>","protected":false},"excerpt":{"rendered":"<p>T\u00e1c d\u1ee5ng:&nbsp;L\u1ecdc m\u00e1u, t\u1ea9y \u0111\u1ed9c, m\u00e1t gan, ng\u1ee9a da, m\u1ec1 \u0111ay, da n\u1ed5i m\u1ee5n n\u01b0\u1edbc, ch\u00e0m, v\u1ea3y n\u1ebfn. Th\u00e0nh ph\u1ea7n:&nbsp;Kim ng\u00e2n hoa, B\u1ed3 c\u00f4ng anh, Cam th\u1ea3o, B\u1ea1ch ti\u00ean b\u00ec, H\u1ea1 kh\u00f4 th\u1ea3o&#8230; C\u00e1ch d\u00f9ng:&nbsp;Ng\u00e0y u\u1ed1ng 3 l\u1ea7n, m\u1ed7i l\u1ea7n 3-4 vi\u00ean. Ki\u00eang c\u1eef:&nbsp;Th\u1ecbt b\u00f2, chim c\u00fat, t\u00f4m, t\u00e9p, cua, m\u1ef1c, s\u00f2, c\u00e1 ng\u1eeb, c\u00e1<\/p>","protected":false},"featured_media":1737,"comment_status":"closed","ping_status":"open","template":"","meta":[],"_links":{"self":[{"href":"https:\/\/the1011.com\/en\/wp-json\/wp\/v2\/product\/1972"}],"collection":[{"href":"https:\/\/the1011.com\/en\/wp-json\/wp\/v2\/product"}],"about":[{"href":"https:\/\/the1011.com\/en\/wp-json\/wp\/v2\/types\/product"}],"replies":[{"embeddable":true,"href":"https:\/\/the1011.com\/en\/wp-json\/wp\/v2\/comments?post=1972"}],"wp:featuredmedia":[{"embeddable":true,"href":"https:\/\/the1011.com\/en\/wp-json\/wp\/v2\/media\/1737"}],"wp:attachment":[{"href":"https:\/\/the1011.com\/en\/wp-json\/wp\/v2\/media?parent=1972"}],"curies":[{"name":"wp","href":"https:\/\/api.w.org\/{rel}","templated":true}]}}