{"id":1971,"date":"2024-08-05T16:28:33","date_gmt":"2024-08-05T09:28:33","guid":{"rendered":"https:\/\/the1011.com\/product\/ct-102-tai-u-tai-diec-tinnitus-ear-deafness\/"},"modified":"2024-08-05T16:28:33","modified_gmt":"2024-08-05T09:28:33","slug":"ct-102-tai-u-tai-diec-tinnitus-ear-deafness","status":"publish","type":"product","link":"https:\/\/the1011.com\/en\/product\/ct-102-tai-u-tai-diec-tinnitus-ear-deafness\/","title":{"rendered":"CT.102 &#8211; TAI \u00d9, TAI \u0110I\u1ebeC (TINNITUS, EAR DEAFNESS)"},"content":{"rendered":"<p class=\"preFade\" style=\"transition-timing-function: ease; transition-duration: 1.5s; transition-delay: 0.255319s;\"><strong>T\u00e1c d\u1ee5ng:<\/strong><span>&nbsp;<\/span>B\u1ed5 Can Th\u1eadn, \u00edch n\u00e3o, th\u00f4ng nh\u0129. Ph\u1ee5c h\u1ed3i ch\u1ee9c n\u0103ng th\u00ednh gi\u00e1c, c\u1ea3i thi\u1ec7n ch\u1ee9ng \u00f9 tai, gi\u1ea3m th\u00ednh l\u1ef1c, tai \u0111i\u1ebfc, gi\u00fap tai nghe r\u00f5 \u00e2m thanh.<\/p>\n<p class=\"preFade\" style=\"transition-timing-function: ease; transition-duration: 1.5s; transition-delay: 0.268085s;\"><strong>Th\u00e0nh ph\u1ea7n:<\/strong><span>&nbsp;<\/span>Ho\u00e0ng k\u1ef3, \u0110an s\u00e2m, \u0110\u1ea3ng s\u00e2m, C\u00e2u k\u1ef7 t\u1eed, Th\u1ea1ch x\u01b0\u01a1ng b\u1ed3, Thuy\u1ec1n y\u2026<br \/><strong>C\u00e1ch d\u00f9ng:<\/strong><span>&nbsp;<\/span>Ng\u00e0y u\u1ed1ng 3 l\u1ea7n, m\u1ed7i l\u1ea7n 3-4 vi\u00ean li\u00ean ti\u1ebfp 10-12 tu\u1ea7n l\u1ec5 ho\u1eb7c l\u00e2u h\u01a1n t\u00f9y theo tu\u1ed5i t\u00e1c, nguy\u00ean nh\u00e2n, m\u1ee9c \u0111\u1ed9 v\u00e0<br \/>th\u1eddi gian m\u1eafc b\u1ec7nh.<br \/><strong>Ki\u00eang c\u1eef<\/strong>: L\u00e0m vi\u1ec7c qu\u00e1 s\u1ee9c, u\u1ed1ng r\u01b0\u1ee3u, h\u00fat thu\u1ed1c l\u00e1, ng\u1ed3i ho\u1eb7c \u0111\u1ee9ng l\u00e2u, ti\u1ebfp nh\u1eadn \u00e2m thanh qu\u00e1 \u1ed3n.<\/p>","protected":false},"excerpt":{"rendered":"<p>T\u00e1c d\u1ee5ng:&nbsp;B\u1ed5 Can Th\u1eadn, \u00edch n\u00e3o, th\u00f4ng nh\u0129. Ph\u1ee5c h\u1ed3i ch\u1ee9c n\u0103ng th\u00ednh gi\u00e1c, c\u1ea3i thi\u1ec7n ch\u1ee9ng \u00f9 tai, gi\u1ea3m th\u00ednh l\u1ef1c, tai \u0111i\u1ebfc, gi\u00fap tai nghe r\u00f5 \u00e2m thanh. Th\u00e0nh ph\u1ea7n:&nbsp;Ho\u00e0ng k\u1ef3, \u0110an s\u00e2m, \u0110\u1ea3ng s\u00e2m, C\u00e2u k\u1ef7 t\u1eed, Th\u1ea1ch x\u01b0\u01a1ng b\u1ed3, Thuy\u1ec1n y\u2026C\u00e1ch d\u00f9ng:&nbsp;Ng\u00e0y u\u1ed1ng 3 l\u1ea7n, m\u1ed7i l\u1ea7n 3-4 vi\u00ean li\u00ean ti\u1ebfp<\/p>","protected":false},"featured_media":1834,"comment_status":"closed","ping_status":"open","template":"","meta":[],"_links":{"self":[{"href":"https:\/\/the1011.com\/en\/wp-json\/wp\/v2\/product\/1971"}],"collection":[{"href":"https:\/\/the1011.com\/en\/wp-json\/wp\/v2\/product"}],"about":[{"href":"https:\/\/the1011.com\/en\/wp-json\/wp\/v2\/types\/product"}],"replies":[{"embeddable":true,"href":"https:\/\/the1011.com\/en\/wp-json\/wp\/v2\/comments?post=1971"}],"wp:featuredmedia":[{"embeddable":true,"href":"https:\/\/the1011.com\/en\/wp-json\/wp\/v2\/media\/1834"}],"wp:attachment":[{"href":"https:\/\/the1011.com\/en\/wp-json\/wp\/v2\/media?parent=1971"}],"curies":[{"name":"wp","href":"https:\/\/api.w.org\/{rel}","templated":true}]}}