{"id":1970,"date":"2024-08-05T16:28:29","date_gmt":"2024-08-05T09:28:29","guid":{"rendered":"https:\/\/the1011.com\/product\/ct-101-tang-nhan-ap-mat-kem-glaucoma\/"},"modified":"2024-08-05T16:28:32","modified_gmt":"2024-08-05T09:28:32","slug":"ct-101-tang-nhan-ap-mat-kem-glaucoma","status":"publish","type":"product","link":"https:\/\/the1011.com\/en\/product\/ct-101-tang-nhan-ap-mat-kem-glaucoma\/","title":{"rendered":"CT.101 &#8211; T\u0102NG NH\u00c3N \u00c1P &#8211; M\u1eaeT K\u00c9M (GLAUCOMA)"},"content":{"rendered":"<p class=\"preFade\" style=\"transition-timing-function: ease; transition-duration: 1.5s; transition-delay: 0.255319s;\"><strong>T\u00e1c d\u1ee5ng:<\/strong><span>&nbsp;<\/span>Gi\u00fap h\u1ea1 th\u1ea5p \u00e1p l\u1ef1c ch\u1ea5t d\u1ecbch trong m\u1eaft t\u0103ng cao g\u00e2y t\u1eafc c\u00e1c m\u1ea1ch m\u00e1u nu\u00f4i d\u01b0\u1ee1ng th\u1ea7n kinh th\u1ecb gi\u00e1c l\u00e0m gi\u1ea3m th\u1ecb l\u1ef1c. C\u1ea3i thi\u1ec7n d\u1ea5u hi\u1ec7u \u0111au nh\u1ee9c m\u1eaft, m\u1edd m\u1eaft, m\u1eaft \u0111\u1ecf, \u0111\u1ee5c gi\u00e1c m\u1ea1c; t\u1eebng b\u01b0\u1edbc ph\u1ee5c h\u1ed3i th\u1ecb gi\u00e1c, gi\u00fap m\u1eaft s\u00e1ng.<\/p>\n<p class=\"preFade\" style=\"transition-timing-function: ease; transition-duration: 1.5s; transition-delay: 0.268085s;\"><strong>Th\u00e0nh ph\u1ea7n:<\/strong><span>&nbsp;<\/span>Th\u1ee5c \u0111\u1ecba, S\u01a1n th\u00f9, C\u00e2u k\u1ef7 t\u1eed, C\u00fac hoa, B\u1ea1ch t\u1eadt l\u00ea, Th\u1ea3o quy\u1ebft minh\u2026<br \/><strong>C\u00e1ch d\u00f9ng:<\/strong><span>&nbsp;<\/span>Ng\u00e0y u\u1ed1ng 3 l\u1ea7n, m\u1ed7i l\u1ea7n 3-4 vi\u00ean, li\u00ean ti\u1ebfp v\u00e0i th\u00e1ng tr\u1edf l\u00ean.<br \/><strong>Ki\u00eang c\u1eef:<\/strong><span>&nbsp;<\/span>Th\u1ee9c khuya, \u0111i\u1ec1u ti\u1ebft m\u1eaft qu\u00e1 l\u00e2u tr\u00ean m\u00e0n h\u00ecnh computer, l\u1ea1m d\u1ee5ng r\u01b0\u1ee3u.<\/p>","protected":false},"excerpt":{"rendered":"<p>T\u00e1c d\u1ee5ng:&nbsp;Gi\u00fap h\u1ea1 th\u1ea5p \u00e1p l\u1ef1c ch\u1ea5t d\u1ecbch trong m\u1eaft t\u0103ng cao g\u00e2y t\u1eafc c\u00e1c m\u1ea1ch m\u00e1u nu\u00f4i d\u01b0\u1ee1ng th\u1ea7n kinh th\u1ecb gi\u00e1c l\u00e0m gi\u1ea3m th\u1ecb l\u1ef1c. C\u1ea3i thi\u1ec7n d\u1ea5u hi\u1ec7u \u0111au nh\u1ee9c m\u1eaft, m\u1edd m\u1eaft, m\u1eaft \u0111\u1ecf, \u0111\u1ee5c gi\u00e1c m\u1ea1c; t\u1eebng b\u01b0\u1edbc ph\u1ee5c h\u1ed3i th\u1ecb gi\u00e1c, gi\u00fap m\u1eaft s\u00e1ng. Th\u00e0nh ph\u1ea7n:&nbsp;Th\u1ee5c \u0111\u1ecba, S\u01a1n th\u00f9,<\/p>","protected":false},"featured_media":1833,"comment_status":"closed","ping_status":"open","template":"","meta":[],"_links":{"self":[{"href":"https:\/\/the1011.com\/en\/wp-json\/wp\/v2\/product\/1970"}],"collection":[{"href":"https:\/\/the1011.com\/en\/wp-json\/wp\/v2\/product"}],"about":[{"href":"https:\/\/the1011.com\/en\/wp-json\/wp\/v2\/types\/product"}],"replies":[{"embeddable":true,"href":"https:\/\/the1011.com\/en\/wp-json\/wp\/v2\/comments?post=1970"}],"wp:featuredmedia":[{"embeddable":true,"href":"https:\/\/the1011.com\/en\/wp-json\/wp\/v2\/media\/1833"}],"wp:attachment":[{"href":"https:\/\/the1011.com\/en\/wp-json\/wp\/v2\/media?parent=1970"}],"curies":[{"name":"wp","href":"https:\/\/api.w.org\/{rel}","templated":true}]}}