{"id":1969,"date":"2024-08-05T16:28:29","date_gmt":"2024-08-05T09:28:29","guid":{"rendered":"https:\/\/the1011.com\/product\/ct-049-viem-xoang-sinusitis\/"},"modified":"2024-08-05T16:28:32","modified_gmt":"2024-08-05T09:28:32","slug":"ct-049-viem-xoang-sinusitis","status":"publish","type":"product","link":"https:\/\/the1011.com\/en\/product\/ct-049-viem-xoang-sinusitis\/","title":{"rendered":"CT.049 \u2013 VI\u00caM XOANG (SINUSITIS)"},"content":{"rendered":"<p class=\"preFade\" style=\"white-space: pre-wrap; transition-timing-function: ease; transition-duration: 1.5s; transition-delay: 0.206557s;\"><strong>T\u00e1c d\u1ee5ng:<\/strong>&nbsp;B\u1ed5 tr\u1ee3 ch\u1ee9c n\u0103ng mi\u1ec5n d\u1ecbch, kh\u00e1ng vi\u00eam, gi\u1ea3m \u0111au, kh\u00f4 ch\u1ea5t d\u1ecbch, th\u1edf kh\u1ecfe.<\/p>\n<p class=\"preFade\" style=\"white-space: pre-wrap; transition-timing-function: ease; transition-duration: 1.5s; transition-delay: 0.216393s;\"><strong>Th\u00e0nh ph\u1ea7n:<\/strong>&nbsp;Xuy\u00ean khung, T\u00e2n di hoa, Cam th\u1ea3o, B\u1ea1ch ch\u1ec9, \u0110\u01b0\u01a1ng qui\u2026<\/p>\n<p class=\"preFade\" style=\"white-space: pre-wrap; transition-timing-function: ease; transition-duration: 1.5s; transition-delay: 0.22623s;\"><strong>C\u00e1ch d\u00f9ng:<\/strong>&nbsp;<\/p>\n<ul data-rte-list=\"default\">\n<li>\n<p class=\"preFade\" style=\"white-space: pre-wrap; transition-timing-function: ease; transition-duration: 1.5s; transition-delay: 0.236066s;\">Thu\u1ed1c vi\u00ean: Ng\u00e0y u\u1ed1ng 3 l\u1ea7n, m\u1ed7i l\u1ea7n 3-4 vi\u00ean.<\/p>\n<\/li>\n<li>\n<p class=\"preFade\" style=\"white-space: pre-wrap; transition-timing-function: ease; transition-duration: 1.5s; transition-delay: 0.245902s;\">Thu\u1ed1c t\u1ec5: Ng\u00e0y 2 l\u1ea7n, m\u1ed7i l\u1ea7n nhai 2 vi\u00ean v\u1edbi n\u01b0\u1edbc \u1ea5m.<\/p>\n<\/li>\n<\/ul>\n<p class=\"preFade\" style=\"white-space: pre-wrap; transition-timing-function: ease; transition-duration: 1.5s; transition-delay: 0.255738s;\"><strong>Ki\u00eang c\u1eef:<\/strong>&nbsp;Th\u1ecbt b\u00f2, t\u00f4m t\u00e9p, x\u00f4i n\u1ebfp, thu\u1ed1c l\u00e1, ti\u1ebfp c\u1eadn h\u00f3a ch\u1ea5t ng\u00e0nh nail.<\/p>","protected":false},"excerpt":{"rendered":"<p>T\u00e1c d\u1ee5ng:&nbsp;B\u1ed5 tr\u1ee3 ch\u1ee9c n\u0103ng mi\u1ec5n d\u1ecbch, kh\u00e1ng vi\u00eam, gi\u1ea3m \u0111au, kh\u00f4 ch\u1ea5t d\u1ecbch, th\u1edf kh\u1ecfe. Th\u00e0nh ph\u1ea7n:&nbsp;Xuy\u00ean khung, T\u00e2n di hoa, Cam th\u1ea3o, B\u1ea1ch ch\u1ec9, \u0110\u01b0\u01a1ng qui\u2026 C\u00e1ch d\u00f9ng:&nbsp; Thu\u1ed1c vi\u00ean: Ng\u00e0y u\u1ed1ng 3 l\u1ea7n, m\u1ed7i l\u1ea7n 3-4 vi\u00ean. Thu\u1ed1c t\u1ec5: Ng\u00e0y 2 l\u1ea7n, m\u1ed7i l\u1ea7n nhai 2 vi\u00ean v\u1edbi n\u01b0\u1edbc \u1ea5m. Ki\u00eang c\u1eef:&nbsp;Th\u1ecbt<\/p>","protected":false},"featured_media":1802,"comment_status":"closed","ping_status":"open","template":"","meta":[],"_links":{"self":[{"href":"https:\/\/the1011.com\/en\/wp-json\/wp\/v2\/product\/1969"}],"collection":[{"href":"https:\/\/the1011.com\/en\/wp-json\/wp\/v2\/product"}],"about":[{"href":"https:\/\/the1011.com\/en\/wp-json\/wp\/v2\/types\/product"}],"replies":[{"embeddable":true,"href":"https:\/\/the1011.com\/en\/wp-json\/wp\/v2\/comments?post=1969"}],"wp:featuredmedia":[{"embeddable":true,"href":"https:\/\/the1011.com\/en\/wp-json\/wp\/v2\/media\/1802"}],"wp:attachment":[{"href":"https:\/\/the1011.com\/en\/wp-json\/wp\/v2\/media?parent=1969"}],"curies":[{"name":"wp","href":"https:\/\/api.w.org\/{rel}","templated":true}]}}