{"id":1967,"date":"2024-08-05T16:28:29","date_gmt":"2024-08-05T09:28:29","guid":{"rendered":"https:\/\/the1011.com\/product\/ct-089-bai-liet-chan-teo-co-paraplegia-amyotrophy\/"},"modified":"2024-08-05T16:28:31","modified_gmt":"2024-08-05T09:28:31","slug":"ct-089-bai-liet-chan-teo-co-paraplegia-amyotrophy","status":"publish","type":"product","link":"https:\/\/the1011.com\/en\/product\/ct-089-bai-liet-chan-teo-co-paraplegia-amyotrophy\/","title":{"rendered":"CT.089 \u2013 B\u1ea0I LI\u1ec6T CH\u00c2N &#038; TEO C\u01a0 (PARAPLEGIA &#038; AMYOTROPHY)"},"content":{"rendered":"<p class=\"preFade\" style=\"white-space: pre-wrap; transition-timing-function: ease; transition-duration: 1.5s; transition-delay: 0.193846s;\"><strong>T\u00e1c d\u1ee5ng<\/strong>: B\u1ed5 Can Th\u1eadn, t\u0103ng kh\u00ed l\u1ef1c, m\u1ea1nh g\u00e2n c\u1ed1t. Ph\u1ee5c h\u1ed3i ch\u1ee9c n\u0103ng th\u1ea7n kinh v\u1eadn \u0111\u1ed9ng, c\u1ea3ithi\u1ec7n ch\u1ee9ng li\u1ec7t hai ch\u00e2n, teo c\u01a1, t\u00ea r\u1ea7n m\u1ea5t c\u1ea3m gi\u00e1c, kh\u00f4ng th\u1ec3 t\u1ef1 \u0111\u1ee9ng l\u00ean hay b\u01b0\u1edbc \u0111i m\u1ed9t m\u00ecnh,ph\u1ea3i n\u01b0\u01a1ng v\u00e0o n\u1ea1ng hay xe l\u0103n. Nguy\u00ean nh\u00e2n do h\u1eadu qu\u1ea3 b\u1ec7nh s\u1ed1t t\u00ea li\u1ec7t hay b\u1ec7nh teo n\u00e3o t\u1ecfa lan.<\/p>\n<p class=\"preFade\" style=\"white-space: pre-wrap; transition-timing-function: ease; transition-duration: 1.5s; transition-delay: 0.203077s;\"><strong>Th\u00e0nh ph\u1ea7n:&nbsp;<\/strong>Ho\u00e0ng k\u1ef3, B\u1ea1ch th\u01b0\u1ee3c, \u0110\u01b0\u01a1ng qui, Ng\u01b0u t\u1ea5t, Qu\u1ebf chi, H\u00e0 th\u1ee7 \u00f4\u2026<\/p>\n<p class=\"preFade\" style=\"white-space: pre-wrap; transition-timing-function: ease; transition-duration: 1.5s; transition-delay: 0.212308s;\"><strong>C\u00e1ch d\u00f9ng:&nbsp;<\/strong><\/p>\n<ul data-rte-list=\"default\">\n<li>\n<p class=\"preFade\" style=\"white-space: pre-wrap; transition-timing-function: ease; transition-duration: 1.5s; transition-delay: 0.221538s;\">Ng\u00e0y u\u1ed1ng 3 l\u1ea7n, m\u1ed7i l\u1ea7n 3-4 vi\u00ean li\u00ean ti\u1ebfp 10-12 tu\u1ea7n l\u1ec5 ho\u1eb7c l\u00e2u h\u01a1n t\u00f9y m\u1ee9c \u0111\u1ed9 v\u00e0 th\u1eddi gian b\u1ea1i li\u1ec7t.<\/p>\n<\/li>\n<\/ul>\n<ul data-rte-list=\"default\">\n<li>\n<p class=\"preFade\" style=\"white-space: pre-wrap; transition-timing-function: ease; transition-duration: 1.5s; transition-delay: 0.230769s;\">Thu\u1ed1c t\u1ec5: Ng\u00e0y 2 l\u1ea7n, m\u1ed7i l\u1ea7n nhai 2 ho\u00e0n v\u1edbi n\u01b0\u1edbc \u1ea5m.<\/p>\n<\/li>\n<\/ul>\n<p class=\"preFade\" style=\"white-space: pre-wrap; transition-timing-function: ease; transition-duration: 1.5s; transition-delay: 0.24s;\"><strong>Ki\u00eang c\u1eef:&nbsp;<\/strong>H\u00fat thu\u1ed1c l\u00e1, th\u1ee9c khuya, suy dinh d\u01b0\u1ee1ng.<\/p>","protected":false},"excerpt":{"rendered":"<p>T\u00e1c d\u1ee5ng: B\u1ed5 Can Th\u1eadn, t\u0103ng kh\u00ed l\u1ef1c, m\u1ea1nh g\u00e2n c\u1ed1t. Ph\u1ee5c h\u1ed3i ch\u1ee9c n\u0103ng th\u1ea7n kinh v\u1eadn \u0111\u1ed9ng, c\u1ea3ithi\u1ec7n ch\u1ee9ng li\u1ec7t hai ch\u00e2n, teo c\u01a1, t\u00ea r\u1ea7n m\u1ea5t c\u1ea3m gi\u00e1c, kh\u00f4ng th\u1ec3 t\u1ef1 \u0111\u1ee9ng l\u00ean hay b\u01b0\u1edbc \u0111i m\u1ed9t m\u00ecnh,ph\u1ea3i n\u01b0\u01a1ng v\u00e0o n\u1ea1ng hay xe l\u0103n. Nguy\u00ean nh\u00e2n do h\u1eadu qu\u1ea3 b\u1ec7nh s\u1ed1t t\u00ea<\/p>","protected":false},"featured_media":1824,"comment_status":"closed","ping_status":"open","template":"","meta":[],"_links":{"self":[{"href":"https:\/\/the1011.com\/en\/wp-json\/wp\/v2\/product\/1967"}],"collection":[{"href":"https:\/\/the1011.com\/en\/wp-json\/wp\/v2\/product"}],"about":[{"href":"https:\/\/the1011.com\/en\/wp-json\/wp\/v2\/types\/product"}],"replies":[{"embeddable":true,"href":"https:\/\/the1011.com\/en\/wp-json\/wp\/v2\/comments?post=1967"}],"wp:featuredmedia":[{"embeddable":true,"href":"https:\/\/the1011.com\/en\/wp-json\/wp\/v2\/media\/1824"}],"wp:attachment":[{"href":"https:\/\/the1011.com\/en\/wp-json\/wp\/v2\/media?parent=1967"}],"curies":[{"name":"wp","href":"https:\/\/api.w.org\/{rel}","templated":true}]}}