{"id":1966,"date":"2024-08-05T16:28:29","date_gmt":"2024-08-05T09:28:29","guid":{"rendered":"https:\/\/the1011.com\/product\/ct-088-cot-nuy-tay-chan-yeu-suc-limb-weakness\/"},"modified":"2024-08-05T16:28:31","modified_gmt":"2024-08-05T09:28:31","slug":"ct-088-cot-nuy-tay-chan-yeu-suc-limb-weakness","status":"publish","type":"product","link":"https:\/\/the1011.com\/en\/product\/ct-088-cot-nuy-tay-chan-yeu-suc-limb-weakness\/","title":{"rendered":"CT.088 \u2013 C\u1ed0T NUY \/ TAY, CH\u00c2N Y\u1ebeU S\u1ee8C (LIMB WEAKNESS)"},"content":{"rendered":"<p class=\"preFade\" style=\"white-space: pre-wrap; transition-timing-function: ease; transition-duration: 1.5s; transition-delay: 0.193846s;\"><strong>T\u00e1c d\u1ee5ng<\/strong>: B\u1ed5 Can Th\u1eadn, m\u1ea1nh g\u00e2n c\u1ed1t. Ph\u1ee5c h\u1ed3i ho\u1ea1t \u0111\u1ed9ng g\u00e2n m\u1ea1ch, gi\u00fap tay ch\u00e2n, l\u01b0ng g\u1ed1i kh\u1ecfem\u1ea1nh. C\u1ea3i thi\u1ec7n ch\u1ee9ng tay y\u1ebfu c\u1ea7m n\u1eafm kh\u00f4ng ch\u1eb7t, g\u1ed1i run \u0111i \u0111\u1ee9ng kh\u00f4ng v\u1eefng ph\u1ea3i n\u01b0\u01a1ng g\u1eady ho\u1eb7cxe l\u0103n. Nguy\u00ean nh\u00e2n do x\u01a1 c\u1ee9ng c\u1ed9t b\u00ean t\u1ee7y s\u1ed1ng.<\/p>\n<p class=\"preFade\" style=\"white-space: pre-wrap; transition-timing-function: ease; transition-duration: 1.5s; transition-delay: 0.203077s;\"><strong>Th\u00e0nh ph\u1ea7n:&nbsp;<\/strong>Th\u1ee5c \u0111\u1ecba, \u0110\u1ed7 tr\u1ecdng, B\u1ea1ch th\u01b0\u1ee3c, T\u1ee5c \u0111o\u1ea1n, \u0110\u01b0\u01a1ng qui, Ng\u01b0u t\u1ea5t\u2026<\/p>\n<p class=\"preFade\" style=\"white-space: pre-wrap; transition-timing-function: ease; transition-duration: 1.5s; transition-delay: 0.212308s;\"><strong>C\u00e1ch d\u00f9ng:&nbsp;<\/strong><\/p>\n<ul data-rte-list=\"default\">\n<li>\n<p class=\"preFade\" style=\"white-space: pre-wrap; transition-timing-function: ease; transition-duration: 1.5s; transition-delay: 0.221538s;\">Thu\u1ed1c vi\u00ean: Ng\u00e0y u\u1ed1ng 3 l\u1ea7n, m\u1ed7i l\u1ea7n 3-4 vi\u00ean.<\/p>\n<\/li>\n<\/ul>\n<ul data-rte-list=\"default\">\n<li>\n<p class=\"preFade\" style=\"white-space: pre-wrap; transition-timing-function: ease; transition-duration: 1.5s; transition-delay: 0.230769s;\">Thu\u1ed1c t\u1ec5: Ng\u00e0y 2 l\u1ea7n, m\u1ed7i l\u1ea7n nhai 2 ho\u00e0n v\u1edbi n\u01b0\u1edbc \u1ea5m.<\/p>\n<\/li>\n<\/ul>\n<p class=\"preFade\" style=\"white-space: pre-wrap; transition-timing-function: ease; transition-duration: 1.5s; transition-delay: 0.24s;\"><strong>Ki\u00eang c\u1eef:&nbsp;<\/strong>L\u00e0m vi\u1ec7c qu\u00e1 s\u1ee9c, th\u1ee9c khuya, h\u00fat thu\u1ed1c l\u00e1, t\u00ecnh tr\u1ea1ng suy dinh d\u01b0\u1ee1ng.<\/p>","protected":false},"excerpt":{"rendered":"<p>T\u00e1c d\u1ee5ng: B\u1ed5 Can Th\u1eadn, m\u1ea1nh g\u00e2n c\u1ed1t. Ph\u1ee5c h\u1ed3i ho\u1ea1t \u0111\u1ed9ng g\u00e2n m\u1ea1ch, gi\u00fap tay ch\u00e2n, l\u01b0ng g\u1ed1i kh\u1ecfem\u1ea1nh. C\u1ea3i thi\u1ec7n ch\u1ee9ng tay y\u1ebfu c\u1ea7m n\u1eafm kh\u00f4ng ch\u1eb7t, g\u1ed1i run \u0111i \u0111\u1ee9ng kh\u00f4ng v\u1eefng ph\u1ea3i n\u01b0\u01a1ng g\u1eady ho\u1eb7cxe l\u0103n. Nguy\u00ean nh\u00e2n do x\u01a1 c\u1ee9ng c\u1ed9t b\u00ean t\u1ee7y s\u1ed1ng. Th\u00e0nh ph\u1ea7n:&nbsp;Th\u1ee5c \u0111\u1ecba, \u0110\u1ed7 tr\u1ecdng, B\u1ea1ch<\/p>","protected":false},"featured_media":1823,"comment_status":"closed","ping_status":"open","template":"","meta":[],"_links":{"self":[{"href":"https:\/\/the1011.com\/en\/wp-json\/wp\/v2\/product\/1966"}],"collection":[{"href":"https:\/\/the1011.com\/en\/wp-json\/wp\/v2\/product"}],"about":[{"href":"https:\/\/the1011.com\/en\/wp-json\/wp\/v2\/types\/product"}],"replies":[{"embeddable":true,"href":"https:\/\/the1011.com\/en\/wp-json\/wp\/v2\/comments?post=1966"}],"wp:featuredmedia":[{"embeddable":true,"href":"https:\/\/the1011.com\/en\/wp-json\/wp\/v2\/media\/1823"}],"wp:attachment":[{"href":"https:\/\/the1011.com\/en\/wp-json\/wp\/v2\/media?parent=1966"}],"curies":[{"name":"wp","href":"https:\/\/api.w.org\/{rel}","templated":true}]}}