{"id":1965,"date":"2024-08-05T16:28:29","date_gmt":"2024-08-05T09:28:29","guid":{"rendered":"https:\/\/the1011.com\/product\/ct-086-tram-cam-chan-doi-depression\/"},"modified":"2024-08-05T16:28:31","modified_gmt":"2024-08-05T09:28:31","slug":"ct-086-tram-cam-chan-doi-depression","status":"publish","type":"product","link":"https:\/\/the1011.com\/en\/product\/ct-086-tram-cam-chan-doi-depression\/","title":{"rendered":"CT.086 &#8211; TR\u1ea6M C\u1ea2M (CH\u00c1N \u0110\u1edcI) (DEPRESSION)"},"content":{"rendered":"<p class=\"preFade\" style=\"transition-timing-function: ease; transition-duration: 1.5s; transition-delay: 0.210526s;\"><strong>T\u00e1c d\u1ee5ng<\/strong>: K\u00edch th\u00edch h\u01b0ng ph\u1ea5n th\u1ea7n kinh, n\u00e2ng cao kh\u00ed l\u1ef1c v\u00e0 s\u1ef1 n\u0103ng \u0111\u1ed9ng trong \u0111\u1eddi s\u1ed1ng. C\u1ea3i thi\u1ec7nc\u00e1c ch\u1ee9ng bu\u1ed3n b\u00e3, lo \u00e2u, bi quan, th\u1ea5t v\u1ecdng, ch\u00e1n \u0111\u1eddi, hay kh\u00f3c, bi\u1ebfng \u0103n, m\u1ea5t ng\u1ee7 ho\u1eb7c ng\u1ee7 li b\u00ec, \u0111anghi, m\u1ec7t m\u1ecfi, l\u01b0\u1eddi ho\u1ea1t \u0111\u1ed9ng.<\/p>\n<p class=\"preFade\" style=\"transition-timing-function: ease; transition-duration: 1.5s; transition-delay: 0.221053s;\"><strong>Th\u00e0nh ph\u1ea7n:&nbsp;<\/strong>Nh\u00e2n s\u00e2m, B\u1ea1ch tru\u1eadt, Ph\u1ee5c th\u1ea7n, Cam th\u1ea3o, Long nh\u00e3n, Ho\u00e0ng k\u1ef3\u2026<\/p>\n<p class=\"preFade\" style=\"transition-timing-function: ease; transition-duration: 1.5s; transition-delay: 0.231579s;\"><strong>C\u00e1ch d\u00f9ng:&nbsp;<\/strong>Ng\u00e0y u\u1ed1ng 3 l\u1ea7n, m\u1ed7i l\u1ea7n 3-4 vi\u00ean, li\u00ean ti\u1ebfp 10-12 tu\u1ea7n l\u1ec5 l\u00e0 m\u1ed9t li\u1ec7u tr\u00ecnh gi\u00fap h\u1ed3i ph\u1ee5c, \u1ed5n \u0111\u1ecbnh t\u00e2m th\u1ea7n.<\/p>\n<p class=\"preFade\" style=\"transition-timing-function: ease; transition-duration: 1.5s; transition-delay: 0.242105s;\"><strong>Ki\u00eang c\u1eef:&nbsp;<\/strong>R\u01b0\u1ee3u, thu\u1ed1c l\u00e1, thu\u1ed1c ng\u1eeba thai hay thu\u1ed1c an th\u1ea7n d\u00e0i h\u1ea1n, xem phim \u1ea3nh x\u00e3 h\u1ed9i c\u00f3 n\u1ed9i dung \u0111\u00e0o s\u00e2u t\u00ednh bi ai, b\u1ea5t h\u1ea1nh.<\/p>","protected":false},"excerpt":{"rendered":"<p>T\u00e1c d\u1ee5ng: K\u00edch th\u00edch h\u01b0ng ph\u1ea5n th\u1ea7n kinh, n\u00e2ng cao kh\u00ed l\u1ef1c v\u00e0 s\u1ef1 n\u0103ng \u0111\u1ed9ng trong \u0111\u1eddi s\u1ed1ng. C\u1ea3i thi\u1ec7nc\u00e1c ch\u1ee9ng bu\u1ed3n b\u00e3, lo \u00e2u, bi quan, th\u1ea5t v\u1ecdng, ch\u00e1n \u0111\u1eddi, hay kh\u00f3c, bi\u1ebfng \u0103n, m\u1ea5t ng\u1ee7 ho\u1eb7c ng\u1ee7 li b\u00ec, \u0111anghi, m\u1ec7t m\u1ecfi, l\u01b0\u1eddi ho\u1ea1t \u0111\u1ed9ng. Th\u00e0nh ph\u1ea7n:&nbsp;Nh\u00e2n s\u00e2m, B\u1ea1ch tru\u1eadt, Ph\u1ee5c th\u1ea7n,<\/p>","protected":false},"featured_media":1776,"comment_status":"closed","ping_status":"open","template":"","meta":[],"_links":{"self":[{"href":"https:\/\/the1011.com\/en\/wp-json\/wp\/v2\/product\/1965"}],"collection":[{"href":"https:\/\/the1011.com\/en\/wp-json\/wp\/v2\/product"}],"about":[{"href":"https:\/\/the1011.com\/en\/wp-json\/wp\/v2\/types\/product"}],"replies":[{"embeddable":true,"href":"https:\/\/the1011.com\/en\/wp-json\/wp\/v2\/comments?post=1965"}],"wp:featuredmedia":[{"embeddable":true,"href":"https:\/\/the1011.com\/en\/wp-json\/wp\/v2\/media\/1776"}],"wp:attachment":[{"href":"https:\/\/the1011.com\/en\/wp-json\/wp\/v2\/media?parent=1965"}],"curies":[{"name":"wp","href":"https:\/\/api.w.org\/{rel}","templated":true}]}}