{"id":1964,"date":"2024-08-05T16:28:29","date_gmt":"2024-08-05T09:28:29","guid":{"rendered":"https:\/\/the1011.com\/product\/ct-085-cang-thang-than-kinh-stression\/"},"modified":"2024-08-05T16:28:31","modified_gmt":"2024-08-05T09:28:31","slug":"ct-085-cang-thang-than-kinh-stression","status":"publish","type":"product","link":"https:\/\/the1011.com\/en\/product\/ct-085-cang-thang-than-kinh-stression\/","title":{"rendered":"CT.085 &#8211; C\u0102NG TH\u1eb2NG (TH\u1ea6N KINH) (STRESSION)"},"content":{"rendered":"<p class=\"preFade\" style=\"transition-timing-function: ease; transition-duration: 1.5s; transition-delay: 0.222222s;\"><strong>T\u00e1c d\u1ee5ng<\/strong>: B\u1ed5 Th\u1eadn \u00edch tinh, t\u0103ng kh\u00ed sinh huy\u1ebft, d\u01b0\u1ee1ng \u00c2m \u0111\u1ecbnh th\u1ea7n. Gi\u00fap h\u00f3a gi\u1ea3i ch\u1ee9ng c\u0103ng th\u1eb3ngth\u1ea7n kinh, c\u1ea3i thi\u1ec7n c\u00e1c hi\u1ec7n t\u01b0\u1ee3ng tim \u0111\u1eadp nhanh, t\u0103ng huy\u1ebft \u00e1p, \u0111\u00e1nh tr\u1ed1ng ng\u1ef1c, n\u1eb7ng ng\u1ef1c, th\u1edf d\u1ed1c, d\u1ec5n\u1ed5i gi\u1eadn, ph\u1ea3n \u1ee9ng n\u00f3ng v\u1ed9i, ch\u00e1n \u0103n, \u0111au \u0111\u1ea7u, \u0111au x\u1ed1c h\u1ea1 s\u01b0\u1eddn ph\u1ea3i, hoa m\u1eaft, m\u1ea5t ng\u1ee7, hay qu\u00ean.<\/p>\n<p class=\"preFade\" style=\"transition-timing-function: ease; transition-duration: 1.5s; transition-delay: 0.233333s;\">&nbsp;<\/p>\n<p class=\"preFade\" style=\"transition-timing-function: ease; transition-duration: 1.5s; transition-delay: 0.244444s;\"><strong><em>Indication: <\/em><\/strong><em>Enhance kidney function, increase semen, boost energy and blood, strengthen ying kidney, mentalstability. Help neutralize stress, improve the phenomenon: tachycardia, hypertension, palpitations, chesttightness, shortness of breath, irritability, hasty reactions, decreased appetite, headache, pain under the right ribcavity, dizziness, insomnia, forgetfulness.<\/em><\/p>","protected":false},"excerpt":{"rendered":"<p>T\u00e1c d\u1ee5ng: B\u1ed5 Th\u1eadn \u00edch tinh, t\u0103ng kh\u00ed sinh huy\u1ebft, d\u01b0\u1ee1ng \u00c2m \u0111\u1ecbnh th\u1ea7n. Gi\u00fap h\u00f3a gi\u1ea3i ch\u1ee9ng c\u0103ng th\u1eb3ngth\u1ea7n kinh, c\u1ea3i thi\u1ec7n c\u00e1c hi\u1ec7n t\u01b0\u1ee3ng tim \u0111\u1eadp nhanh, t\u0103ng huy\u1ebft \u00e1p, \u0111\u00e1nh tr\u1ed1ng ng\u1ef1c, n\u1eb7ng ng\u1ef1c, th\u1edf d\u1ed1c, d\u1ec5n\u1ed5i gi\u1eadn, ph\u1ea3n \u1ee9ng n\u00f3ng v\u1ed9i, ch\u00e1n \u0103n, \u0111au \u0111\u1ea7u, \u0111au x\u1ed1c h\u1ea1 s\u01b0\u1eddn ph\u1ea3i, hoa<\/p>","protected":false},"featured_media":1775,"comment_status":"closed","ping_status":"open","template":"","meta":[],"_links":{"self":[{"href":"https:\/\/the1011.com\/en\/wp-json\/wp\/v2\/product\/1964"}],"collection":[{"href":"https:\/\/the1011.com\/en\/wp-json\/wp\/v2\/product"}],"about":[{"href":"https:\/\/the1011.com\/en\/wp-json\/wp\/v2\/types\/product"}],"replies":[{"embeddable":true,"href":"https:\/\/the1011.com\/en\/wp-json\/wp\/v2\/comments?post=1964"}],"wp:featuredmedia":[{"embeddable":true,"href":"https:\/\/the1011.com\/en\/wp-json\/wp\/v2\/media\/1775"}],"wp:attachment":[{"href":"https:\/\/the1011.com\/en\/wp-json\/wp\/v2\/media?parent=1964"}],"curies":[{"name":"wp","href":"https:\/\/api.w.org\/{rel}","templated":true}]}}