{"id":1963,"date":"2024-08-05T16:28:29","date_gmt":"2024-08-05T09:28:29","guid":{"rendered":"https:\/\/the1011.com\/product\/ct-084-giam-sa-sut-tri-nho-dementia\/"},"modified":"2024-08-05T16:28:31","modified_gmt":"2024-08-05T09:28:31","slug":"ct-084-giam-sa-sut-tri-nho-dementia","status":"publish","type":"product","link":"https:\/\/the1011.com\/en\/product\/ct-084-giam-sa-sut-tri-nho-dementia\/","title":{"rendered":"CT.084 &#8211; GI\u1ea2M (SA S\u00daT) TR\u00cd NH\u1eda (DEMENTIA)"},"content":{"rendered":"<p class=\"preFade\" style=\"transition-timing-function: ease; transition-duration: 1.5s; transition-delay: 0.210526s;\"><strong>T\u00e1c d\u1ee5ng<\/strong>: B\u1ed5 n\u00e3o, c\u1ea3i thi\u1ec7n \u0111\u1ed9ng m\u1ea1ch n\u00e3o, gi\u00fap ph\u1ee5c h\u1ed3i v\u00e0 gia t\u0103ng tr\u00ed nh\u1edb, g\u00f3p ph\u1ea7n l\u00e0m ch\u1eadm ti\u1ebfn tr\u00ecnh g\u00e2y l\u00fa l\u1eabn nh\u01b0 b\u1ec7nh Alzheimer.<\/p>\n<p class=\"preFade\" style=\"transition-timing-function: ease; transition-duration: 1.5s; transition-delay: 0.221053s;\"><strong>Th\u00e0nh ph\u1ea7n:&nbsp;<\/strong>S\u01a1n th\u00f9, U\u1ea5t kim, X\u00edch th\u01b0\u1ee3c, \u0110an s\u00e2m, B\u1ed1i m\u1eabu\u2026<\/p>\n<p class=\"preFade\" style=\"transition-timing-function: ease; transition-duration: 1.5s; transition-delay: 0.231579s;\"><strong>C\u00e1ch d\u00f9ng:&nbsp;<\/strong>Ng\u00e0y u\u1ed1ng 3 l\u1ea7n, m\u1ed7i l\u1ea7n 3-4 vi\u00ean.<\/p>\n<p class=\"preFade\" style=\"transition-timing-function: ease; transition-duration: 1.5s; transition-delay: 0.242105s;\"><strong>Ki\u00eang c\u1eef:&nbsp;<\/strong>R\u01b0\u1ee3u bia, thu\u1ed1c l\u00e1, ma t\u00fay, th\u1ef1c ph\u1ea9m nhi\u1ec1u d\u1ea7u m\u1ee1 nh\u1eb1m ng\u0103n ng\u1eeba ch\u1ea5t b\u00e9o x\u1ea5u g\u00e2y ngh\u1ebdn m\u1ea1ch ho\u1eb7c h\u1eb9p \u0111\u1ed9ng m\u1ea1ch n\u00e3o.<\/p>","protected":false},"excerpt":{"rendered":"<p>T\u00e1c d\u1ee5ng: B\u1ed5 n\u00e3o, c\u1ea3i thi\u1ec7n \u0111\u1ed9ng m\u1ea1ch n\u00e3o, gi\u00fap ph\u1ee5c h\u1ed3i v\u00e0 gia t\u0103ng tr\u00ed nh\u1edb, g\u00f3p ph\u1ea7n l\u00e0m ch\u1eadm ti\u1ebfn tr\u00ecnh g\u00e2y l\u00fa l\u1eabn nh\u01b0 b\u1ec7nh Alzheimer. Th\u00e0nh ph\u1ea7n:&nbsp;S\u01a1n th\u00f9, U\u1ea5t kim, X\u00edch th\u01b0\u1ee3c, \u0110an s\u00e2m, B\u1ed1i m\u1eabu\u2026 C\u00e1ch d\u00f9ng:&nbsp;Ng\u00e0y u\u1ed1ng 3 l\u1ea7n, m\u1ed7i l\u1ea7n 3-4 vi\u00ean. Ki\u00eang c\u1eef:&nbsp;R\u01b0\u1ee3u bia, thu\u1ed1c l\u00e1, ma<\/p>","protected":false},"featured_media":1774,"comment_status":"closed","ping_status":"open","template":"","meta":[],"_links":{"self":[{"href":"https:\/\/the1011.com\/en\/wp-json\/wp\/v2\/product\/1963"}],"collection":[{"href":"https:\/\/the1011.com\/en\/wp-json\/wp\/v2\/product"}],"about":[{"href":"https:\/\/the1011.com\/en\/wp-json\/wp\/v2\/types\/product"}],"replies":[{"embeddable":true,"href":"https:\/\/the1011.com\/en\/wp-json\/wp\/v2\/comments?post=1963"}],"wp:featuredmedia":[{"embeddable":true,"href":"https:\/\/the1011.com\/en\/wp-json\/wp\/v2\/media\/1774"}],"wp:attachment":[{"href":"https:\/\/the1011.com\/en\/wp-json\/wp\/v2\/media?parent=1963"}],"curies":[{"name":"wp","href":"https:\/\/api.w.org\/{rel}","templated":true}]}}