{"id":1962,"date":"2024-08-05T16:28:29","date_gmt":"2024-08-05T09:28:29","guid":{"rendered":"https:\/\/the1011.com\/product\/ct-083-tam-than-phan-liet-loan-tri-schizophrenia\/"},"modified":"2024-08-05T16:28:30","modified_gmt":"2024-08-05T09:28:30","slug":"ct-083-tam-than-phan-liet-loan-tri-schizophrenia","status":"publish","type":"product","link":"https:\/\/the1011.com\/en\/product\/ct-083-tam-than-phan-liet-loan-tri-schizophrenia\/","title":{"rendered":"CT.083 &#8211; T\u00c2M TH\u1ea6N PH\u00c2N LI\u1ec6T \/ LO\u1ea0N TR\u00cd (SCHIZOPHRENIA)"},"content":{"rendered":"<p class=\"preFade\" style=\"transition-timing-function: ease; transition-duration: 1.5s; transition-delay: 0.210526s;\"><strong><em>T\u00e1c d\u1ee5ng<\/em><\/strong>: Th\u01b0 Can gi\u1ea3i u\u1ea5t, thanh nhi\u1ec7t h\u00f3a \u0111\u00e0m, gi\u00fap \u0111\u1ecbnh t\u1ec9nh th\u1ea7n tr\u00ed, gi\u1ea3m c\u01a1n lo\u1ea1n \u0111\u1ed9ng nh\u01b0 la h\u00e9t, m\u1eafng ch\u1eedi ng\u01b0\u1eddi th\u00e2n, kh\u00f3c l\u00f3c, th\u1ea7m n\u00f3i m\u1ed9t m\u00ecnh, c\u1ea3 \u0111\u00eam kh\u00f4ng ng\u1ee7.<\/p>\n<p class=\"preFade\" style=\"transition-timing-function: ease; transition-duration: 1.5s; transition-delay: 0.221053s;\"><strong>Th\u00e0nh ph\u1ea7n:&nbsp;<\/strong>\u0110an s\u00e2m, Ph\u1ee5c th\u1ea7n, B\u1ea1ch th\u01b0\u1ee3c, Th\u1ea1ch x\u01b0\u01a1ng b\u1ed3, Tr\u00fac nh\u1ef1, U\u1ea5t kim\u2026<\/p>\n<p class=\"preFade\" style=\"transition-timing-function: ease; transition-duration: 1.5s; transition-delay: 0.231579s;\"><strong>C\u00e1ch d\u00f9ng:&nbsp;<\/strong>Ng\u00e0y u\u1ed1ng 3 l\u1ea7n, m\u1ed7i l\u1ea7n 3-4 vi\u00ean.<\/p>\n<p class=\"preFade\" style=\"transition-timing-function: ease; transition-duration: 1.5s; transition-delay: 0.242105s;\"><strong>Ki\u00eang c\u1eef:&nbsp;<\/strong>R\u01b0\u1ee3u bia, thu\u1ed1c l\u00e1, coffee, ma t\u00fay, th\u1ee9c \u0103n nhi\u1ec1u d\u1ea7u m\u1ee1, gia v\u1ecb cay n\u00f3ng.<\/p>","protected":false},"excerpt":{"rendered":"<p>T\u00e1c d\u1ee5ng: Th\u01b0 Can gi\u1ea3i u\u1ea5t, thanh nhi\u1ec7t h\u00f3a \u0111\u00e0m, gi\u00fap \u0111\u1ecbnh t\u1ec9nh th\u1ea7n tr\u00ed, gi\u1ea3m c\u01a1n lo\u1ea1n \u0111\u1ed9ng nh\u01b0 la h\u00e9t, m\u1eafng ch\u1eedi ng\u01b0\u1eddi th\u00e2n, kh\u00f3c l\u00f3c, th\u1ea7m n\u00f3i m\u1ed9t m\u00ecnh, c\u1ea3 \u0111\u00eam kh\u00f4ng ng\u1ee7. Th\u00e0nh ph\u1ea7n:&nbsp;\u0110an s\u00e2m, Ph\u1ee5c th\u1ea7n, B\u1ea1ch th\u01b0\u1ee3c, Th\u1ea1ch x\u01b0\u01a1ng b\u1ed3, Tr\u00fac nh\u1ef1, U\u1ea5t kim\u2026 C\u00e1ch d\u00f9ng:&nbsp;Ng\u00e0y u\u1ed1ng 3 l\u1ea7n,<\/p>","protected":false},"featured_media":1773,"comment_status":"closed","ping_status":"open","template":"","meta":[],"_links":{"self":[{"href":"https:\/\/the1011.com\/en\/wp-json\/wp\/v2\/product\/1962"}],"collection":[{"href":"https:\/\/the1011.com\/en\/wp-json\/wp\/v2\/product"}],"about":[{"href":"https:\/\/the1011.com\/en\/wp-json\/wp\/v2\/types\/product"}],"replies":[{"embeddable":true,"href":"https:\/\/the1011.com\/en\/wp-json\/wp\/v2\/comments?post=1962"}],"wp:featuredmedia":[{"embeddable":true,"href":"https:\/\/the1011.com\/en\/wp-json\/wp\/v2\/media\/1773"}],"wp:attachment":[{"href":"https:\/\/the1011.com\/en\/wp-json\/wp\/v2\/media?parent=1962"}],"curies":[{"name":"wp","href":"https:\/\/api.w.org\/{rel}","templated":true}]}}