{"id":1961,"date":"2024-08-05T16:28:29","date_gmt":"2024-08-05T09:28:29","guid":{"rendered":"https:\/\/the1011.com\/product\/ct-082-dong-kinh-kinh-phong-epilepsy\/"},"modified":"2024-08-05T16:28:30","modified_gmt":"2024-08-05T09:28:30","slug":"ct-082-dong-kinh-kinh-phong-epilepsy","status":"publish","type":"product","link":"https:\/\/the1011.com\/en\/product\/ct-082-dong-kinh-kinh-phong-epilepsy\/","title":{"rendered":"CT.082 &#8211; \u0110\u1ed8NG KINH \/ KINH PHONG (EPILEPSY)"},"content":{"rendered":"<p class=\"preFade\" style=\"transition-timing-function: ease; transition-duration: 1.5s; transition-delay: 0.235294s;\"><strong>T\u00e1c d\u1ee5ng:<\/strong> Tr\u1ea5n kinh, an th\u1ea7n, \u0111\u1ecbnh tr\u00ed. C\u1ea3i thi\u1ec7n t\u00ecnh tr\u1ea1ng \u0111\u1ed9t nhi\u00ean co gi\u1eadt tay ch\u00e2n, t\u00e9 ng\u00e3, m\u1eaft tr\u1ee3n&nbsp;tr\u1eebng, s\u00f9i b\u1ecdt m\u00e9p, b\u1ea5t t\u1ec9nh kh\u00e1 l\u00e2u m\u1edbi t\u1ec9nh l\u1ea1i, th\u1ea7n tr\u00ed u m\u00ea, v\u00e1ng \u0111\u1ea7u.<\/p>\n<p class=\"preFade\" style=\"transition-timing-function: ease; transition-duration: 1.5s; transition-delay: 0.247059s;\"><em><strong>Indication:<\/strong> Help relax nervous, sedation, mental balance. Improve suddenly twitching limbs, fall, eyes rolled&nbsp;up, foaming, unconscious eased quite long, dark spirit, dizziness.<\/em><\/p>","protected":false},"excerpt":{"rendered":"<p>T\u00e1c d\u1ee5ng: Tr\u1ea5n kinh, an th\u1ea7n, \u0111\u1ecbnh tr\u00ed. C\u1ea3i thi\u1ec7n t\u00ecnh tr\u1ea1ng \u0111\u1ed9t nhi\u00ean co gi\u1eadt tay ch\u00e2n, t\u00e9 ng\u00e3, m\u1eaft tr\u1ee3n&nbsp;tr\u1eebng, s\u00f9i b\u1ecdt m\u00e9p, b\u1ea5t t\u1ec9nh kh\u00e1 l\u00e2u m\u1edbi t\u1ec9nh l\u1ea1i, th\u1ea7n tr\u00ed u m\u00ea, v\u00e1ng \u0111\u1ea7u. Indication: Help relax nervous, sedation, mental balance. Improve suddenly twitching limbs, fall, eyes rolled&nbsp;up, foaming, unconscious eased<\/p>","protected":false},"featured_media":1772,"comment_status":"closed","ping_status":"open","template":"","meta":[],"_links":{"self":[{"href":"https:\/\/the1011.com\/en\/wp-json\/wp\/v2\/product\/1961"}],"collection":[{"href":"https:\/\/the1011.com\/en\/wp-json\/wp\/v2\/product"}],"about":[{"href":"https:\/\/the1011.com\/en\/wp-json\/wp\/v2\/types\/product"}],"replies":[{"embeddable":true,"href":"https:\/\/the1011.com\/en\/wp-json\/wp\/v2\/comments?post=1961"}],"wp:featuredmedia":[{"embeddable":true,"href":"https:\/\/the1011.com\/en\/wp-json\/wp\/v2\/media\/1772"}],"wp:attachment":[{"href":"https:\/\/the1011.com\/en\/wp-json\/wp\/v2\/media?parent=1961"}],"curies":[{"name":"wp","href":"https:\/\/api.w.org\/{rel}","templated":true}]}}