{"id":1960,"date":"2024-08-05T16:28:29","date_gmt":"2024-08-05T09:28:29","guid":{"rendered":"https:\/\/the1011.com\/product\/ct-081-mat-ngu-insomnia\/"},"modified":"2024-08-05T16:28:30","modified_gmt":"2024-08-05T09:28:30","slug":"ct-081-mat-ngu-insomnia","status":"publish","type":"product","link":"https:\/\/the1011.com\/en\/product\/ct-081-mat-ngu-insomnia\/","title":{"rendered":"CT.081 &#8211; M\u1ea4T NG\u1ee6 (INSOMNIA)"},"content":{"rendered":"<p class=\"preFade\" style=\"transition-timing-function: ease; transition-duration: 1.5s; transition-delay: 0.235294s;\"><strong>T\u00e1c d\u1ee5ng: <\/strong>C\u1ea3i thi\u1ec7n th\u1ea7n kinh n\u00e3o b\u1ed9, gi\u00fap c\u00e1c s\u00f3ng n\u00e3o ch\u1eadm d\u1ea7n v\u00e0 s\u00e2u d\u1ea7n, ki\u1ebfn t\u1ea1o&nbsp;gi\u1ea5c ng\u1ee7 ngon, s\u00e2u, th\u1eb3ng gi\u1ea5c, \u00edt n\u1eb1m m\u01a1, th\u1ee9c d\u1eady th\u1ea5y kh\u1ecfe, s\u1ea3ng kho\u00e1i.<\/p>\n<p class=\"preFade\" style=\"transition-timing-function: ease; transition-duration: 1.5s; transition-delay: 0.247059s;\"><em><strong>Indication:<\/strong> Improving neurons, help the brain waves slow down and deeper, creating deep&nbsp;and long sleep time, less dreaming, wake up feeling well , refreshing spirit.<\/em><\/p>","protected":false},"excerpt":{"rendered":"<p>T\u00e1c d\u1ee5ng: C\u1ea3i thi\u1ec7n th\u1ea7n kinh n\u00e3o b\u1ed9, gi\u00fap c\u00e1c s\u00f3ng n\u00e3o ch\u1eadm d\u1ea7n v\u00e0 s\u00e2u d\u1ea7n, ki\u1ebfn t\u1ea1o&nbsp;gi\u1ea5c ng\u1ee7 ngon, s\u00e2u, th\u1eb3ng gi\u1ea5c, \u00edt n\u1eb1m m\u01a1, th\u1ee9c d\u1eady th\u1ea5y kh\u1ecfe, s\u1ea3ng kho\u00e1i. Indication: Improving neurons, help the brain waves slow down and deeper, creating deep&nbsp;and long sleep time, less dreaming, wake up feeling well<\/p>","protected":false},"featured_media":1822,"comment_status":"closed","ping_status":"open","template":"","meta":[],"_links":{"self":[{"href":"https:\/\/the1011.com\/en\/wp-json\/wp\/v2\/product\/1960"}],"collection":[{"href":"https:\/\/the1011.com\/en\/wp-json\/wp\/v2\/product"}],"about":[{"href":"https:\/\/the1011.com\/en\/wp-json\/wp\/v2\/types\/product"}],"replies":[{"embeddable":true,"href":"https:\/\/the1011.com\/en\/wp-json\/wp\/v2\/comments?post=1960"}],"wp:featuredmedia":[{"embeddable":true,"href":"https:\/\/the1011.com\/en\/wp-json\/wp\/v2\/media\/1822"}],"wp:attachment":[{"href":"https:\/\/the1011.com\/en\/wp-json\/wp\/v2\/media?parent=1960"}],"curies":[{"name":"wp","href":"https:\/\/api.w.org\/{rel}","templated":true}]}}