{"id":1959,"date":"2024-08-05T16:28:29","date_gmt":"2024-08-05T09:28:29","guid":{"rendered":"https:\/\/the1011.com\/product\/ct-080-chong-mat-roi-loan-tien-dinh-vestibular-disorders\/"},"modified":"2024-08-05T16:28:30","modified_gmt":"2024-08-05T09:28:30","slug":"ct-080-chong-mat-roi-loan-tien-dinh-vestibular-disorders","status":"publish","type":"product","link":"https:\/\/the1011.com\/en\/product\/ct-080-chong-mat-roi-loan-tien-dinh-vestibular-disorders\/","title":{"rendered":"CT.080 &#8211; CH\u00d3NG M\u1eb6T-R\u1ed0I LO\u1ea0N TI\u1ec0N \u0110\u00ccNH (VESTIBULAR DISORDERS)"},"content":{"rendered":"<p class=\"preFade\" style=\"transition-timing-function: ease; transition-duration: 1.5s; transition-delay: 0.235294s;\"><strong>T\u00e1c d\u1ee5ng:<\/strong>&nbsp;B\u1ed5 n\u00e3o, gi\u00fap c\u00e2n b\u1eb1ng d\u00e2y th\u1ea7n kinh ti\u1ec1n \u0111\u00ecnh \u1ed1c tai, c\u1ea3i thi\u1ec7n ch\u1ee9ng ch\u00f3ng m\u1eb7t quay cu\u1ed3ng,&nbsp;l\u00e3o \u0111\u00e3o, bu\u1ed3n n\u00f4n, m\u1ec7t tim, m\u1ea5t n\u0103ng l\u1ef1c lao \u0111\u1ed9ng. Th\u00fac \u0111\u1ea9y ph\u1ee5c h\u1ed3i s\u1ee9c kh\u1ecfe.<\/p>\n<p class=\"preFade\" style=\"transition-timing-function: ease; transition-duration: 1.5s; transition-delay: 0.247059s;\"><strong>Th\u00e0nh ph\u1ea7n:&nbsp;<\/strong>Ho\u00e0ng c\u1ea7m, C\u00e2u \u0111\u1eb1ng, Huy\u1ec1n s\u00e2m, C\u00fac hoa, B\u1ea1ch th\u01b0\u1ee3c, Th\u1ea3o quy\u1ebft minh\u2026<br \/><strong>C\u00e1ch d\u00f9ng:<\/strong>&nbsp;Ng\u00e0y u\u1ed1ng 3 l\u1ea7n, m\u1ed7i l\u1ea7n 3-4 vi\u00ean.<br \/><strong>Ki\u00eang c\u1eef:<\/strong>&nbsp;R\u01b0\u1ee3u bia, thu\u1ed1c l\u00e1, ma t\u00fay, th\u1ee9c khuya, l\u00e0m vi\u1ec7c qu\u00e1 s\u1ee9c, c\u0103ng th\u1eb3ng tinh th\u1ea7n, d\u1ec5 t\u1ee9c gi\u1eadn. C\u1ea7n ng\u1ee7 \u0111\u1ee7 gi\u1ea5c, t\u1eadp t\u0129nh&nbsp;t\u00e2m, thi\u1ec1n qu\u00e1n, th\u01b0 gi\u00e3n, s\u1ed1ng l\u1ea1c quan\u2026<\/p>","protected":false},"excerpt":{"rendered":"<p>T\u00e1c d\u1ee5ng:&nbsp;B\u1ed5 n\u00e3o, gi\u00fap c\u00e2n b\u1eb1ng d\u00e2y th\u1ea7n kinh ti\u1ec1n \u0111\u00ecnh \u1ed1c tai, c\u1ea3i thi\u1ec7n ch\u1ee9ng ch\u00f3ng m\u1eb7t quay cu\u1ed3ng,&nbsp;l\u00e3o \u0111\u00e3o, bu\u1ed3n n\u00f4n, m\u1ec7t tim, m\u1ea5t n\u0103ng l\u1ef1c lao \u0111\u1ed9ng. Th\u00fac \u0111\u1ea9y ph\u1ee5c h\u1ed3i s\u1ee9c kh\u1ecfe. Th\u00e0nh ph\u1ea7n:&nbsp;Ho\u00e0ng c\u1ea7m, C\u00e2u \u0111\u1eb1ng, Huy\u1ec1n s\u00e2m, C\u00fac hoa, B\u1ea1ch th\u01b0\u1ee3c, Th\u1ea3o quy\u1ebft minh\u2026C\u00e1ch d\u00f9ng:&nbsp;Ng\u00e0y u\u1ed1ng 3 l\u1ea7n, m\u1ed7i<\/p>","protected":false},"featured_media":1821,"comment_status":"closed","ping_status":"open","template":"","meta":[],"_links":{"self":[{"href":"https:\/\/the1011.com\/en\/wp-json\/wp\/v2\/product\/1959"}],"collection":[{"href":"https:\/\/the1011.com\/en\/wp-json\/wp\/v2\/product"}],"about":[{"href":"https:\/\/the1011.com\/en\/wp-json\/wp\/v2\/types\/product"}],"replies":[{"embeddable":true,"href":"https:\/\/the1011.com\/en\/wp-json\/wp\/v2\/comments?post=1959"}],"wp:featuredmedia":[{"embeddable":true,"href":"https:\/\/the1011.com\/en\/wp-json\/wp\/v2\/media\/1821"}],"wp:attachment":[{"href":"https:\/\/the1011.com\/en\/wp-json\/wp\/v2\/media?parent=1959"}],"curies":[{"name":"wp","href":"https:\/\/api.w.org\/{rel}","templated":true}]}}