{"id":1958,"date":"2024-08-05T16:28:29","date_gmt":"2024-08-05T09:28:29","guid":{"rendered":"https:\/\/the1011.com\/product\/ct-079-viem-than-kinh-mat-faciocephalalgia-facial-palsy-spasm\/"},"modified":"2024-08-05T16:28:30","modified_gmt":"2024-08-05T09:28:30","slug":"ct-079-viem-than-kinh-mat-faciocephalalgia-facial-palsy-spasm","status":"publish","type":"product","link":"https:\/\/the1011.com\/en\/product\/ct-079-viem-than-kinh-mat-faciocephalalgia-facial-palsy-spasm\/","title":{"rendered":"CT.079 &#8211; VI\u00caM TH\u1ea6N KINH M\u1eb6T (FACIOCEPHALALGIA, FACIAL PALSY\/SPASM)"},"content":{"rendered":"<p class=\"preFade\" style=\"transition-timing-function: ease; transition-duration: 1.5s; transition-delay: 0.235294s;\"><strong>T\u00e1c d\u1ee5ng:&nbsp;<\/strong>C\u1ea3i thi\u1ec7n, ph\u1ee5c h\u1ed3i ch\u1ee9c n\u0103ng d\u00e2y th\u1ea7n kinh s\u1ed1 3 v\u00e0 7. Gi\u00fap h\u00f3a gi\u1ea3i c\u00e1c tri\u1ec7u&nbsp;ch\u1ee9ng \u0111au v\u00f9ng m\u1eb7t, co gi\u1eadt c\u01a1 m\u1eb7t, k\u00e9o x\u1ebfch m\u1eaft, x\u1ebfch mi\u1ec7ng v\u1ec1 m\u1ed9t b\u00ean khi\u1ebfn kh\u00f3 nh\u00edu&nbsp;m\u00e0y, nh\u1eafm m\u1eaft, n\u1ee5 c\u01b0\u1eddi bi\u1ebfn d\u1ea1ng, thay \u0111\u1ed5i gi\u1ecdng n\u00f3i\u2026<\/p>\n<p class=\"preFade\" style=\"transition-timing-function: ease; transition-duration: 1.5s; transition-delay: 0.247059s;\"><strong>Th\u00e0nh ph\u1ea7n:<\/strong>&nbsp;Thi\u00ean ma, C\u00e2u \u0111\u1eb1ng, B\u1ea1ch th\u01b0\u1ee3c, C\u00e1t c\u0103n, Xuy\u00ean khung, B\u1ea1ch c\u01b0\u01a1ng t\u1eb1m\u2026<br \/><strong>C\u00e1ch d\u00f9ng:<\/strong>&nbsp;Ng\u00e0y u\u1ed1ng 3 l\u1ea7n, m\u1ed7i l\u1ea7n 3-4 vi\u00ean.<br \/><strong>Ki\u00eang c\u1eef:&nbsp;<\/strong>L\u00e0m vi\u1ec7c qu\u00e1 s\u1ee9c, th\u1ee9c khuya, t\u1eafm n\u01b0\u1edbc l\u1ea1nh, c\u0103ng th\u1eb3ng th\u1ea7n kinh. N\u00ean th\u01b0\u1eddng xuy\u00ean xoa b\u00f3p, v\u1ed7 nh\u1eb9 ho\u1eb7c ch\u01b0\u1eddm&nbsp;\u1ea5m c\u01a1 m\u1eb7t.<\/p>","protected":false},"excerpt":{"rendered":"<p>T\u00e1c d\u1ee5ng:&nbsp;C\u1ea3i thi\u1ec7n, ph\u1ee5c h\u1ed3i ch\u1ee9c n\u0103ng d\u00e2y th\u1ea7n kinh s\u1ed1 3 v\u00e0 7. Gi\u00fap h\u00f3a gi\u1ea3i c\u00e1c tri\u1ec7u&nbsp;ch\u1ee9ng \u0111au v\u00f9ng m\u1eb7t, co gi\u1eadt c\u01a1 m\u1eb7t, k\u00e9o x\u1ebfch m\u1eaft, x\u1ebfch mi\u1ec7ng v\u1ec1 m\u1ed9t b\u00ean khi\u1ebfn kh\u00f3 nh\u00edu&nbsp;m\u00e0y, nh\u1eafm m\u1eaft, n\u1ee5 c\u01b0\u1eddi bi\u1ebfn d\u1ea1ng, thay \u0111\u1ed5i gi\u1ecdng n\u00f3i\u2026 Th\u00e0nh ph\u1ea7n:&nbsp;Thi\u00ean ma, C\u00e2u \u0111\u1eb1ng, B\u1ea1ch th\u01b0\u1ee3c, C\u00e1t<\/p>","protected":false},"featured_media":1820,"comment_status":"closed","ping_status":"open","template":"","meta":[],"_links":{"self":[{"href":"https:\/\/the1011.com\/en\/wp-json\/wp\/v2\/product\/1958"}],"collection":[{"href":"https:\/\/the1011.com\/en\/wp-json\/wp\/v2\/product"}],"about":[{"href":"https:\/\/the1011.com\/en\/wp-json\/wp\/v2\/types\/product"}],"replies":[{"embeddable":true,"href":"https:\/\/the1011.com\/en\/wp-json\/wp\/v2\/comments?post=1958"}],"wp:featuredmedia":[{"embeddable":true,"href":"https:\/\/the1011.com\/en\/wp-json\/wp\/v2\/media\/1820"}],"wp:attachment":[{"href":"https:\/\/the1011.com\/en\/wp-json\/wp\/v2\/media?parent=1958"}],"curies":[{"name":"wp","href":"https:\/\/api.w.org\/{rel}","templated":true}]}}