{"id":1957,"date":"2024-08-05T16:28:29","date_gmt":"2024-08-05T09:28:29","guid":{"rendered":"https:\/\/the1011.com\/product\/ct-116-beo-map-phi-obesity\/"},"modified":"2024-08-05T16:28:30","modified_gmt":"2024-08-05T09:28:30","slug":"ct-116-beo-map-phi-obesity","status":"publish","type":"product","link":"https:\/\/the1011.com\/en\/product\/ct-116-beo-map-phi-obesity\/","title":{"rendered":"CT.116 &#8211; B\u00c9O (M\u1eacP) PH\u00cc (OBESITY)"},"content":{"rendered":"<p class=\"preFade\" style=\"transition-timing-function: ease; transition-duration: 1.5s; transition-delay: 0.235294s;\"><strong>T\u00e1c d\u1ee5ng:<\/strong><span>&nbsp;<\/span>C\u1ea3i thi\u1ec7n t\u00ecnh tr\u1ea1ng qu\u00e1 nhi\u1ec1u m\u1ee1 d\u01b0 th\u1eeba, tr\u1ecdng l\u01b0\u1ee3ng n\u1eb7ng h\u01a1n 20% so v\u1edbi chi\u1ec1u cao c\u01a1 th\u1ec3. Gi\u00fap \u0103n \u00edt \u0111i \u0111\u1ec3 gi\u1ea3m c\u00e2n t\u1eeb t\u1eeb, kh\u00f4ng g\u00e2y ti\u00eau ch\u1ea3y, \u0111au b\u1ee5ng, an to\u00e0n s\u1ee9c kh\u1ecfe.<\/p>\n<p class=\"preFade\" style=\"transition-timing-function: ease; transition-duration: 1.5s; transition-delay: 0.247059s;\"><strong>Th\u00e0nh ph\u1ea7n:<\/strong><span>&nbsp;<\/span>Th\u1ea3o quy\u1ebft minh, Ph\u1ee5c linh, Th\u01b0\u01a1ng tru\u1eadt, Tr\u1ea1ch t\u1ea3, S\u01a1n tra\u2026<br \/><strong>C\u00e1ch d\u00f9ng:<\/strong><span>&nbsp;<\/span>Ng\u00e0y u\u1ed1ng 3 l\u1ea7n, m\u1ed7i l\u1ea7n 3-4 vi\u00ean.<br \/><strong>Ki\u00eang c\u1eef:<\/strong><span>&nbsp;<\/span>Ng\u01b0ng \u0103n u\u1ed1ng t\u1ef1 do. N\u00ean \u0103n \u0111\u1ee7 3 b\u1eefa\/ng\u00e0y, tr\u00e1nh \u0103n v\u1eb7t. Th\u01b0\u1eddng xuy\u00ean t\u1eadp th\u1ec3 d\u1ee5c \u0111\u1ed3ng th\u1eddi ch\u1ecdn th\u1ef1c ph\u1ea9m \u00edt<br \/>t\u1ea1o n\u0103ng l\u01b0\u1ee3ng (d\u01b0\u1edbi 800-1,000\/kilo calo\/ng\u00e0y). Ph\u1ea3i ki\u00ean nh\u1eabn, ti\u1ebfp t\u1ee5c th\u1ef1c h\u00e0nh, ch\u1eafc ch\u1eafn th\u00e0nh c\u00f4ng.<\/p>","protected":false},"excerpt":{"rendered":"<p>T\u00e1c d\u1ee5ng:&nbsp;C\u1ea3i thi\u1ec7n t\u00ecnh tr\u1ea1ng qu\u00e1 nhi\u1ec1u m\u1ee1 d\u01b0 th\u1eeba, tr\u1ecdng l\u01b0\u1ee3ng n\u1eb7ng h\u01a1n 20% so v\u1edbi chi\u1ec1u cao c\u01a1 th\u1ec3. Gi\u00fap \u0103n \u00edt \u0111i \u0111\u1ec3 gi\u1ea3m c\u00e2n t\u1eeb t\u1eeb, kh\u00f4ng g\u00e2y ti\u00eau ch\u1ea3y, \u0111au b\u1ee5ng, an to\u00e0n s\u1ee9c kh\u1ecfe. Th\u00e0nh ph\u1ea7n:&nbsp;Th\u1ea3o quy\u1ebft minh, Ph\u1ee5c linh, Th\u01b0\u01a1ng tru\u1eadt, Tr\u1ea1ch t\u1ea3, S\u01a1n tra\u2026C\u00e1ch d\u00f9ng:&nbsp;Ng\u00e0y u\u1ed1ng 3<\/p>","protected":false},"featured_media":1837,"comment_status":"closed","ping_status":"open","template":"","meta":[],"_links":{"self":[{"href":"https:\/\/the1011.com\/en\/wp-json\/wp\/v2\/product\/1957"}],"collection":[{"href":"https:\/\/the1011.com\/en\/wp-json\/wp\/v2\/product"}],"about":[{"href":"https:\/\/the1011.com\/en\/wp-json\/wp\/v2\/types\/product"}],"replies":[{"embeddable":true,"href":"https:\/\/the1011.com\/en\/wp-json\/wp\/v2\/comments?post=1957"}],"wp:featuredmedia":[{"embeddable":true,"href":"https:\/\/the1011.com\/en\/wp-json\/wp\/v2\/media\/1837"}],"wp:attachment":[{"href":"https:\/\/the1011.com\/en\/wp-json\/wp\/v2\/media?parent=1957"}],"curies":[{"name":"wp","href":"https:\/\/api.w.org\/{rel}","templated":true}]}}