{"id":1956,"date":"2024-08-05T16:28:29","date_gmt":"2024-08-05T09:28:29","guid":{"rendered":"https:\/\/the1011.com\/product\/ct-039-tinh-chat-nghe-nghe-mat-ong-curcuma-powder-curcuma-honey\/"},"modified":"2024-08-05T16:28:29","modified_gmt":"2024-08-05T09:28:29","slug":"ct-039-tinh-chat-nghe-nghe-mat-ong-curcuma-powder-curcuma-honey","status":"publish","type":"product","link":"https:\/\/the1011.com\/en\/product\/ct-039-tinh-chat-nghe-nghe-mat-ong-curcuma-powder-curcuma-honey\/","title":{"rendered":"CT.039 &#8211; TINH CH\u1ea4T NGH\u1ec6 &#8211; NGH\u1ec6 M\u1eacT ONG (CURCUMA POWDER &#8211; CURCUMA HONEY)"},"content":{"rendered":"<p class=\"preFade\" style=\"transition-timing-function: ease; transition-duration: 1.5s; transition-delay: 0.235294s;\"><strong>T\u00e1c d\u1ee5ng:<\/strong>&nbsp;T\u0103ng l\u1ef1c, m\u1ea1nh gan, t\u0103ng ti\u1ebft m\u1eadt, kh\u00e1ng vi\u00eam, ti\u00eau th\u1ef1c. C\u1ea3i thi\u1ec7n ch\u1ee9ng vi\u00eam lo\u00e9t d\u1ea1&nbsp;d\u00e0y, \u0103n u\u1ed1ng kh\u00f4ng ti\u00eau, ng\u1ef1c b\u1ee5ng \u0111au x\u1ed1c, ho, th\u1ed5 huy\u1ebft, ch\u1ea3y m\u00e1u cam, k\u00edch th\u00edch s\u1ef1 th\u00e8m \u0103n,&nbsp;gi\u1ea3m cholesterol huy\u1ebft, l\u00e0m l\u00e0nh v\u1ebft th\u01b0\u01a1ng, ph\u1ee5 n\u1eef kinh nguy\u1ec7t kh\u00f4ng \u0111\u1ec1u, h\u00e0nh kinh \u0111au b\u1ee5ng.<\/p>\n<p class=\"preFade\" style=\"transition-timing-function: ease; transition-duration: 1.5s; transition-delay: 0.247059s;\"><strong>Th\u00e0nh ph\u1ea7n:<\/strong>&nbsp;Kh\u01b0\u01a1ng ho\u00e0ng, Nga tru\u1eadt.<br \/><strong>C\u00e1ch d\u00f9ng:&nbsp;<\/strong>Ng\u00e0y u\u1ed1ng 2-3 l\u1ea7n, m\u1ed7i l\u1ea7n 3-4 ho\u00e0n sau b\u1eefa \u0103n.<br \/><strong>Ki\u00eang c\u1eef:<\/strong>&nbsp;Th\u1ef1c ph\u1ea9m kh\u00f3 ti\u00eau h\u00f3a, th\u1ee9c \u0103n n\u01b0\u1edbc u\u1ed1ng c\u00f3 v\u1ecb chua, c\u0103ng th\u1eb3ng tinh th\u1ea7n.<\/p>","protected":false},"excerpt":{"rendered":"<p>T\u00e1c d\u1ee5ng:&nbsp;T\u0103ng l\u1ef1c, m\u1ea1nh gan, t\u0103ng ti\u1ebft m\u1eadt, kh\u00e1ng vi\u00eam, ti\u00eau th\u1ef1c. C\u1ea3i thi\u1ec7n ch\u1ee9ng vi\u00eam lo\u00e9t d\u1ea1&nbsp;d\u00e0y, \u0103n u\u1ed1ng kh\u00f4ng ti\u00eau, ng\u1ef1c b\u1ee5ng \u0111au x\u1ed1c, ho, th\u1ed5 huy\u1ebft, ch\u1ea3y m\u00e1u cam, k\u00edch th\u00edch s\u1ef1 th\u00e8m \u0103n,&nbsp;gi\u1ea3m cholesterol huy\u1ebft, l\u00e0m l\u00e0nh v\u1ebft th\u01b0\u01a1ng, ph\u1ee5 n\u1eef kinh nguy\u1ec7t kh\u00f4ng \u0111\u1ec1u, h\u00e0nh kinh \u0111au b\u1ee5ng. Th\u00e0nh ph\u1ea7n:&nbsp;Kh\u01b0\u01a1ng<\/p>","protected":false},"featured_media":1766,"comment_status":"closed","ping_status":"open","template":"","meta":[],"_links":{"self":[{"href":"https:\/\/the1011.com\/en\/wp-json\/wp\/v2\/product\/1956"}],"collection":[{"href":"https:\/\/the1011.com\/en\/wp-json\/wp\/v2\/product"}],"about":[{"href":"https:\/\/the1011.com\/en\/wp-json\/wp\/v2\/types\/product"}],"replies":[{"embeddable":true,"href":"https:\/\/the1011.com\/en\/wp-json\/wp\/v2\/comments?post=1956"}],"wp:featuredmedia":[{"embeddable":true,"href":"https:\/\/the1011.com\/en\/wp-json\/wp\/v2\/media\/1766"}],"wp:attachment":[{"href":"https:\/\/the1011.com\/en\/wp-json\/wp\/v2\/media?parent=1956"}],"curies":[{"name":"wp","href":"https:\/\/api.w.org\/{rel}","templated":true}]}}