{"id":1955,"date":"2024-08-05T16:28:29","date_gmt":"2024-08-05T09:28:29","guid":{"rendered":"https:\/\/the1011.com\/product\/ct-038-tho-ta-oi-mua-kiet-ly-tieu-chay-cap-tinhcholera-dysentery-acute-diarrhea\/"},"modified":"2024-08-05T16:28:29","modified_gmt":"2024-08-05T09:28:29","slug":"ct-038-tho-ta-oi-mua-kiet-ly-tieu-chay-cap-tinhcholera-dysentery-acute-diarrhea","status":"publish","type":"product","link":"https:\/\/the1011.com\/en\/product\/ct-038-tho-ta-oi-mua-kiet-ly-tieu-chay-cap-tinhcholera-dysentery-acute-diarrhea\/","title":{"rendered":"CT.038 &#8211; TH\u1ed4 T\u1ea2 (\u00d3I M\u1eecA), KI\u1ebeT L\u1ef4, TI\u00caU CH\u1ea2Y C\u1ea4P T\u00cdNH(CHOLERA, DYSENTERY, ACUTE DIARRHEA)"},"content":{"rendered":"<p class=\"preFade\" style=\"transition-timing-function: ease; transition-duration: 1.5s; transition-delay: 0.235294s;\"><strong>T\u00e1c d\u1ee5ng:<\/strong>&nbsp;C\u1ea7m \u00f3i m\u1eeda v\u00e0 ti\u00eau ch\u1ea3y kh\u00f4ng ng\u1eebng, \u0111au qu\u1eb7n b\u1ee5ng, m\u00f3t r\u1eb7n, ph\u00e2n b\u1ecdt do ng\u1ed9 \u0111\u1ed9c th\u1ef1c&nbsp;ph\u1ea9m. C\u1ea3i thi\u1ec7n v\u00e0 ph\u1ee5c h\u1ed3i ch\u1ee9c n\u0103ng ti\u00eau h\u00f3a.<\/p>\n<p class=\"preFade\" style=\"transition-timing-function: ease; transition-duration: 1.5s; transition-delay: 0.247059s;\"><strong>Th\u00e0nh ph\u1ea7n:<\/strong>&nbsp;Ho\u1eafc h\u01b0\u01a1ng, Th\u01b0\u01a1ng tru\u1eadt, \u0110\u1ea1i ph\u00fac b\u00ec, B\u1ea1ch Ph\u1ee5c linh, Ch\u1ebf H\u1eadu ph\u00e1c, T\u00f4 di\u1ec7p, Tr\u1ea7n b\u00ec, Ho\u00e0ng li\u00ean\u2026<br \/><strong>C\u00e1ch d\u00f9ng:<\/strong>&nbsp;Ng\u00e0y u\u1ed1ng 3-4 l\u1ea7n, m\u1ed7i l\u1ea7n 3-4 vi\u00ean v\u1edbi n\u01b0\u1edbc \u1ea5m pha g\u1eebng t\u01b0\u01a1i.<br \/><strong>Ki\u00eang c\u1eef:<\/strong>&nbsp;Th\u1ef1c ph\u1ea9m kh\u00f3 ti\u00eau h\u00f3a, \u0111\u1ed3 \u0103n chi\u00ean x\u00e0o nhi\u1ec1u d\u1ea7u m\u1ee1. N\u00ean u\u1ed1ng \u0111\u1ee7 n\u01b0\u1edbc (n\u01b0\u1edbc l\u1ecdc pha mu\u1ed1i nh\u1ea1t, n\u01b0\u1edbc h\u1ea7m c\u00e0 r\u1ed1t,&nbsp;n\u01b0\u1edbc d\u1eeba t\u01b0\u01a1i) theo ph\u01b0\u01a1ng ch\u00e2m \u201cc\u00e0ng ti\u00eau ch\u1ea3y m\u1ea5t n\u01b0\u1edbc c\u00e0ng u\u1ed1ng b\u00f9 nhi\u1ec1u n\u01b0\u1edbc\u201d.<\/p>","protected":false},"excerpt":{"rendered":"<p>T\u00e1c d\u1ee5ng:&nbsp;C\u1ea7m \u00f3i m\u1eeda v\u00e0 ti\u00eau ch\u1ea3y kh\u00f4ng ng\u1eebng, \u0111au qu\u1eb7n b\u1ee5ng, m\u00f3t r\u1eb7n, ph\u00e2n b\u1ecdt do ng\u1ed9 \u0111\u1ed9c th\u1ef1c&nbsp;ph\u1ea9m. C\u1ea3i thi\u1ec7n v\u00e0 ph\u1ee5c h\u1ed3i ch\u1ee9c n\u0103ng ti\u00eau h\u00f3a. Th\u00e0nh ph\u1ea7n:&nbsp;Ho\u1eafc h\u01b0\u01a1ng, Th\u01b0\u01a1ng tru\u1eadt, \u0110\u1ea1i ph\u00fac b\u00ec, B\u1ea1ch Ph\u1ee5c linh, Ch\u1ebf H\u1eadu ph\u00e1c, T\u00f4 di\u1ec7p, Tr\u1ea7n b\u00ec, Ho\u00e0ng li\u00ean\u2026C\u00e1ch d\u00f9ng:&nbsp;Ng\u00e0y u\u1ed1ng 3-4 l\u1ea7n, m\u1ed7i l\u1ea7n<\/p>","protected":false},"featured_media":1794,"comment_status":"closed","ping_status":"open","template":"","meta":[],"_links":{"self":[{"href":"https:\/\/the1011.com\/en\/wp-json\/wp\/v2\/product\/1955"}],"collection":[{"href":"https:\/\/the1011.com\/en\/wp-json\/wp\/v2\/product"}],"about":[{"href":"https:\/\/the1011.com\/en\/wp-json\/wp\/v2\/types\/product"}],"replies":[{"embeddable":true,"href":"https:\/\/the1011.com\/en\/wp-json\/wp\/v2\/comments?post=1955"}],"wp:featuredmedia":[{"embeddable":true,"href":"https:\/\/the1011.com\/en\/wp-json\/wp\/v2\/media\/1794"}],"wp:attachment":[{"href":"https:\/\/the1011.com\/en\/wp-json\/wp\/v2\/media?parent=1955"}],"curies":[{"name":"wp","href":"https:\/\/api.w.org\/{rel}","templated":true}]}}