{"id":1954,"date":"2024-08-05T16:28:29","date_gmt":"2024-08-05T09:28:29","guid":{"rendered":"https:\/\/the1011.com\/product\/ct-037-sa-ruot-sa-truc-trang-rectal-prolapse\/"},"modified":"2024-08-05T16:28:29","modified_gmt":"2024-08-05T09:28:29","slug":"ct-037-sa-ruot-sa-truc-trang-rectal-prolapse","status":"publish","type":"product","link":"https:\/\/the1011.com\/en\/product\/ct-037-sa-ruot-sa-truc-trang-rectal-prolapse\/","title":{"rendered":"CT.037 \u2013 SA RU\u1ed8T \u2013 SA TR\u1ef0C TR\u00c0NG (RECTAL PROLAPSE)"},"content":{"rendered":"<p class=\"preFade\" style=\"white-space: pre-wrap; transition-timing-function: ease; transition-duration: 1.5s; transition-delay: 0.193846s;\"><strong>T\u00e1c d\u1ee5ng:&nbsp;<\/strong>B\u1ed5 kh\u00ed t\u0103ng l\u1ef1c ni\u00eam m\u1ea1c tr\u1ef1c tr\u00e0ng, m\u00f4 \u0111\u1ee1 v\u00f9ng \u0111\u00e1y ch\u1eadu gi\u00fap c\u01a1 ru\u1ed9t, c\u01a1 tr\u1ef1c&nbsp;tr\u00e0ng co l\u1ea1i v\u00e0 r\u00fat l\u00ean v\u1ecb tr\u00ed c\u0169.<\/p>\n<p class=\"preFade\" style=\"white-space: pre-wrap; transition-timing-function: ease; transition-duration: 1.5s; transition-delay: 0.203077s;\"><strong>Th\u00e0nh ph\u1ea7n:<\/strong>&nbsp;Nh\u00e2n s\u00e2m, Ho\u00e0ng k\u1ef3, B\u1ea1ch tru\u1eadt, Th\u0103ng ma\u2026<\/p>\n<p class=\"preFade\" style=\"white-space: pre-wrap; transition-timing-function: ease; transition-duration: 1.5s; transition-delay: 0.212308s;\"><strong>C\u00e1ch d\u00f9ng:<\/strong>&nbsp;<\/p>\n<ul data-rte-list=\"default\">\n<li>\n<p class=\"preFade\" style=\"white-space: pre-wrap; transition-timing-function: ease; transition-duration: 1.5s; transition-delay: 0.221538s;\">Thu\u1ed1c vi\u00ean: Ng\u00e0y u\u1ed1ng 3 l\u1ea7n, m\u1ed7i l\u1ea7n 3-4 vi\u00ean.<\/p>\n<\/li>\n<li>\n<p class=\"preFade\" style=\"white-space: pre-wrap; transition-timing-function: ease; transition-duration: 1.5s; transition-delay: 0.230769s;\">Thu\u1ed1c t\u1ec5: Ng\u00e0y 2 l\u1ea7n, m\u1ed7i l\u1ea7n nhai 2 vi\u00ean v\u1edbi n\u01b0\u1edbc \u1ea5m.<\/p>\n<\/li>\n<\/ul>\n<p class=\"preFade\" style=\"white-space: pre-wrap; transition-timing-function: ease; transition-duration: 1.5s; transition-delay: 0.24s;\"><strong>Ki\u00eang c\u1eef:<\/strong>&nbsp;Khu\u00e2n v\u00e1c n\u1eb7ng, \u0111\u1ee9ng l\u00e2u, \u0111i ti\u00eau r\u1eb7n m\u1ea1nh, ng\u1ed3i x\u1ed5m, ph\u1ee5 n\u1eef \u0111i gi\u00e0y cao g\u00f3t<\/p>","protected":false},"excerpt":{"rendered":"<p>T\u00e1c d\u1ee5ng:&nbsp;B\u1ed5 kh\u00ed t\u0103ng l\u1ef1c ni\u00eam m\u1ea1c tr\u1ef1c tr\u00e0ng, m\u00f4 \u0111\u1ee1 v\u00f9ng \u0111\u00e1y ch\u1eadu gi\u00fap c\u01a1 ru\u1ed9t, c\u01a1 tr\u1ef1c&nbsp;tr\u00e0ng co l\u1ea1i v\u00e0 r\u00fat l\u00ean v\u1ecb tr\u00ed c\u0169. Th\u00e0nh ph\u1ea7n:&nbsp;Nh\u00e2n s\u00e2m, Ho\u00e0ng k\u1ef3, B\u1ea1ch tru\u1eadt, Th\u0103ng ma\u2026 C\u00e1ch d\u00f9ng:&nbsp; Thu\u1ed1c vi\u00ean: Ng\u00e0y u\u1ed1ng 3 l\u1ea7n, m\u1ed7i l\u1ea7n 3-4 vi\u00ean. Thu\u1ed1c t\u1ec5: Ng\u00e0y 2 l\u1ea7n, m\u1ed7i l\u1ea7n<\/p>","protected":false},"featured_media":1793,"comment_status":"closed","ping_status":"open","template":"","meta":[],"_links":{"self":[{"href":"https:\/\/the1011.com\/en\/wp-json\/wp\/v2\/product\/1954"}],"collection":[{"href":"https:\/\/the1011.com\/en\/wp-json\/wp\/v2\/product"}],"about":[{"href":"https:\/\/the1011.com\/en\/wp-json\/wp\/v2\/types\/product"}],"replies":[{"embeddable":true,"href":"https:\/\/the1011.com\/en\/wp-json\/wp\/v2\/comments?post=1954"}],"wp:featuredmedia":[{"embeddable":true,"href":"https:\/\/the1011.com\/en\/wp-json\/wp\/v2\/media\/1793"}],"wp:attachment":[{"href":"https:\/\/the1011.com\/en\/wp-json\/wp\/v2\/media?parent=1954"}],"curies":[{"name":"wp","href":"https:\/\/api.w.org\/{rel}","templated":true}]}}