{"id":1953,"date":"2024-08-05T16:28:29","date_gmt":"2024-08-05T09:28:29","guid":{"rendered":"https:\/\/the1011.com\/product\/ct-035-tao-bon-tac-ruot-constipation\/"},"modified":"2024-08-05T16:28:29","modified_gmt":"2024-08-05T09:28:29","slug":"ct-035-tao-bon-tac-ruot-constipation","status":"publish","type":"product","link":"https:\/\/the1011.com\/en\/product\/ct-035-tao-bon-tac-ruot-constipation\/","title":{"rendered":"CT.035 \u2013 T\u00c1O B\u00d3N, T\u1eaeC RU\u1ed8T (CONSTIPATION)"},"content":{"rendered":"<p class=\"preFade\" style=\"white-space: pre-wrap; transition-timing-function: ease; transition-duration: 1.5s; transition-delay: 0.193846s;\"><strong>T\u00e1c d\u1ee5ng:&nbsp;<\/strong>C\u1ea3i thi\u1ec7n c\u00e1c c\u01a1 b\u1ee5ng, c\u01a1 \u0111\u00e1y ch\u1eadu, c\u01a1 k\u1ebft tr\u00e0ng, nhu \u0111\u1ed9ng ru\u1ed9t. Gi\u00fap ph\u00e2n m\u1ec1m, \u0111i&nbsp;ti\u00eau d\u1ec5 d\u00e0ng h\u1eb1ng ng\u00e0y, kh\u00f4ng g\u00e2y \u0111au b\u1ee5ng.<\/p>\n<p class=\"preFade\" style=\"white-space: pre-wrap; transition-timing-function: ease; transition-duration: 1.5s; transition-delay: 0.203077s;\"><strong>Th\u00e0nh ph\u1ea7n:&nbsp;<\/strong>H\u00e0 th\u1ee7 \u00f4, \u0110\u1ea1i ho\u00e0ng, Ch\u1ec9 th\u1ef1c, \u0110\u1ea1i ph\u00fac b\u00ec, \u00d4 d\u01b0\u1ee3c\u2026<\/p>\n<p class=\"preFade\" style=\"white-space: pre-wrap; transition-timing-function: ease; transition-duration: 1.5s; transition-delay: 0.212308s;\"><strong>C\u00e1ch d\u00f9ng:<\/strong>&nbsp;<\/p>\n<p class=\"preFade\" style=\"white-space: pre-wrap; transition-timing-function: ease; transition-duration: 1.5s; transition-delay: 0.221538s;\">Thu\u1ed1c vi\u00ean: Ng\u00e0y u\u1ed1ng 3 l\u1ea7n m\u1ed7i l\u1ea7n 3-4 vi\u00ean t\u00f9y t\u00e1o b\u00f3n n\u1eb7ng hay nh\u1eb9.<\/p>\n<p class=\"preFade\" style=\"white-space: pre-wrap; transition-timing-function: ease; transition-duration: 1.5s; transition-delay: 0.230769s;\">Thu\u1ed1c t\u1ec5: Ng\u00e0y 1 l\u1ea7n, m\u1ed7i l\u1ea7n 1 vi\u00ean nhai nu\u1ed1t v\u1edbi n\u01b0\u1edbc \u1ea5m.<\/p>\n<p class=\"preFade\" style=\"white-space: pre-wrap; transition-timing-function: ease; transition-duration: 1.5s; transition-delay: 0.24s;\"><strong>Ki\u00eang c\u1eef:<\/strong>&nbsp;Th\u1ee9c \u0103n kh\u00f4, chi\u00ean, n\u01b0\u1edbng, gia v\u1ecb cay n\u00f3ng, r\u01b0\u1ee3u bia. N\u00ean u\u1ed1ng \u0111\u1ee7 n\u01b0\u1edbc, \u0103n nhi\u1ec1u rau xanh v\u00e0 n\u01b0\u1edbc qu\u1ea3 t\u01b0\u01a1i.<\/p>","protected":false},"excerpt":{"rendered":"<p>T\u00e1c d\u1ee5ng:&nbsp;C\u1ea3i thi\u1ec7n c\u00e1c c\u01a1 b\u1ee5ng, c\u01a1 \u0111\u00e1y ch\u1eadu, c\u01a1 k\u1ebft tr\u00e0ng, nhu \u0111\u1ed9ng ru\u1ed9t. Gi\u00fap ph\u00e2n m\u1ec1m, \u0111i&nbsp;ti\u00eau d\u1ec5 d\u00e0ng h\u1eb1ng ng\u00e0y, kh\u00f4ng g\u00e2y \u0111au b\u1ee5ng. Th\u00e0nh ph\u1ea7n:&nbsp;H\u00e0 th\u1ee7 \u00f4, \u0110\u1ea1i ho\u00e0ng, Ch\u1ec9 th\u1ef1c, \u0110\u1ea1i ph\u00fac b\u00ec, \u00d4 d\u01b0\u1ee3c\u2026 C\u00e1ch d\u00f9ng:&nbsp; Thu\u1ed1c vi\u00ean: Ng\u00e0y u\u1ed1ng 3 l\u1ea7n m\u1ed7i l\u1ea7n 3-4 vi\u00ean t\u00f9y t\u00e1o b\u00f3n<\/p>","protected":false},"featured_media":1792,"comment_status":"closed","ping_status":"open","template":"","meta":[],"_links":{"self":[{"href":"https:\/\/the1011.com\/en\/wp-json\/wp\/v2\/product\/1953"}],"collection":[{"href":"https:\/\/the1011.com\/en\/wp-json\/wp\/v2\/product"}],"about":[{"href":"https:\/\/the1011.com\/en\/wp-json\/wp\/v2\/types\/product"}],"replies":[{"embeddable":true,"href":"https:\/\/the1011.com\/en\/wp-json\/wp\/v2\/comments?post=1953"}],"wp:featuredmedia":[{"embeddable":true,"href":"https:\/\/the1011.com\/en\/wp-json\/wp\/v2\/media\/1792"}],"wp:attachment":[{"href":"https:\/\/the1011.com\/en\/wp-json\/wp\/v2\/media?parent=1953"}],"curies":[{"name":"wp","href":"https:\/\/api.w.org\/{rel}","templated":true}]}}