{"id":1952,"date":"2024-08-05T16:28:29","date_gmt":"2024-08-05T09:28:29","guid":{"rendered":"https:\/\/the1011.com\/product\/ct-034-tri-noi-tri-ngoai-interno-external-hemorrhoids\/"},"modified":"2024-08-05T16:28:29","modified_gmt":"2024-08-05T09:28:29","slug":"ct-034-tri-noi-tri-ngoai-interno-external-hemorrhoids","status":"publish","type":"product","link":"https:\/\/the1011.com\/en\/product\/ct-034-tri-noi-tri-ngoai-interno-external-hemorrhoids\/","title":{"rendered":"CT.034 \u2013 TR\u0128 N\u1ed8I, TR\u0128 NGO\u1ea0I (INTERNO, EXTERNAL HEMORRHOIDS)"},"content":{"rendered":"<p data-mce-fragment=\"1\" class=\"preFade\" style=\"transition-timing-function: ease; transition-duration: 1.5s; transition-delay: 0.230769s;\"><strong data-mce-fragment=\"1\">T\u00e1c d\u1ee5ng:<\/strong>&nbsp;Ng\u01b0ng ch\u1ea3y m\u00e1u tr\u1ef1c tr\u00e0ng, gi\u1ea3m \u0111au r\u00e1t, gi\u1ea3m s\u01b0ng ph\u00ecnh t\u0129nh m\u1ea1ch h\u1eadu m\u00f4n, l\u00e0m m\u1ec1m&nbsp;b\u00fai tr\u0129.<\/p>\n<p data-mce-fragment=\"1\" class=\"preFade\" style=\"transition-timing-function: ease; transition-duration: 1.5s; transition-delay: 0.242308s;\"><strong data-mce-fragment=\"1\">Th\u00e0nh ph\u1ea7n:<\/strong>&nbsp;H\u00f2e hoa, B\u1ed3 c\u00f4ng anh, Ho\u00e0ng b\u00e1, T\u1ea1o gi\u00e1c th\u00edch, Tam th\u1ea5t, \u0110\u1ea1i ho\u00e0ng\u2026<br data-mce-fragment=\"1\"><strong data-mce-fragment=\"1\">C\u00e1ch d\u00f9ng:&nbsp;<\/strong>Ng\u00e0y u\u1ed1ng 3 l\u1ea7n, m\u1ed7i l\u1ea7n 3-4 vi\u00ean.<br data-mce-fragment=\"1\"><strong data-mce-fragment=\"1\">Ki\u00eang c\u1eef:&nbsp;<\/strong>Th\u1ee9c \u0103n kh\u00f4, chi\u00ean, n\u01b0\u1edbng, gia v\u1ecb cay n\u00f3ng, r\u01b0\u1ee3u bia. N\u00ean u\u1ed1ng \u0111\u1ee7 n\u01b0\u1edbc v\u00e0 rau xanh \u0111\u1ec3 ng\u1eeba t\u00e1o b\u00f3n.<\/p>","protected":false},"excerpt":{"rendered":"<p>T\u00e1c d\u1ee5ng:&nbsp;Ng\u01b0ng ch\u1ea3y m\u00e1u tr\u1ef1c tr\u00e0ng, gi\u1ea3m \u0111au r\u00e1t, gi\u1ea3m s\u01b0ng ph\u00ecnh t\u0129nh m\u1ea1ch h\u1eadu m\u00f4n, l\u00e0m m\u1ec1m&nbsp;b\u00fai tr\u0129. Th\u00e0nh ph\u1ea7n:&nbsp;H\u00f2e hoa, B\u1ed3 c\u00f4ng anh, Ho\u00e0ng b\u00e1, T\u1ea1o gi\u00e1c th\u00edch, Tam th\u1ea5t, \u0110\u1ea1i ho\u00e0ng\u2026C\u00e1ch d\u00f9ng:&nbsp;Ng\u00e0y u\u1ed1ng 3 l\u1ea7n, m\u1ed7i l\u1ea7n 3-4 vi\u00ean.Ki\u00eang c\u1eef:&nbsp;Th\u1ee9c \u0103n kh\u00f4, chi\u00ean, n\u01b0\u1edbng, gia v\u1ecb cay n\u00f3ng, r\u01b0\u1ee3u bia. N\u00ean u\u1ed1ng<\/p>","protected":false},"featured_media":1791,"comment_status":"closed","ping_status":"open","template":"","meta":[],"_links":{"self":[{"href":"https:\/\/the1011.com\/en\/wp-json\/wp\/v2\/product\/1952"}],"collection":[{"href":"https:\/\/the1011.com\/en\/wp-json\/wp\/v2\/product"}],"about":[{"href":"https:\/\/the1011.com\/en\/wp-json\/wp\/v2\/types\/product"}],"replies":[{"embeddable":true,"href":"https:\/\/the1011.com\/en\/wp-json\/wp\/v2\/comments?post=1952"}],"wp:featuredmedia":[{"embeddable":true,"href":"https:\/\/the1011.com\/en\/wp-json\/wp\/v2\/media\/1791"}],"wp:attachment":[{"href":"https:\/\/the1011.com\/en\/wp-json\/wp\/v2\/media?parent=1952"}],"curies":[{"name":"wp","href":"https:\/\/api.w.org\/{rel}","templated":true}]}}