{"id":1951,"date":"2024-08-05T16:28:24","date_gmt":"2024-08-05T09:28:24","guid":{"rendered":"https:\/\/the1011.com\/product\/ct-033a-viem-dai-trang-ket-trang-colitis\/"},"modified":"2024-08-05T16:28:28","modified_gmt":"2024-08-05T09:28:28","slug":"ct-033a-viem-dai-trang-ket-trang-colitis","status":"publish","type":"product","link":"https:\/\/the1011.com\/en\/product\/ct-033a-viem-dai-trang-ket-trang-colitis\/","title":{"rendered":"CT.033A &#8211; VI\u00caM \u0110\u1ea0I TR\u00c0NG, K\u1ebeT TR\u00c0NG (COLITIS)"},"content":{"rendered":"<p class=\"preFade\" style=\"transition-timing-function: ease; transition-duration: 1.5s; transition-delay: 0.217241s;\"><strong>T\u00e1c d\u1ee5ng:<\/strong><span>&nbsp;<\/span>C\u1ea3i thi\u1ec7n v\u00e0 ph\u1ee5c h\u1ed3i nhanh ch\u00f3ng c\u00e1c ch\u1ee9ng tr\u01b0\u1edbng b\u1ee5ng, \u0111au b\u1ee5ng, s\u00f4i ru\u1ed9t, ti\u00eau ch\u1ea3y, ti\u00eau ph\u00e2n s\u1ed1ng, ti\u00eau ra m\u00e1u, ch\u00e1n \u0103n, s\u1ee5t c\u00e2n, m\u1ec7t m\u1ecfi.<\/p>\n<p class=\"preFade\" style=\"transition-timing-function: ease; transition-duration: 1.5s; transition-delay: 0.227586s;\"><strong>Th\u00e0nh ph\u1ea7n:<\/strong><span>&nbsp;<\/span>\u0110\u1ea3ng s\u00e2m, B\u1ea1ch tru\u1eadt, Ph\u1ee5c linh, \u00d4 mai, Nh\u1ee5c qu\u1ebf, \u0110\u1eadu kh\u1ea5u, Kha t\u1eed, M\u1ed9c h\u01b0\u01a1ng, Can kh\u01b0\u01a1ng\u2026<\/p>\n<p class=\"preFade\" style=\"transition-timing-function: ease; transition-duration: 1.5s; transition-delay: 0.237931s;\"><strong>C\u00e1ch d\u00f9ng:<\/strong><span>&nbsp;<\/span>Ng\u00e0y u\u1ed1ng 3 l\u1ea7n, m\u1ed7i l\u1ea7n 4 vi\u00ean tr\u01b0\u1edbc ho\u1eb7c sau b\u1eefa \u0103n 30-40 ph\u00fat\u2026<\/p>\n<p class=\"preFade\" style=\"transition-timing-function: ease; transition-duration: 1.5s; transition-delay: 0.248276s;\"><strong>Ki\u00eang c\u1eef:<\/strong><span>&nbsp;<\/span>Th\u1ef1c ph\u1ea9m kh\u00f3 ti\u00eau h\u00f3a, \u0111\u1ed3 \u0103n ngu\u1ed9i l\u1ea1nh, nhi\u1ec1u d\u1ea7u m\u1ee1.<\/p>","protected":false},"excerpt":{"rendered":"<p>T\u00e1c d\u1ee5ng:&nbsp;C\u1ea3i thi\u1ec7n v\u00e0 ph\u1ee5c h\u1ed3i nhanh ch\u00f3ng c\u00e1c ch\u1ee9ng tr\u01b0\u1edbng b\u1ee5ng, \u0111au b\u1ee5ng, s\u00f4i ru\u1ed9t, ti\u00eau ch\u1ea3y, ti\u00eau ph\u00e2n s\u1ed1ng, ti\u00eau ra m\u00e1u, ch\u00e1n \u0103n, s\u1ee5t c\u00e2n, m\u1ec7t m\u1ecfi. Th\u00e0nh ph\u1ea7n:&nbsp;\u0110\u1ea3ng s\u00e2m, B\u1ea1ch tru\u1eadt, Ph\u1ee5c linh, \u00d4 mai, Nh\u1ee5c qu\u1ebf, \u0110\u1eadu kh\u1ea5u, Kha t\u1eed, M\u1ed9c h\u01b0\u01a1ng, Can kh\u01b0\u01a1ng\u2026 C\u00e1ch d\u00f9ng:&nbsp;Ng\u00e0y u\u1ed1ng 3 l\u1ea7n, m\u1ed7i<\/p>","protected":false},"featured_media":1790,"comment_status":"closed","ping_status":"open","template":"","meta":[],"_links":{"self":[{"href":"https:\/\/the1011.com\/en\/wp-json\/wp\/v2\/product\/1951"}],"collection":[{"href":"https:\/\/the1011.com\/en\/wp-json\/wp\/v2\/product"}],"about":[{"href":"https:\/\/the1011.com\/en\/wp-json\/wp\/v2\/types\/product"}],"replies":[{"embeddable":true,"href":"https:\/\/the1011.com\/en\/wp-json\/wp\/v2\/comments?post=1951"}],"wp:featuredmedia":[{"embeddable":true,"href":"https:\/\/the1011.com\/en\/wp-json\/wp\/v2\/media\/1790"}],"wp:attachment":[{"href":"https:\/\/the1011.com\/en\/wp-json\/wp\/v2\/media?parent=1951"}],"curies":[{"name":"wp","href":"https:\/\/api.w.org\/{rel}","templated":true}]}}