{"id":1950,"date":"2024-08-05T16:28:24","date_gmt":"2024-08-05T09:28:24","guid":{"rendered":"https:\/\/the1011.com\/product\/ct-033-tieu-chay-tieu-phan-song-diarrhoea-lienteric-stool\/"},"modified":"2024-08-05T16:28:28","modified_gmt":"2024-08-05T09:28:28","slug":"ct-033-tieu-chay-tieu-phan-song-diarrhoea-lienteric-stool","status":"publish","type":"product","link":"https:\/\/the1011.com\/en\/product\/ct-033-tieu-chay-tieu-phan-song-diarrhoea-lienteric-stool\/","title":{"rendered":"CT.033 &#8211; TI\u00caU CH\u1ea2Y, TI\u00caU PH\u00c2N S\u1ed0NG (DIARRHOEA, LIENTERIC STOOL)"},"content":{"rendered":"<p class=\"preFade\" style=\"transition-timing-function: ease; transition-duration: 1.5s; transition-delay: 0.235294s;\"><strong>T\u00e1c d\u1ee5ng:&nbsp;<\/strong>Tr\u1ee3 ti\u00eau h\u00f3a, gi\u1ea3m \u0111au b\u1ee5ng, c\u1ea7m ti\u00eau ch\u1ea3y v\u00e0 ph\u00e2n s\u1ed1ng, m\u1ea1nh d\u1ea1 d\u00e0y.<\/p>\n<p class=\"preFade\" style=\"transition-timing-function: ease; transition-duration: 1.5s; transition-delay: 0.247059s;\"><strong>Th\u00e0nh ph\u1ea7n:&nbsp;<\/strong>\u0110\u1ea3ng s\u00e2m, Th\u01b0\u01a1ng tru\u1eadt, Can kh\u01b0\u01a1ng, T\u1ebf t\u00e2n, Ng\u00f4 th\u00f9 du, Th\u1ea1ch l\u1ef1u b\u00ec\u2026<br \/><strong>C\u00e1ch d\u00f9ng:<\/strong>&nbsp;Ng\u00e0y u\u1ed1ng 3 l\u1ea7n, m\u1ed7i l\u1ea7n 3-4 vi\u00ean sau b\u1eefa \u0103n cho \u0111\u1ebfn khi d\u1ea1 d\u00e0y \u1ed5n \u0111\u1ecbnh.<br \/><strong>Ki\u00eang c\u1eef:<\/strong>&nbsp;Th\u1ef1c ph\u1ea9m kh\u00f3 ti\u00eau h\u00f3a, \u0111\u1ed3 \u0103n ngu\u1ed9i l\u1ea1nh, nhi\u1ec1u d\u1ea7u m\u1ee1.<\/p>","protected":false},"excerpt":{"rendered":"<p>T\u00e1c d\u1ee5ng:&nbsp;Tr\u1ee3 ti\u00eau h\u00f3a, gi\u1ea3m \u0111au b\u1ee5ng, c\u1ea7m ti\u00eau ch\u1ea3y v\u00e0 ph\u00e2n s\u1ed1ng, m\u1ea1nh d\u1ea1 d\u00e0y. Th\u00e0nh ph\u1ea7n:&nbsp;\u0110\u1ea3ng s\u00e2m, Th\u01b0\u01a1ng tru\u1eadt, Can kh\u01b0\u01a1ng, T\u1ebf t\u00e2n, Ng\u00f4 th\u00f9 du, Th\u1ea1ch l\u1ef1u b\u00ec\u2026C\u00e1ch d\u00f9ng:&nbsp;Ng\u00e0y u\u1ed1ng 3 l\u1ea7n, m\u1ed7i l\u1ea7n 3-4 vi\u00ean sau b\u1eefa \u0103n cho \u0111\u1ebfn khi d\u1ea1 d\u00e0y \u1ed5n \u0111\u1ecbnh.Ki\u00eang c\u1eef:&nbsp;Th\u1ef1c ph\u1ea9m kh\u00f3 ti\u00eau h\u00f3a, \u0111\u1ed3<\/p>","protected":false},"featured_media":1789,"comment_status":"closed","ping_status":"open","template":"","meta":[],"_links":{"self":[{"href":"https:\/\/the1011.com\/en\/wp-json\/wp\/v2\/product\/1950"}],"collection":[{"href":"https:\/\/the1011.com\/en\/wp-json\/wp\/v2\/product"}],"about":[{"href":"https:\/\/the1011.com\/en\/wp-json\/wp\/v2\/types\/product"}],"replies":[{"embeddable":true,"href":"https:\/\/the1011.com\/en\/wp-json\/wp\/v2\/comments?post=1950"}],"wp:featuredmedia":[{"embeddable":true,"href":"https:\/\/the1011.com\/en\/wp-json\/wp\/v2\/media\/1789"}],"wp:attachment":[{"href":"https:\/\/the1011.com\/en\/wp-json\/wp\/v2\/media?parent=1950"}],"curies":[{"name":"wp","href":"https:\/\/api.w.org\/{rel}","templated":true}]}}