{"id":1949,"date":"2024-08-05T16:28:24","date_gmt":"2024-08-05T09:28:24","guid":{"rendered":"https:\/\/the1011.com\/product\/ct-032a-loet-da-day-ta-trang-thuong-vi-dac-biet\/"},"modified":"2024-08-05T16:28:27","modified_gmt":"2024-08-05T09:28:27","slug":"ct-032a-loet-da-day-ta-trang-thuong-vi-dac-biet","status":"publish","type":"product","link":"https:\/\/the1011.com\/en\/product\/ct-032a-loet-da-day-ta-trang-thuong-vi-dac-biet\/","title":{"rendered":"CT.032A LO\u00c9T D\u1ea0 D\u00c0Y &#8211; T\u00c1 TR\u00c0NG &#038; TH\u01af\u1ee2NG V\u1eca (\u0110\u1eb6C BI\u1ec6T)"},"content":{"rendered":"<p class=\"preFade\" style=\"white-space: pre-wrap; transition-timing-function: ease; transition-duration: 1.5s; transition-delay: 0.235294s;\">T\u00e1c d\u1ee5ng: C\u1ea3i thi\u1ec7n ch\u1ee9c n\u0103ng ti\u00eau h\u00f3a. Gi\u00fap l\u00e0nh \u1ed5 lo\u00e9t v\u00e0 vi\u00eam ni\u00eam m\u1ea1c d\u1ea1 d\u00e0y, c\u1ea7m m\u00e1u n\u1ebfu c\u00f3 xu\u1ea5t huy\u1ebft, gi\u1ea3m c\u0103ng t\u1ee9c v\u00f9ng th\u01b0\u1ee3ng v\u1ecb, \u0111au b\u1ee5ng, n\u00f4n \u00f3i.<\/p>\n<p>Th\u00e0nh ph\u1ea7n: Th\u01b0\u01a1ng tru\u1eadt, H\u1eadu ph\u00e1c, H\u1ea3i phi\u00eau ti\u00eau, Tr\u1ea7n b\u00ec, Cam th\u1ea3o, Kh\u01b0\u01a1ng ho\u00e0ng,\u2026<\/p>\n<p class=\"preFade\" style=\"white-space: pre-wrap; transition-timing-function: ease; transition-duration: 1.5s; transition-delay: 0.247059s;\">Ki\u00eang c\u1eef: Th\u1ef1c ph\u1ea9m kh\u00f3 ti\u00eau h\u00f3a, chi\u00ean x\u00e0o nh\u1ea7u d\u1ea7u m\u1ee1, \u0111\u1ed3 chua, u\u1ed1ng r\u01b0\u1ee3u, h\u00fat thu\u1ed1c l\u00e1. D\u00f9ng Aspirin c\u1ea7n tham kh\u1ea3o \u00fd ki\u1ebfn b\u00e1c s\u0129.<\/p>","protected":false},"excerpt":{"rendered":"<p>T\u00e1c d\u1ee5ng: C\u1ea3i thi\u1ec7n ch\u1ee9c n\u0103ng ti\u00eau h\u00f3a. Gi\u00fap l\u00e0nh \u1ed5 lo\u00e9t v\u00e0 vi\u00eam ni\u00eam m\u1ea1c d\u1ea1 d\u00e0y, c\u1ea7m m\u00e1u n\u1ebfu c\u00f3 xu\u1ea5t huy\u1ebft, gi\u1ea3m c\u0103ng t\u1ee9c v\u00f9ng th\u01b0\u1ee3ng v\u1ecb, \u0111au b\u1ee5ng, n\u00f4n \u00f3i. Th\u00e0nh ph\u1ea7n: Th\u01b0\u01a1ng tru\u1eadt, H\u1eadu ph\u00e1c, H\u1ea3i phi\u00eau ti\u00eau, Tr\u1ea7n b\u00ec, Cam th\u1ea3o, Kh\u01b0\u01a1ng ho\u00e0ng,\u2026 Ki\u00eang c\u1eef: Th\u1ef1c ph\u1ea9m kh\u00f3 ti\u00eau<\/p>","protected":false},"featured_media":1788,"comment_status":"closed","ping_status":"open","template":"","meta":[],"_links":{"self":[{"href":"https:\/\/the1011.com\/en\/wp-json\/wp\/v2\/product\/1949"}],"collection":[{"href":"https:\/\/the1011.com\/en\/wp-json\/wp\/v2\/product"}],"about":[{"href":"https:\/\/the1011.com\/en\/wp-json\/wp\/v2\/types\/product"}],"replies":[{"embeddable":true,"href":"https:\/\/the1011.com\/en\/wp-json\/wp\/v2\/comments?post=1949"}],"wp:featuredmedia":[{"embeddable":true,"href":"https:\/\/the1011.com\/en\/wp-json\/wp\/v2\/media\/1788"}],"wp:attachment":[{"href":"https:\/\/the1011.com\/en\/wp-json\/wp\/v2\/media?parent=1949"}],"curies":[{"name":"wp","href":"https:\/\/api.w.org\/{rel}","templated":true}]}}