{"id":1948,"date":"2024-08-05T16:28:24","date_gmt":"2024-08-05T09:28:24","guid":{"rendered":"https:\/\/the1011.com\/product\/ct-032-loet-da-day-ta-trang-peptic-ulcer\/"},"modified":"2024-08-05T16:28:27","modified_gmt":"2024-08-05T09:28:27","slug":"ct-032-loet-da-day-ta-trang-peptic-ulcer","status":"publish","type":"product","link":"https:\/\/the1011.com\/en\/product\/ct-032-loet-da-day-ta-trang-peptic-ulcer\/","title":{"rendered":"CT.032 \u2013 LO\u00c9T D\u1ea0 D\u00c0Y \u2013 T\u00c1 TR\u00c0NG (PEPTIC ULCER)"},"content":{"rendered":"<p class=\"preFade\" style=\"white-space: pre-wrap; transition-timing-function: ease; transition-duration: 1.5s; transition-delay: 0.179104s;\"><strong>T\u00e1c d\u1ee5ng:<\/strong>&nbsp;C\u1ea3i thi\u1ec7n ch\u1ee9c n\u0103ng ti\u00eau h\u00f3a. Gi\u00fap l\u00e0nh \u1ed5 lo\u00e9t v\u00e0 vi\u00eam ni\u00eam m\u1ea1c d\u1ea1 d\u00e0y, c\u1ea7m m\u00e1u n\u1ebfu c\u00f3&nbsp;xu\u1ea5t huy\u1ebft, gi\u1ea3m c\u0103ng t\u1ee9c v\u00f9ng th\u01b0\u1ee3ng v\u1ecb, \u0111au b\u1ee5ng, n\u00f4n \u00f3i.<\/p>\n<p class=\"preFade\" style=\"white-space: pre-wrap; transition-timing-function: ease; transition-duration: 1.5s; transition-delay: 0.18806s;\"><strong>Th\u00e0nh ph\u1ea7n:&nbsp;<\/strong>Th\u01b0\u01a1ng tru\u1eadt, H\u1eadu ph\u00e1c, H\u1ea3i phi\u00eau ti\u00eau, Tr\u1ea7n b\u00ec, Cam th\u1ea3o, Kh\u01b0\u01a1ng ho\u00e0ng\u2026<\/p>\n<p class=\"preFade\" style=\"white-space: pre-wrap; transition-timing-function: ease; transition-duration: 1.5s; transition-delay: 0.197015s;\"><strong>C\u00e1ch d\u00f9ng:<\/strong>&nbsp;<\/p>\n<ul data-rte-list=\"default\">\n<li>\n<p class=\"preFade\" style=\"white-space: pre-wrap; transition-timing-function: ease; transition-duration: 1.5s; transition-delay: 0.20597s;\">Thu\u1ed1c vi\u00ean: Ng\u00e0y u\u1ed1ng 3 l\u1ea7n, m\u1ed7i l\u1ea7n 3-4 vi\u00ean.<\/p>\n<\/li>\n<li>\n<p class=\"preFade\" style=\"white-space: pre-wrap; transition-timing-function: ease; transition-duration: 1.5s; transition-delay: 0.214925s;\">Thu\u1ed1c n\u01b0\u1edbc: Ng\u00e0y 3 l\u1ea7n, m\u1ed7i l\u1ea7n 1 cup (2oz).<\/p>\n<\/li>\n<li>\n<p class=\"preFade\" style=\"white-space: pre-wrap; transition-timing-function: ease; transition-duration: 1.5s; transition-delay: 0.223881s;\">Thu\u1ed1c t\u1ec5: Ng\u00e0y 2 l\u1ea7n, m\u1ed7i l\u1ea7n nhai 2 vi\u00ean v\u1edbi n\u01b0\u1edbc \u1ea5m.<\/p>\n<\/li>\n<\/ul>\n<p class=\"preFade\" style=\"white-space: pre-wrap; transition-timing-function: ease; transition-duration: 1.5s; transition-delay: 0.232836s;\"><strong>Ki\u00eang c\u1eef:<\/strong>&nbsp;Th\u1ef1c ph\u1ea9m kh\u00f3 ti\u00eau h\u00f3a, chi\u00ean x\u00e0o nhi\u1ec1u d\u1ea7u m\u1ee1, \u0111\u1ed3 chua, u\u1ed1ng r\u01b0\u1ee3u, h\u00fat thu\u1ed1c l\u00e1. D\u00f9ng Aspirin c\u1ea7n tham kh\u1ea3o \u00fd&nbsp;ki\u1ebfn B\u00e1c s\u0129.<\/p>","protected":false},"excerpt":{"rendered":"<p>T\u00e1c d\u1ee5ng:&nbsp;C\u1ea3i thi\u1ec7n ch\u1ee9c n\u0103ng ti\u00eau h\u00f3a. Gi\u00fap l\u00e0nh \u1ed5 lo\u00e9t v\u00e0 vi\u00eam ni\u00eam m\u1ea1c d\u1ea1 d\u00e0y, c\u1ea7m m\u00e1u n\u1ebfu c\u00f3&nbsp;xu\u1ea5t huy\u1ebft, gi\u1ea3m c\u0103ng t\u1ee9c v\u00f9ng th\u01b0\u1ee3ng v\u1ecb, \u0111au b\u1ee5ng, n\u00f4n \u00f3i. Th\u00e0nh ph\u1ea7n:&nbsp;Th\u01b0\u01a1ng tru\u1eadt, H\u1eadu ph\u00e1c, H\u1ea3i phi\u00eau ti\u00eau, Tr\u1ea7n b\u00ec, Cam th\u1ea3o, Kh\u01b0\u01a1ng ho\u00e0ng\u2026 C\u00e1ch d\u00f9ng:&nbsp; Thu\u1ed1c vi\u00ean: Ng\u00e0y u\u1ed1ng 3 l\u1ea7n, m\u1ed7i<\/p>","protected":false},"featured_media":1787,"comment_status":"closed","ping_status":"open","template":"","meta":[],"_links":{"self":[{"href":"https:\/\/the1011.com\/en\/wp-json\/wp\/v2\/product\/1948"}],"collection":[{"href":"https:\/\/the1011.com\/en\/wp-json\/wp\/v2\/product"}],"about":[{"href":"https:\/\/the1011.com\/en\/wp-json\/wp\/v2\/types\/product"}],"replies":[{"embeddable":true,"href":"https:\/\/the1011.com\/en\/wp-json\/wp\/v2\/comments?post=1948"}],"wp:featuredmedia":[{"embeddable":true,"href":"https:\/\/the1011.com\/en\/wp-json\/wp\/v2\/media\/1787"}],"wp:attachment":[{"href":"https:\/\/the1011.com\/en\/wp-json\/wp\/v2\/media?parent=1948"}],"curies":[{"name":"wp","href":"https:\/\/api.w.org\/{rel}","templated":true}]}}