{"id":1947,"date":"2024-08-05T16:28:24","date_gmt":"2024-08-05T09:28:24","guid":{"rendered":"https:\/\/the1011.com\/product\/ct-031-tieu-thuc-hoan-da-day-cham-tieu-hoa-gastric-indigestion\/"},"modified":"2024-08-05T16:28:27","modified_gmt":"2024-08-05T09:28:27","slug":"ct-031-tieu-thuc-hoan-da-day-cham-tieu-hoa-gastric-indigestion","status":"publish","type":"product","link":"https:\/\/the1011.com\/en\/product\/ct-031-tieu-thuc-hoan-da-day-cham-tieu-hoa-gastric-indigestion\/","title":{"rendered":"CT.031 &#8211; TI\u00caU TH\u1ef0C HO\u00c0N \u2013 D\u1ea0 D\u00c0Y CH\u1eacM TI\u00caU H\u00d3A (GASTRIC INDIGESTION)"},"content":{"rendered":"<p class=\"preFade\" style=\"transition-timing-function: ease; transition-duration: 1.5s; transition-delay: 0.235294s;\"><strong>T\u00e1c d\u1ee5ng:<\/strong>&nbsp;C\u1ea3i thi\u1ec7n ch\u1ee9c n\u0103ng ti\u00eau h\u00f3a. Gi\u1ea3i tr\u1eeb ch\u1ee9ng \u0103n ch\u1eadm ti\u00eau, tr\u01b0\u1edbng b\u1ee5ng, \u1ee3 gas,&nbsp;\u1ee3 chua, s\u00f4i b\u1ee5ng, ti\u00eau ch\u1ea3y.<\/p>\n<p class=\"preFade\" style=\"transition-timing-function: ease; transition-duration: 1.5s; transition-delay: 0.247059s;\"><strong>Th\u00e0nh ph\u1ea7n:&nbsp;<\/strong>Th\u01b0\u01a1ng tru\u1eadt, H\u1eadu ph\u00e1c, S\u01a1n tra, Tr\u1ea7n b\u00ec, Cam th\u1ea3o, M\u1ed9c h\u01b0\u01a1ng\u2026<br \/><strong>C\u00e1ch d\u00f9ng:&nbsp;<\/strong>Ng\u00e0y u\u1ed1ng 3 l\u1ea7n, m\u1ed7i l\u1ea7n 3-4 vi\u00ean sau khi \u0103n.<br \/><strong>Ki\u00eang c\u1eef:<\/strong>&nbsp;Th\u1ef1c ph\u1ea9m l\u1ea1nh, kh\u00f3 ti\u00eau, nhi\u1ec1u d\u1ea7u m\u1ee1.<\/p>","protected":false},"excerpt":{"rendered":"<p>T\u00e1c d\u1ee5ng:&nbsp;C\u1ea3i thi\u1ec7n ch\u1ee9c n\u0103ng ti\u00eau h\u00f3a. Gi\u1ea3i tr\u1eeb ch\u1ee9ng \u0103n ch\u1eadm ti\u00eau, tr\u01b0\u1edbng b\u1ee5ng, \u1ee3 gas,&nbsp;\u1ee3 chua, s\u00f4i b\u1ee5ng, ti\u00eau ch\u1ea3y. Th\u00e0nh ph\u1ea7n:&nbsp;Th\u01b0\u01a1ng tru\u1eadt, H\u1eadu ph\u00e1c, S\u01a1n tra, Tr\u1ea7n b\u00ec, Cam th\u1ea3o, M\u1ed9c h\u01b0\u01a1ng\u2026C\u00e1ch d\u00f9ng:&nbsp;Ng\u00e0y u\u1ed1ng 3 l\u1ea7n, m\u1ed7i l\u1ea7n 3-4 vi\u00ean sau khi \u0103n.Ki\u00eang c\u1eef:&nbsp;Th\u1ef1c ph\u1ea9m l\u1ea1nh, kh\u00f3 ti\u00eau, nhi\u1ec1u d\u1ea7u m\u1ee1.<\/p>","protected":false},"featured_media":1763,"comment_status":"closed","ping_status":"open","template":"","meta":[],"_links":{"self":[{"href":"https:\/\/the1011.com\/en\/wp-json\/wp\/v2\/product\/1947"}],"collection":[{"href":"https:\/\/the1011.com\/en\/wp-json\/wp\/v2\/product"}],"about":[{"href":"https:\/\/the1011.com\/en\/wp-json\/wp\/v2\/types\/product"}],"replies":[{"embeddable":true,"href":"https:\/\/the1011.com\/en\/wp-json\/wp\/v2\/comments?post=1947"}],"wp:featuredmedia":[{"embeddable":true,"href":"https:\/\/the1011.com\/en\/wp-json\/wp\/v2\/media\/1763"}],"wp:attachment":[{"href":"https:\/\/the1011.com\/en\/wp-json\/wp\/v2\/media?parent=1947"}],"curies":[{"name":"wp","href":"https:\/\/api.w.org\/{rel}","templated":true}]}}