{"id":1946,"date":"2024-08-05T16:28:24","date_gmt":"2024-08-05T09:28:24","guid":{"rendered":"https:\/\/the1011.com\/product\/ct-013a-bo-duong-gan\/"},"modified":"2024-08-05T16:28:27","modified_gmt":"2024-08-05T09:28:27","slug":"ct-013a-bo-duong-gan","status":"publish","type":"product","link":"https:\/\/the1011.com\/en\/product\/ct-013a-bo-duong-gan\/","title":{"rendered":"CT.013A &#8211; B\u1ed4 D\u01af\u1ee0NG GAN"},"content":{"rendered":"<p class=\"preFade\" style=\"transition-timing-function: ease; transition-duration: 1.5s; transition-delay: 0.222222s;\"><strong>T\u00e1c d\u1ee5ng:<\/strong> N\u00e2ng cao ch\u1ee9c n\u0103ng gan, s\u1ea3n sinh c\u00e1c ch\u1ea5t \u0111\u1ea1m (albumin, hemoglobin) quan tr\u1ecdng, t\u00edch tr\u1eef glucose, \u0111i\u1ec1u ti\u1ebft amino acid trong m\u00e1u, ph\u1ed1i h\u1ee3p v\u1edbi th\u1eadn th\u1ea3i tr\u1eeb thu\u1ed1c v\u00e0 ch\u1ea5t \u0111\u1ed9c t\u00edch l\u0169y trong m\u00e1u\u2026 C\u1ea3i thi\u1ec7n hi\u1ec7u qu\u1ea3 gan b\u1ecb t\u1ed5n th\u01b0\u01a1ng b\u1edfi si\u00eau vi A, B, C, gan nhi\u1ec5m m\u1ee1, men gan cao, b\u01b0\u1edbu gan, x\u01a1 gan, ung th\u01b0 gan\u2026 C\u00f2n tr\u1ee3 gan l\u1ecdc m\u00e1u, gi\u00fap da m\u1ecbn \u0111\u1eb9p trong c\u00e1c ch\u1ee9ng ng\u1ee9a l\u1edf, n\u00e1m da, m\u1ee5n m\u1eb7t, vi\u00eam nang l\u00f4ng, u nh\u1ecdt, b\u1ec7nh ch\u00e0m (eczema), v\u1ea3y n\u1ebfn (psoriasis)&#8230;<\/p>\n<p class=\"preFade\" style=\"transition-timing-function: ease; transition-duration: 1.5s; transition-delay: 0.233333s;\"><strong>Th\u00e0nh ph\u1ea7n:<\/strong> Tinh ch\u1ea5t Milk thistle, \u0110an s\u00e2m, Di\u1ec7p h\u1ea1 ch\u00e2u, Nh\u00e2n tr\u1ea7n, Sinh \u0111\u1ecba, \u0110\u01b0\u01a1ng qui, Kim ng\u00e2n hoa, B\u1ed3 c\u00f4ng anh, Li\u00ean ki\u1ec1u, Th\u1ed5 ph\u1ee5c linh, Cam th\u1ea3o\u2026<\/p>\n<p class=\"preFade\" style=\"transition-timing-function: ease; transition-duration: 1.5s; transition-delay: 0.244444s;\"><strong>C\u00e1ch d\u00f9ng<\/strong>: Ng\u00e0y 2-3 l\u1ea7n, m\u1ed7i l\u1ea7n t\u1eeb 2-4 vi\u00ean sau b\u1eefa \u0103n t\u00f9y theo nhu c\u1ea7u b\u1ea3o v\u1ec7 hay mu\u1ed1n ph\u1ee5c h\u1ed3i ch\u1ee9c n\u0103ng gan sau khi m\u1eafc b\u1ec7nh. C\u00e0ng u\u1ed1ng l\u00e2u d\u00e0i gan c\u00e0ng kh\u1ecfe m\u1ea1nh.<\/p>","protected":false},"excerpt":{"rendered":"<p>T\u00e1c d\u1ee5ng: N\u00e2ng cao ch\u1ee9c n\u0103ng gan, s\u1ea3n sinh c\u00e1c ch\u1ea5t \u0111\u1ea1m (albumin, hemoglobin) quan tr\u1ecdng, t\u00edch tr\u1eef glucose, \u0111i\u1ec1u ti\u1ebft amino acid trong m\u00e1u, ph\u1ed1i h\u1ee3p v\u1edbi th\u1eadn th\u1ea3i tr\u1eeb thu\u1ed1c v\u00e0 ch\u1ea5t \u0111\u1ed9c t\u00edch l\u0169y trong m\u00e1u\u2026 C\u1ea3i thi\u1ec7n hi\u1ec7u qu\u1ea3 gan b\u1ecb t\u1ed5n th\u01b0\u01a1ng b\u1edfi si\u00eau vi A, B, C, gan nhi\u1ec5m<\/p>","protected":false},"featured_media":1752,"comment_status":"closed","ping_status":"open","template":"","meta":[],"_links":{"self":[{"href":"https:\/\/the1011.com\/en\/wp-json\/wp\/v2\/product\/1946"}],"collection":[{"href":"https:\/\/the1011.com\/en\/wp-json\/wp\/v2\/product"}],"about":[{"href":"https:\/\/the1011.com\/en\/wp-json\/wp\/v2\/types\/product"}],"replies":[{"embeddable":true,"href":"https:\/\/the1011.com\/en\/wp-json\/wp\/v2\/comments?post=1946"}],"wp:featuredmedia":[{"embeddable":true,"href":"https:\/\/the1011.com\/en\/wp-json\/wp\/v2\/media\/1752"}],"wp:attachment":[{"href":"https:\/\/the1011.com\/en\/wp-json\/wp\/v2\/media?parent=1946"}],"curies":[{"name":"wp","href":"https:\/\/api.w.org\/{rel}","templated":true}]}}