{"id":1945,"date":"2024-08-05T16:28:24","date_gmt":"2024-08-05T09:28:24","guid":{"rendered":"https:\/\/the1011.com\/product\/ct-013-tay-doc-gan-loc-mau-liver-detoxification-dialysis\/"},"modified":"2024-08-05T16:28:27","modified_gmt":"2024-08-05T09:28:27","slug":"ct-013-tay-doc-gan-loc-mau-liver-detoxification-dialysis","status":"publish","type":"product","link":"https:\/\/the1011.com\/en\/product\/ct-013-tay-doc-gan-loc-mau-liver-detoxification-dialysis\/","title":{"rendered":"CT.013 &#8211; T\u1ea8Y \u0110\u1ed8C GAN, L\u1eccC M\u00c1U (LIVER DETOXIFICATION, DIALYSIS)"},"content":{"rendered":"<p class=\"preFade\" style=\"white-space: pre-wrap; transition-timing-function: ease; transition-duration: 1.5s; transition-delay: 0.1875s;\"><strong>T\u00e1c d\u1ee5ng:<\/strong>&nbsp;C\u1ea3i thi\u1ec7n ch\u1ee9c n\u0103ng gan, tr\u1ee3 gan l\u1ecdc m\u00e1u, t\u1ea9y \u0111\u1ed9c c\u01a1 th\u1ec3, m\u00e1t huy\u1ebft. Gi\u1ea3i tr\u1eeb c\u00e1c ch\u1ee9ng&nbsp;ng\u1ee9a da, m\u00e0y \u0111ay, kh\u00f4 s\u1ea7n da, n\u1ee9t n\u1ebb da, n\u1ed5i u nh\u1ecdt, n\u00e1m da m\u1eb7t do l\u00e2y nhi\u1ec5m c\u00e1c h\u00f3a ch\u1ea5t \u0111\u1ed9c h\u1ea1i.<\/p>\n<p class=\"preFade\" style=\"white-space: pre-wrap; transition-timing-function: ease; transition-duration: 1.5s; transition-delay: 0.196875s;\"><strong>Th\u00e0nh ph\u1ea7n:<\/strong>&nbsp;Kim ng\u00e2n hoa, B\u1ed3 c\u00f4ng anh, Thi\u00ean hoa ph\u1ea5n, Cam th\u1ea3o, B\u1ea1ch hoa x\u00e0 thi\u1ec7t th\u1ea3o, B\u00e1n chi li\u00ean, Th\u1ed5 ph\u1ee5c linh&#8230;<\/p>\n<p class=\"preFade\" style=\"white-space: pre-wrap; transition-timing-function: ease; transition-duration: 1.5s; transition-delay: 0.20625s;\"><strong>C\u00e1ch d\u00f9ng:<\/strong><\/p>\n<p class=\"preFade\" style=\"white-space: pre-wrap; transition-timing-function: ease; transition-duration: 1.5s; transition-delay: 0.215625s;\"> Thu\u1ed1c vi\u00ean:<strong> <\/strong>Ng\u00e0y u\u1ed1ng 3 l\u1ea7n, m\u1ed7i l\u1ea7n 3-4 vi\u00ean, li\u00ean ti\u1ebfp 2-3 th\u00e1ng.<\/p>\n<p class=\"preFade\" style=\"white-space: pre-wrap; transition-timing-function: ease; transition-duration: 1.5s; transition-delay: 0.225s;\">Thu\u1ed1c n\u01b0\u1edbc: Ng\u00e0y 3 l\u1ea7n, m\u1ed7i l\u1ea7n 1 cup (2oz).<\/p>\n<p class=\"preFade\" style=\"white-space: pre-wrap; transition-timing-function: ease; transition-duration: 1.5s; transition-delay: 0.234375s;\"><strong>Ki\u00eang c\u1eef: <\/strong>Th\u1ef1c ph\u1ea9m nhi\u1ec5m \u0111\u1ed9c, ti\u1ebfp c\u1eadn c\u00e1c h\u00f3a ch\u1ea5t \u0111\u1ed9c h\u1ea1i, l\u1ea1m d\u1ee5ng r\u01b0\u1ee3u, h\u00fat thu\u1ed1c l\u00e1\u2026<\/p>","protected":false},"excerpt":{"rendered":"<p>T\u00e1c d\u1ee5ng:&nbsp;C\u1ea3i thi\u1ec7n ch\u1ee9c n\u0103ng gan, tr\u1ee3 gan l\u1ecdc m\u00e1u, t\u1ea9y \u0111\u1ed9c c\u01a1 th\u1ec3, m\u00e1t huy\u1ebft. Gi\u1ea3i tr\u1eeb c\u00e1c ch\u1ee9ng&nbsp;ng\u1ee9a da, m\u00e0y \u0111ay, kh\u00f4 s\u1ea7n da, n\u1ee9t n\u1ebb da, n\u1ed5i u nh\u1ecdt, n\u00e1m da m\u1eb7t do l\u00e2y nhi\u1ec5m c\u00e1c h\u00f3a ch\u1ea5t \u0111\u1ed9c h\u1ea1i. Th\u00e0nh ph\u1ea7n:&nbsp;Kim ng\u00e2n hoa, B\u1ed3 c\u00f4ng anh, Thi\u00ean hoa ph\u1ea5n, Cam th\u1ea3o,<\/p>","protected":false},"featured_media":1750,"comment_status":"closed","ping_status":"open","template":"","meta":[],"_links":{"self":[{"href":"https:\/\/the1011.com\/en\/wp-json\/wp\/v2\/product\/1945"}],"collection":[{"href":"https:\/\/the1011.com\/en\/wp-json\/wp\/v2\/product"}],"about":[{"href":"https:\/\/the1011.com\/en\/wp-json\/wp\/v2\/types\/product"}],"replies":[{"embeddable":true,"href":"https:\/\/the1011.com\/en\/wp-json\/wp\/v2\/comments?post=1945"}],"wp:featuredmedia":[{"embeddable":true,"href":"https:\/\/the1011.com\/en\/wp-json\/wp\/v2\/media\/1750"}],"wp:attachment":[{"href":"https:\/\/the1011.com\/en\/wp-json\/wp\/v2\/media?parent=1945"}],"curies":[{"name":"wp","href":"https:\/\/api.w.org\/{rel}","templated":true}]}}