{"id":1944,"date":"2024-08-05T16:28:24","date_gmt":"2024-08-05T09:28:24","guid":{"rendered":"https:\/\/the1011.com\/product\/ct-012-viem-nang-long-u-nhot-folliculitis-carbuncle\/"},"modified":"2024-08-05T16:28:27","modified_gmt":"2024-08-05T09:28:27","slug":"ct-012-viem-nang-long-u-nhot-folliculitis-carbuncle","status":"publish","type":"product","link":"https:\/\/the1011.com\/en\/product\/ct-012-viem-nang-long-u-nhot-folliculitis-carbuncle\/","title":{"rendered":"CT.012 &#8211; VI\u00caM NANG L\u00d4NG, U NH\u1eccT (FOLLICULITIS, CARBUNCLE)"},"content":{"rendered":"<p class=\"preFade\" style=\"transition-timing-function: ease; transition-duration: 1.5s; transition-delay: 0.210526s;\"><strong>T\u00e1c d\u1ee5ng:<\/strong>&nbsp;Gi\u00fap t\u1ea9y \u0111\u1ed9c c\u01a1 th\u1ec3, ti\u00eau vi\u00eam, kh\u00f4 m\u1ee7, l\u00e0nh da.<\/p>\n<p class=\"preFade\" style=\"transition-timing-function: ease; transition-duration: 1.5s; transition-delay: 0.221053s;\"><strong>Th\u00e0nh ph\u1ea7n:<\/strong>&nbsp;Ho\u00e0ng li\u00ean, Kim ng\u00e2n hoa, Li\u00ean ki\u1ec1u, \u0110\u1ecba \u0111inh th\u1ea3o, Huy\u1ec1n s\u00e2m, B\u00e1n chi li\u00ean&#8230;<\/p>\n<p class=\"preFade\" style=\"transition-timing-function: ease; transition-duration: 1.5s; transition-delay: 0.231579s;\"><strong>C\u00e1ch d\u00f9ng:<\/strong>&nbsp;Ng\u00e0y u\u1ed1ng 3 l\u1ea7n, m\u1ed7i l\u1ea7n 3-4 vi\u00ean.<\/p>\n<p class=\"preFade\" style=\"transition-timing-function: ease; transition-duration: 1.5s; transition-delay: 0.242105s;\"><strong>Ki\u00eang c\u1eef:<\/strong>&nbsp;Th\u1ecbt b\u00f2, t\u00f4m t\u00e9p, x\u00f4i n\u1ebfp.<\/p>","protected":false},"excerpt":{"rendered":"<p>T\u00e1c d\u1ee5ng:&nbsp;Gi\u00fap t\u1ea9y \u0111\u1ed9c c\u01a1 th\u1ec3, ti\u00eau vi\u00eam, kh\u00f4 m\u1ee7, l\u00e0nh da. Th\u00e0nh ph\u1ea7n:&nbsp;Ho\u00e0ng li\u00ean, Kim ng\u00e2n hoa, Li\u00ean ki\u1ec1u, \u0110\u1ecba \u0111inh th\u1ea3o, Huy\u1ec1n s\u00e2m, B\u00e1n chi li\u00ean&#8230; C\u00e1ch d\u00f9ng:&nbsp;Ng\u00e0y u\u1ed1ng 3 l\u1ea7n, m\u1ed7i l\u1ea7n 3-4 vi\u00ean. Ki\u00eang c\u1eef:&nbsp;Th\u1ecbt b\u00f2, t\u00f4m t\u00e9p, x\u00f4i n\u1ebfp.<\/p>","protected":false},"featured_media":1749,"comment_status":"closed","ping_status":"open","template":"","meta":[],"_links":{"self":[{"href":"https:\/\/the1011.com\/en\/wp-json\/wp\/v2\/product\/1944"}],"collection":[{"href":"https:\/\/the1011.com\/en\/wp-json\/wp\/v2\/product"}],"about":[{"href":"https:\/\/the1011.com\/en\/wp-json\/wp\/v2\/types\/product"}],"replies":[{"embeddable":true,"href":"https:\/\/the1011.com\/en\/wp-json\/wp\/v2\/comments?post=1944"}],"wp:featuredmedia":[{"embeddable":true,"href":"https:\/\/the1011.com\/en\/wp-json\/wp\/v2\/media\/1749"}],"wp:attachment":[{"href":"https:\/\/the1011.com\/en\/wp-json\/wp\/v2\/media?parent=1944"}],"curies":[{"name":"wp","href":"https:\/\/api.w.org\/{rel}","templated":true}]}}