{"id":1943,"date":"2024-08-05T16:28:24","date_gmt":"2024-08-05T09:28:24","guid":{"rendered":"https:\/\/the1011.com\/product\/ct-011-san-soi-mat-gallstones\/"},"modified":"2024-08-05T16:28:26","modified_gmt":"2024-08-05T09:28:26","slug":"ct-011-san-soi-mat-gallstones","status":"publish","type":"product","link":"https:\/\/the1011.com\/en\/product\/ct-011-san-soi-mat-gallstones\/","title":{"rendered":"CT.011 &#8211; S\u1ea0N (S\u1eceI) M\u1eacT (GALLSTONES)"},"content":{"rendered":"<p class=\"preFade\" style=\"transition-timing-function: ease; transition-duration: 1.5s; transition-delay: 0.210526s;\"><strong>T\u00e1c d\u1ee5ng:<\/strong>&nbsp;Gi\u00fap l\u00e0m m\u1ec1m s\u1ecfi, chuy\u1ec3n h\u00f3a th\u00e0nh b\u00f9n, khai th\u00f4ng t\u00fai m\u1eadt.<\/p>\n<p class=\"preFade\" style=\"transition-timing-function: ease; transition-duration: 1.5s; transition-delay: 0.221053s;\"><strong>Th\u00e0nh ph\u1ea7n:<\/strong>&nbsp;Nh\u00e2n tr\u1ea7n, Kim ti\u1ec1n th\u1ea3o, B\u1ed3 c\u00f4ng anh, Xuy\u00ean luy\u1ec7n t\u1eed, Ho\u00e0ng c\u1ea7m, U\u1ea5t kim&#8230;<\/p>\n<p class=\"preFade\" style=\"transition-timing-function: ease; transition-duration: 1.5s; transition-delay: 0.231579s;\"><strong>C\u00e1ch d\u00f9ng:<\/strong>&nbsp;Ng\u00e0y u\u1ed1ng 3 l\u1ea7n, m\u1ed7i l\u1ea7n 3-4 vi\u00ean.<\/p>\n<p class=\"preFade\" style=\"transition-timing-function: ease; transition-duration: 1.5s; transition-delay: 0.242105s;\"><strong>Ki\u00eang c\u1eef:<\/strong>&nbsp;Th\u1ee9c \u0103n kh\u00f3 ti\u00eau, nhi\u1ec1u d\u1ea7u m\u1ee1.<\/p>","protected":false},"excerpt":{"rendered":"<p>T\u00e1c d\u1ee5ng:&nbsp;Gi\u00fap l\u00e0m m\u1ec1m s\u1ecfi, chuy\u1ec3n h\u00f3a th\u00e0nh b\u00f9n, khai th\u00f4ng t\u00fai m\u1eadt. Th\u00e0nh ph\u1ea7n:&nbsp;Nh\u00e2n tr\u1ea7n, Kim ti\u1ec1n th\u1ea3o, B\u1ed3 c\u00f4ng anh, Xuy\u00ean luy\u1ec7n t\u1eed, Ho\u00e0ng c\u1ea7m, U\u1ea5t kim&#8230; C\u00e1ch d\u00f9ng:&nbsp;Ng\u00e0y u\u1ed1ng 3 l\u1ea7n, m\u1ed7i l\u1ea7n 3-4 vi\u00ean. Ki\u00eang c\u1eef:&nbsp;Th\u1ee9c \u0103n kh\u00f3 ti\u00eau, nhi\u1ec1u d\u1ea7u m\u1ee1.<\/p>","protected":false},"featured_media":1747,"comment_status":"closed","ping_status":"open","template":"","meta":[],"_links":{"self":[{"href":"https:\/\/the1011.com\/en\/wp-json\/wp\/v2\/product\/1943"}],"collection":[{"href":"https:\/\/the1011.com\/en\/wp-json\/wp\/v2\/product"}],"about":[{"href":"https:\/\/the1011.com\/en\/wp-json\/wp\/v2\/types\/product"}],"replies":[{"embeddable":true,"href":"https:\/\/the1011.com\/en\/wp-json\/wp\/v2\/comments?post=1943"}],"wp:featuredmedia":[{"embeddable":true,"href":"https:\/\/the1011.com\/en\/wp-json\/wp\/v2\/media\/1747"}],"wp:attachment":[{"href":"https:\/\/the1011.com\/en\/wp-json\/wp\/v2\/media?parent=1943"}],"curies":[{"name":"wp","href":"https:\/\/api.w.org\/{rel}","templated":true}]}}