{"id":1942,"date":"2024-08-05T16:28:24","date_gmt":"2024-08-05T09:28:24","guid":{"rendered":"https:\/\/the1011.com\/product\/ct-010-buou-gan-hepatoma\/"},"modified":"2024-08-05T16:28:26","modified_gmt":"2024-08-05T09:28:26","slug":"ct-010-buou-gan-hepatoma","status":"publish","type":"product","link":"https:\/\/the1011.com\/en\/product\/ct-010-buou-gan-hepatoma\/","title":{"rendered":"CT.010 &#8211; B\u01af\u1edaU GAN (HEPATOMA)"},"content":{"rendered":"<p class=\"preFade\" style=\"transition-timing-function: ease; transition-duration: 1.5s; transition-delay: 0.210526s;\"><strong>T\u00e1c d\u1ee5ng:<\/strong>&nbsp;Nhuy\u1ec5n ki\u00ean t\u00e1n k\u1ebft, c\u1ea3i thi\u1ec7n nhu m\u00f4 gan, gi\u00fap gan m\u1ec1m l\u1ea1i.<\/p>\n<p class=\"preFade\" style=\"transition-timing-function: ease; transition-duration: 1.5s; transition-delay: 0.221053s;\"><strong>Th\u00e0nh ph\u1ea7n:&nbsp;<\/strong>\u0110\u01b0\u01a1ng qui, \u0110an s\u00e2m, Tr\u1ea1ch lan, Tam l\u0103ng, Nga tru\u1eadt, \u0110\u00e0o nh\u00e2n&#8230;<\/p>\n<p class=\"preFade\" style=\"transition-timing-function: ease; transition-duration: 1.5s; transition-delay: 0.231579s;\"><strong>C\u00e1ch d\u00f9ng:&nbsp;<\/strong>Ng\u00e0y u\u1ed1ng 3 l\u1ea7n, m\u1ed7i l\u1ea7n 3-4 vi\u00ean.<\/p>\n<p class=\"preFade\" style=\"transition-timing-function: ease; transition-duration: 1.5s; transition-delay: 0.242105s;\"><strong>Ki\u00eang c\u1eef:&nbsp;<\/strong>Th\u1ee9c \u0103n \u0111\u00f3ng h\u1ed9p, kho n\u1ea5u nhi\u1ec1u l\u1ea7n, kh\u00f3 ti\u00eau, nhi\u1ec1u d\u1ea7u m\u1ee1, gia v\u1ecb cay n\u00f3ng.<\/p>","protected":false},"excerpt":{"rendered":"<p>T\u00e1c d\u1ee5ng:&nbsp;Nhuy\u1ec5n ki\u00ean t\u00e1n k\u1ebft, c\u1ea3i thi\u1ec7n nhu m\u00f4 gan, gi\u00fap gan m\u1ec1m l\u1ea1i. Th\u00e0nh ph\u1ea7n:&nbsp;\u0110\u01b0\u01a1ng qui, \u0110an s\u00e2m, Tr\u1ea1ch lan, Tam l\u0103ng, Nga tru\u1eadt, \u0110\u00e0o nh\u00e2n&#8230; C\u00e1ch d\u00f9ng:&nbsp;Ng\u00e0y u\u1ed1ng 3 l\u1ea7n, m\u1ed7i l\u1ea7n 3-4 vi\u00ean. Ki\u00eang c\u1eef:&nbsp;Th\u1ee9c \u0103n \u0111\u00f3ng h\u1ed9p, kho n\u1ea5u nhi\u1ec1u l\u1ea7n, kh\u00f3 ti\u00eau, nhi\u1ec1u d\u1ea7u m\u1ee1, gia v\u1ecb cay n\u00f3ng.<\/p>","protected":false},"featured_media":1748,"comment_status":"closed","ping_status":"open","template":"","meta":[],"_links":{"self":[{"href":"https:\/\/the1011.com\/en\/wp-json\/wp\/v2\/product\/1942"}],"collection":[{"href":"https:\/\/the1011.com\/en\/wp-json\/wp\/v2\/product"}],"about":[{"href":"https:\/\/the1011.com\/en\/wp-json\/wp\/v2\/types\/product"}],"replies":[{"embeddable":true,"href":"https:\/\/the1011.com\/en\/wp-json\/wp\/v2\/comments?post=1942"}],"wp:featuredmedia":[{"embeddable":true,"href":"https:\/\/the1011.com\/en\/wp-json\/wp\/v2\/media\/1748"}],"wp:attachment":[{"href":"https:\/\/the1011.com\/en\/wp-json\/wp\/v2\/media?parent=1942"}],"curies":[{"name":"wp","href":"https:\/\/api.w.org\/{rel}","templated":true}]}}