{"id":1941,"date":"2024-08-05T16:28:24","date_gmt":"2024-08-05T09:28:24","guid":{"rendered":"https:\/\/the1011.com\/product\/ct-009-xo-gan-co-truong-cirrhotic-ascites\/"},"modified":"2024-08-05T16:28:26","modified_gmt":"2024-08-05T09:28:26","slug":"ct-009-xo-gan-co-truong-cirrhotic-ascites","status":"publish","type":"product","link":"https:\/\/the1011.com\/en\/product\/ct-009-xo-gan-co-truong-cirrhotic-ascites\/","title":{"rendered":"CT.009 &#8211; X\u01a0 GAN C\u1ed4 TR\u01af\u1edaNG (CIRRHOTIC ASCITES)"},"content":{"rendered":"<p class=\"preFade\" style=\"transition-timing-function: ease; transition-duration: 1.5s; transition-delay: 0.210526s;\"><strong>T\u00e1c d\u1ee5ng:<\/strong>&nbsp;Gi\u1ea3i \u0111\u1ed9c, gi\u1ea3m tr\u01b0\u1edbng, c\u1ea3i thi\u1ec7n v\u00e0 ph\u1ee5c h\u1ed3i ch\u1ee9c n\u0103ng gan.<\/p>\n<p class=\"preFade\" style=\"transition-timing-function: ease; transition-duration: 1.5s; transition-delay: 0.221053s;\"><strong>Th\u00e0nh ph\u1ea7n:<\/strong>&nbsp;Kim ti\u1ec1n th\u1ea3o, \u0110an s\u00e2m, X\u00edch Ph\u1ee5c linh, \u0110\u1ea1i Ph\u00fac b\u00ec, H\u1ed3ng hoa, Tr\u1ea1ch lan, \u0110\u1ea1i ho\u00e0ng&#8230;<\/p>\n<p class=\"preFade\" style=\"transition-timing-function: ease; transition-duration: 1.5s; transition-delay: 0.231579s;\"><strong>C\u00e1ch d\u00f9ng:<\/strong>&nbsp;Ng\u00e0y u\u1ed1ng 3 l\u1ea7n, m\u1ed7i l\u1ea7n 3-4 vi\u00ean.<\/p>\n<p class=\"preFade\" style=\"transition-timing-function: ease; transition-duration: 1.5s; transition-delay: 0.242105s;\"><strong>Ki\u00eang c\u1eef:<\/strong>&nbsp;Th\u1ee9c \u0103n kh\u00f3 ti\u00eau, h\u00e2m n\u1ea5u nhi\u1ec1u ng\u00e0y, nhi\u1ec1u d\u1ea7u m\u1ee1, gia v\u1ecb cay n\u00f3ng.<\/p>","protected":false},"excerpt":{"rendered":"<p>T\u00e1c d\u1ee5ng:&nbsp;Gi\u1ea3i \u0111\u1ed9c, gi\u1ea3m tr\u01b0\u1edbng, c\u1ea3i thi\u1ec7n v\u00e0 ph\u1ee5c h\u1ed3i ch\u1ee9c n\u0103ng gan. Th\u00e0nh ph\u1ea7n:&nbsp;Kim ti\u1ec1n th\u1ea3o, \u0110an s\u00e2m, X\u00edch Ph\u1ee5c linh, \u0110\u1ea1i Ph\u00fac b\u00ec, H\u1ed3ng hoa, Tr\u1ea1ch lan, \u0110\u1ea1i ho\u00e0ng&#8230; C\u00e1ch d\u00f9ng:&nbsp;Ng\u00e0y u\u1ed1ng 3 l\u1ea7n, m\u1ed7i l\u1ea7n 3-4 vi\u00ean. Ki\u00eang c\u1eef:&nbsp;Th\u1ee9c \u0103n kh\u00f3 ti\u00eau, h\u00e2m n\u1ea5u nhi\u1ec1u ng\u00e0y, nhi\u1ec1u d\u1ea7u m\u1ee1, gia v\u1ecb cay<\/p>","protected":false},"featured_media":1746,"comment_status":"closed","ping_status":"open","template":"","meta":[],"_links":{"self":[{"href":"https:\/\/the1011.com\/en\/wp-json\/wp\/v2\/product\/1941"}],"collection":[{"href":"https:\/\/the1011.com\/en\/wp-json\/wp\/v2\/product"}],"about":[{"href":"https:\/\/the1011.com\/en\/wp-json\/wp\/v2\/types\/product"}],"replies":[{"embeddable":true,"href":"https:\/\/the1011.com\/en\/wp-json\/wp\/v2\/comments?post=1941"}],"wp:featuredmedia":[{"embeddable":true,"href":"https:\/\/the1011.com\/en\/wp-json\/wp\/v2\/media\/1746"}],"wp:attachment":[{"href":"https:\/\/the1011.com\/en\/wp-json\/wp\/v2\/media?parent=1941"}],"curies":[{"name":"wp","href":"https:\/\/api.w.org\/{rel}","templated":true}]}}