{"id":1940,"date":"2024-08-05T16:28:24","date_gmt":"2024-08-05T09:28:24","guid":{"rendered":"https:\/\/the1011.com\/product\/ct-008-xo-gan-chai-gan-cirrhosis\/"},"modified":"2024-08-05T16:28:26","modified_gmt":"2024-08-05T09:28:26","slug":"ct-008-xo-gan-chai-gan-cirrhosis","status":"publish","type":"product","link":"https:\/\/the1011.com\/en\/product\/ct-008-xo-gan-chai-gan-cirrhosis\/","title":{"rendered":"CT.008 &#8211; X\u01a0 GAN, CHAI GAN (CIRRHOSIS)"},"content":{"rendered":"<p class=\"preFade\" style=\"transition-timing-function: ease; transition-duration: 1.5s; transition-delay: 0.210526s;\"><strong>T\u00e1c d\u1ee5ng:<\/strong>&nbsp;B\u1ed5 tr\u1ee3 gan, gi\u1ea3i \u0111\u1ed9c, gi\u00fap gi\u1ea3m x\u01a1 h\u00f3a v\u00e0 ph\u1ee5c h\u1ed3i ch\u1ee9c n\u0103ng gan.<\/p>\n<p class=\"preFade\" style=\"transition-timing-function: ease; transition-duration: 1.5s; transition-delay: 0.221053s;\"><strong>Th\u00e0nh ph\u1ea7n:&nbsp;<\/strong>Kim ti\u1ec1n th\u1ea3o, B\u00e1n chi li\u00ean, \u0110an s\u00e2m, Nh\u00e2n tr\u1ea7n, Cam th\u1ea3o, Nga tru\u1eadt&#8230;<\/p>\n<p class=\"preFade\" style=\"transition-timing-function: ease; transition-duration: 1.5s; transition-delay: 0.231579s;\"><strong>C\u00e1ch d\u00f9ng:&nbsp;<\/strong>Ng\u00e0y u\u1ed1ng 3 l\u1ea7n, m\u1ed7i l\u1ea7n 3-4 vi\u00ean.<\/p>\n<p class=\"preFade\" style=\"transition-timing-function: ease; transition-duration: 1.5s; transition-delay: 0.242105s;\"><strong>Ki\u00eang c\u1eef:&nbsp;<\/strong>Th\u1ee9c \u0103n \u0111\u00f3ng h\u1ed9p, kho n\u1ea5u nhi\u1ec1u l\u1ea7n, kh\u00f3 ti\u00eau, nhi\u1ec1u d\u1ea7u m\u1ee1, gia v\u1ecb cay .<\/p>","protected":false},"excerpt":{"rendered":"<p>T\u00e1c d\u1ee5ng:&nbsp;B\u1ed5 tr\u1ee3 gan, gi\u1ea3i \u0111\u1ed9c, gi\u00fap gi\u1ea3m x\u01a1 h\u00f3a v\u00e0 ph\u1ee5c h\u1ed3i ch\u1ee9c n\u0103ng gan. Th\u00e0nh ph\u1ea7n:&nbsp;Kim ti\u1ec1n th\u1ea3o, B\u00e1n chi li\u00ean, \u0110an s\u00e2m, Nh\u00e2n tr\u1ea7n, Cam th\u1ea3o, Nga tru\u1eadt&#8230; C\u00e1ch d\u00f9ng:&nbsp;Ng\u00e0y u\u1ed1ng 3 l\u1ea7n, m\u1ed7i l\u1ea7n 3-4 vi\u00ean. Ki\u00eang c\u1eef:&nbsp;Th\u1ee9c \u0103n \u0111\u00f3ng h\u1ed9p, kho n\u1ea5u nhi\u1ec1u l\u1ea7n, kh\u00f3 ti\u00eau, nhi\u1ec1u d\u1ea7u m\u1ee1, gia<\/p>","protected":false},"featured_media":1744,"comment_status":"closed","ping_status":"open","template":"","meta":[],"_links":{"self":[{"href":"https:\/\/the1011.com\/en\/wp-json\/wp\/v2\/product\/1940"}],"collection":[{"href":"https:\/\/the1011.com\/en\/wp-json\/wp\/v2\/product"}],"about":[{"href":"https:\/\/the1011.com\/en\/wp-json\/wp\/v2\/types\/product"}],"replies":[{"embeddable":true,"href":"https:\/\/the1011.com\/en\/wp-json\/wp\/v2\/comments?post=1940"}],"wp:featuredmedia":[{"embeddable":true,"href":"https:\/\/the1011.com\/en\/wp-json\/wp\/v2\/media\/1744"}],"wp:attachment":[{"href":"https:\/\/the1011.com\/en\/wp-json\/wp\/v2\/media?parent=1940"}],"curies":[{"name":"wp","href":"https:\/\/api.w.org\/{rel}","templated":true}]}}