{"id":1939,"date":"2024-08-05T16:28:24","date_gmt":"2024-08-05T09:28:24","guid":{"rendered":"https:\/\/the1011.com\/product\/ct-007a-viem-sung-tuy-tang\/"},"modified":"2024-08-05T16:28:26","modified_gmt":"2024-08-05T09:28:26","slug":"ct-007a-viem-sung-tuy-tang","status":"publish","type":"product","link":"https:\/\/the1011.com\/en\/product\/ct-007a-viem-sung-tuy-tang\/","title":{"rendered":"CT.007A &#8211; VI\u00caM S\u01afNG TU\u1ef4 T\u1ea0NG"},"content":{"rendered":"<p class=\"preFade\" style=\"transition-timing-function: ease; transition-duration: 1.5s; transition-delay: 0.210526s;\"><strong>T\u00e1c d\u1ee5ng:<\/strong> N\u00e2ng cao ch\u1ee9c n\u0103ng T\u1ee5y t\u1ea1ng. C\u1ea3i thi\u1ec7n v\u00e0 ph\u1ee5c h\u1ed3i T\u1ee5y t\u1ea1ng b\u1ecb vi\u00eam c\u1ea5p t\u00ednh, m\u00e3n t\u00ednh v\u1edbi c\u00e1c tri\u1ec7u ch\u1ee9ng \u0111au t\u1ee9c v\u00f9ng b\u1ee5ng s\u01b0\u1eddn tr\u00e1i lan ra sau l\u01b0ng, bu\u1ed3n n\u00f4n, \u00f3i m\u1eeda, \u0103n kh\u00f3 ti\u00eau. Bi\u1ebfn ch\u1ee9ng ng\u00e2y suy tim, suy th\u1eadn, suy h\u00f4 h\u1ea5p, t\u1eafc \u1ed1ng m\u1eadt ch\u1ee7, c\u1ed5 tr\u01b0\u1edbng (\u1ee9 d\u1ecbch trong khoang b\u1ee5ng)\u2026<\/p>\n<p class=\"preFade\" style=\"transition-timing-function: ease; transition-duration: 1.5s; transition-delay: 0.221053s;\"><strong>Th\u00e0nh ph\u1ea7n:<\/strong> M\u1eabu l\u1ec7, Xuy\u00ean luy\u1ec7n t\u1eed, B\u1ea1ch tru\u1eadt, \u0110\u01b0\u01a1ng qui, \u00d4 d\u01b0\u1ee3c, Di\u00ean h\u1ed3 s\u00e1ch, Ty qua l\u1ea1c, Mi\u1ebft gi\u00e1p, H\u1ed3ng hoa, Tam th\u1ea5t\u2026<\/p>\n<p class=\"preFade\" style=\"transition-timing-function: ease; transition-duration: 1.5s; transition-delay: 0.231579s;\"><strong>C\u00e1ch d\u00f9ng:<\/strong> Ng\u00e0y 3 l\u1ea7n, m\u1ed7i l\u1ea7n 3-4 vi\u00ean sau b\u1eefa \u0103n.<\/p>\n<p class=\"preFade\" style=\"transition-timing-function: ease; transition-duration: 1.5s; transition-delay: 0.242105s;\"><strong>Ki\u00eang c\u1eef:<\/strong> Tr\u00e1nh \u0103n nh\u1eefng th\u1ef1c ph\u1ea9m ch\u1ee9a nhi\u1ec1u d\u1ea9u, m\u1ee1 \u0111\u1ed9ng v\u1eadt, th\u1ee9c \u0103n kh\u00f3 ti\u00eau h\u00f3a, bia r\u01b0\u1ee3u, lao \u0111\u1ed9ng n\u1eb7ng nh\u1ecdc, ch\u01a1i c\u00e1c m\u00f4n th\u1ec3 thao d\u1ec5 va ch\u1ea1m m\u1ea1nh<\/p>","protected":false},"excerpt":{"rendered":"<p>T\u00e1c d\u1ee5ng: N\u00e2ng cao ch\u1ee9c n\u0103ng T\u1ee5y t\u1ea1ng. C\u1ea3i thi\u1ec7n v\u00e0 ph\u1ee5c h\u1ed3i T\u1ee5y t\u1ea1ng b\u1ecb vi\u00eam c\u1ea5p t\u00ednh, m\u00e3n t\u00ednh v\u1edbi c\u00e1c tri\u1ec7u ch\u1ee9ng \u0111au t\u1ee9c v\u00f9ng b\u1ee5ng s\u01b0\u1eddn tr\u00e1i lan ra sau l\u01b0ng, bu\u1ed3n n\u00f4n, \u00f3i m\u1eeda, \u0103n kh\u00f3 ti\u00eau. Bi\u1ebfn ch\u1ee9ng ng\u00e2y suy tim, suy th\u1eadn, suy h\u00f4 h\u1ea5p, t\u1eafc \u1ed1ng m\u1eadt<\/p>","protected":false},"featured_media":1745,"comment_status":"closed","ping_status":"open","template":"","meta":[],"_links":{"self":[{"href":"https:\/\/the1011.com\/en\/wp-json\/wp\/v2\/product\/1939"}],"collection":[{"href":"https:\/\/the1011.com\/en\/wp-json\/wp\/v2\/product"}],"about":[{"href":"https:\/\/the1011.com\/en\/wp-json\/wp\/v2\/types\/product"}],"replies":[{"embeddable":true,"href":"https:\/\/the1011.com\/en\/wp-json\/wp\/v2\/comments?post=1939"}],"wp:featuredmedia":[{"embeddable":true,"href":"https:\/\/the1011.com\/en\/wp-json\/wp\/v2\/media\/1745"}],"wp:attachment":[{"href":"https:\/\/the1011.com\/en\/wp-json\/wp\/v2\/media?parent=1939"}],"curies":[{"name":"wp","href":"https:\/\/api.w.org\/{rel}","templated":true}]}}