{"id":1938,"date":"2024-08-05T16:28:24","date_gmt":"2024-08-05T09:28:24","guid":{"rendered":"https:\/\/the1011.com\/product\/ct-007-sung-gan-lach-swollen-liver-spleen\/"},"modified":"2024-08-05T16:28:26","modified_gmt":"2024-08-05T09:28:26","slug":"ct-007-sung-gan-lach-swollen-liver-spleen","status":"publish","type":"product","link":"https:\/\/the1011.com\/en\/product\/ct-007-sung-gan-lach-swollen-liver-spleen\/","title":{"rendered":"CT.007 &#8211; S\u01afNG GAN L\u00c1CH (SWOLLEN LIVER &#038; SPLEEN)"},"content":{"rendered":"<p class=\"preFade\" style=\"transition-timing-function: ease; transition-duration: 1.5s; transition-delay: 0.210526s;\"><strong>T\u00e1c d\u1ee5ng:&nbsp;<\/strong>B\u1ed5 tr\u1ee3 v\u00e0 c\u1ea3i thi\u1ec7n ch\u1ee9c n\u0103ng gan l\u00e1ch, gi\u1ea3m s\u01b0ng, h\u1ea1 men, tr\u1ee3 ti\u00eau h\u00f3a.<\/p>\n<p class=\"preFade\" style=\"transition-timing-function: ease; transition-duration: 1.5s; transition-delay: 0.221053s;\"><strong>Th\u00e0nh ph\u1ea7n:<\/strong>&nbsp;Nh\u00e2n tr\u1ea7n, \u0110\u01b0\u01a1ng qui, H\u01b0\u01a1ng ph\u1ee5, Tr\u1ea1ch lan, \u00dd d\u0129 nh\u00e2n, H\u1ed3ng hoa&#8230;<\/p>\n<p class=\"preFade\" style=\"transition-timing-function: ease; transition-duration: 1.5s; transition-delay: 0.231579s;\"><strong>C\u00e1ch d\u00f9ng:&nbsp;<\/strong>Ng\u00e0y u\u1ed1ng 3 l\u1ea7n, m\u1ed7i l\u1ea7n 3-4 vi\u00ean.<\/p>\n<p class=\"preFade\" style=\"transition-timing-function: ease; transition-duration: 1.5s; transition-delay: 0.242105s;\"><strong>Ki\u00eang c\u1eef:<\/strong>&nbsp;Th\u1ee9c \u0103n \u0111\u00f3ng h\u1ed9p, kho n\u1ea5u nhi\u1ec1u l\u1ea7n, kh\u00f3 ti\u00eau, nhi\u1ec1u d\u1ea7u m\u1ee1, gia v\u1ecb cay.<\/p>","protected":false},"excerpt":{"rendered":"<p>T\u00e1c d\u1ee5ng:&nbsp;B\u1ed5 tr\u1ee3 v\u00e0 c\u1ea3i thi\u1ec7n ch\u1ee9c n\u0103ng gan l\u00e1ch, gi\u1ea3m s\u01b0ng, h\u1ea1 men, tr\u1ee3 ti\u00eau h\u00f3a. Th\u00e0nh ph\u1ea7n:&nbsp;Nh\u00e2n tr\u1ea7n, \u0110\u01b0\u01a1ng qui, H\u01b0\u01a1ng ph\u1ee5, Tr\u1ea1ch lan, \u00dd d\u0129 nh\u00e2n, H\u1ed3ng hoa&#8230; C\u00e1ch d\u00f9ng:&nbsp;Ng\u00e0y u\u1ed1ng 3 l\u1ea7n, m\u1ed7i l\u1ea7n 3-4 vi\u00ean. Ki\u00eang c\u1eef:&nbsp;Th\u1ee9c \u0103n \u0111\u00f3ng h\u1ed9p, kho n\u1ea5u nhi\u1ec1u l\u1ea7n, kh\u00f3 ti\u00eau, nhi\u1ec1u d\u1ea7u m\u1ee1, gia<\/p>","protected":false},"featured_media":1743,"comment_status":"closed","ping_status":"open","template":"","meta":[],"_links":{"self":[{"href":"https:\/\/the1011.com\/en\/wp-json\/wp\/v2\/product\/1938"}],"collection":[{"href":"https:\/\/the1011.com\/en\/wp-json\/wp\/v2\/product"}],"about":[{"href":"https:\/\/the1011.com\/en\/wp-json\/wp\/v2\/types\/product"}],"replies":[{"embeddable":true,"href":"https:\/\/the1011.com\/en\/wp-json\/wp\/v2\/comments?post=1938"}],"wp:featuredmedia":[{"embeddable":true,"href":"https:\/\/the1011.com\/en\/wp-json\/wp\/v2\/media\/1743"}],"wp:attachment":[{"href":"https:\/\/the1011.com\/en\/wp-json\/wp\/v2\/media?parent=1938"}],"curies":[{"name":"wp","href":"https:\/\/api.w.org\/{rel}","templated":true}]}}