{"id":1937,"date":"2024-08-05T16:28:24","date_gmt":"2024-08-05T09:28:24","guid":{"rendered":"https:\/\/the1011.com\/product\/ct-006-men-gan-cao-gan-nhiem-mo-high-liver-enzymes-steatosis\/"},"modified":"2024-08-05T16:28:25","modified_gmt":"2024-08-05T09:28:25","slug":"ct-006-men-gan-cao-gan-nhiem-mo-high-liver-enzymes-steatosis","status":"publish","type":"product","link":"https:\/\/the1011.com\/en\/product\/ct-006-men-gan-cao-gan-nhiem-mo-high-liver-enzymes-steatosis\/","title":{"rendered":"CT.006 &#8211; MEN GAN CAO, GAN NHI\u1ec4M M\u1ee0 (HIGH LIVER ENZYMES, STEATOSIS)"},"content":{"rendered":"<p class=\"preFade\" style=\"transition-timing-function: ease; transition-duration: 1.5s; transition-delay: 0.210526s;\"><strong>T\u00e1c d\u1ee5ng:<\/strong>&nbsp;B\u1ed5 tr\u1ee3 v\u00e0 c\u1ea3i thi\u1ec7n ch\u1ee9c n\u0103ng gan, gi\u1ea3m s\u01b0ng, gi\u1ea3m men, gi\u1ea3m m\u1ee1.<\/p>\n<p class=\"preFade\" style=\"transition-timing-function: ease; transition-duration: 1.5s; transition-delay: 0.221053s;\"><strong>Th\u00e0nh ph\u1ea7n:&nbsp;<\/strong>Nh\u00e2n tr\u1ea7n, B\u1ea1ch th\u01b0\u1ee3c, U\u1ea5t kim, Xuy\u00ean luy\u1ec7n t\u1eed, Ng\u0169 v\u1ecb t\u1eed, Milk thistle&#8230;<\/p>\n<p class=\"preFade\" style=\"transition-timing-function: ease; transition-duration: 1.5s; transition-delay: 0.231579s;\"><strong>C\u00e1ch d\u00f9ng:<\/strong>&nbsp;Ng\u00e0y u\u1ed1ng 3 l\u1ea7n, m\u1ed7i l\u1ea7n 3-4 vi\u00ean.<\/p>\n<p class=\"preFade\" style=\"transition-timing-function: ease; transition-duration: 1.5s; transition-delay: 0.242105s;\"><strong>Ki\u00eang c\u1eef:&nbsp;<\/strong>Th\u1ee9c \u0103n \u0111\u00f3ng h\u1ed9p, kho n\u1ea5u nhi\u1ec1u l\u1ea7n, kh\u00f3 ti\u00eau, nhi\u1ec1u d\u1ea7u m\u1ee1, gia v\u1ecb cay.<\/p>","protected":false},"excerpt":{"rendered":"<p>T\u00e1c d\u1ee5ng:&nbsp;B\u1ed5 tr\u1ee3 v\u00e0 c\u1ea3i thi\u1ec7n ch\u1ee9c n\u0103ng gan, gi\u1ea3m s\u01b0ng, gi\u1ea3m men, gi\u1ea3m m\u1ee1. Th\u00e0nh ph\u1ea7n:&nbsp;Nh\u00e2n tr\u1ea7n, B\u1ea1ch th\u01b0\u1ee3c, U\u1ea5t kim, Xuy\u00ean luy\u1ec7n t\u1eed, Ng\u0169 v\u1ecb t\u1eed, Milk thistle&#8230; C\u00e1ch d\u00f9ng:&nbsp;Ng\u00e0y u\u1ed1ng 3 l\u1ea7n, m\u1ed7i l\u1ea7n 3-4 vi\u00ean. Ki\u00eang c\u1eef:&nbsp;Th\u1ee9c \u0103n \u0111\u00f3ng h\u1ed9p, kho n\u1ea5u nhi\u1ec1u l\u1ea7n, kh\u00f3 ti\u00eau, nhi\u1ec1u d\u1ea7u m\u1ee1, gia v\u1ecb<\/p>","protected":false},"featured_media":1742,"comment_status":"closed","ping_status":"open","template":"","meta":[],"_links":{"self":[{"href":"https:\/\/the1011.com\/en\/wp-json\/wp\/v2\/product\/1937"}],"collection":[{"href":"https:\/\/the1011.com\/en\/wp-json\/wp\/v2\/product"}],"about":[{"href":"https:\/\/the1011.com\/en\/wp-json\/wp\/v2\/types\/product"}],"replies":[{"embeddable":true,"href":"https:\/\/the1011.com\/en\/wp-json\/wp\/v2\/comments?post=1937"}],"wp:featuredmedia":[{"embeddable":true,"href":"https:\/\/the1011.com\/en\/wp-json\/wp\/v2\/media\/1742"}],"wp:attachment":[{"href":"https:\/\/the1011.com\/en\/wp-json\/wp\/v2\/media?parent=1937"}],"curies":[{"name":"wp","href":"https:\/\/api.w.org\/{rel}","templated":true}]}}