{"id":1935,"date":"2024-08-05T16:28:24","date_gmt":"2024-08-05T09:28:24","guid":{"rendered":"https:\/\/the1011.com\/product\/ct-087-tu-huyet-dau-chi-mau-u-dau-ngon-tay-chan-chilblain-ecchymoses\/"},"modified":"2024-08-05T16:28:25","modified_gmt":"2024-08-05T09:28:25","slug":"ct-087-tu-huyet-dau-chi-mau-u-dau-ngon-tay-chan-chilblain-ecchymoses","status":"publish","type":"product","link":"https:\/\/the1011.com\/en\/product\/ct-087-tu-huyet-dau-chi-mau-u-dau-ngon-tay-chan-chilblain-ecchymoses\/","title":{"rendered":"CT.087 &#8211; T\u1ee4 HUY\u1ebeT \u0110\u1ea6U CHI (M\u00c1U \u1ee8 \u0110\u1ea6U NG\u00d3N TAY, CH\u00c2N) (CHILBLAIN, ECCHYMOSES)"},"content":{"rendered":"<p class=\"preFade\" style=\"transition-timing-function: ease; transition-duration: 1.5s; transition-delay: 0.210526s;\"><strong><em>T\u00e1c d\u1ee5ng<\/em><\/strong>: Ch\u1ed1ng l\u1ea1nh, gi\u1ea3i \u0111\u1ed9c, khai th\u00f4ng huy\u1ebft m\u1ea1ch. Gi\u00fap th\u00fac \u0111\u1ea9y m\u00e1u l\u01b0u th\u00f4ng m\u1ea1nh m\u1ebd, l\u00e0m tan m\u00e1u b\u1ea7m ng\u01b0ng t\u1ee5 t\u1ea1i c\u00e1c \u0111\u1ea7u ng\u00f3n tay ng\u00f3n ch\u00e2n do ti\u1ebfp x\u00fac th\u1eddi ti\u1ebft l\u1ea1nh ho\u1eb7c do nhi\u1ec7t \u0111\u1ed9c g\u00e2y vi\u00eam s\u01b0ng, \u0111au nh\u1ee9c, nung m\u1ee7, l\u00e0m th\u1ed1i m\u00f3ng tay ch\u00e2n.<\/p>\n<p class=\"preFade\" style=\"transition-timing-function: ease; transition-duration: 1.5s; transition-delay: 0.221053s;\"><strong>Th\u00e0nh ph\u1ea7n:&nbsp;<\/strong>Ho\u00e0ng k\u1ef3, \u0110\u1ea3ng s\u00e2m, K\u00ea huy\u1ebft \u0111\u1eb1ng, Ty qua l\u1ea1c, H\u1ed3ng hoa\u2026<\/p>\n<p class=\"preFade\" style=\"transition-timing-function: ease; transition-duration: 1.5s; transition-delay: 0.231579s;\"><strong>C\u00e1ch d\u00f9ng:&nbsp;<\/strong>Ng\u00e0y u\u1ed1ng 3 l\u1ea7n, m\u1ed7i l\u1ea7n 3-4 vi\u00ean.<\/p>\n<p class=\"preFade\" style=\"transition-timing-function: ease; transition-duration: 1.5s; transition-delay: 0.242105s;\"><strong>Ki\u00eang c\u1eef:&nbsp;<\/strong>S\u1ed1ng ho\u1eb7c l\u00e0m vi\u1ec7c n\u01a1i qu\u00e1 l\u1ea1nh, ti\u1ebfp x\u00fac ho\u1eb7c va ch\u1ea1m nhi\u1ec1u c\u00e1c \u0111\u1ea7u chi.<\/p>","protected":false},"excerpt":{"rendered":"<p>T\u00e1c d\u1ee5ng: Ch\u1ed1ng l\u1ea1nh, gi\u1ea3i \u0111\u1ed9c, khai th\u00f4ng huy\u1ebft m\u1ea1ch. Gi\u00fap th\u00fac \u0111\u1ea9y m\u00e1u l\u01b0u th\u00f4ng m\u1ea1nh m\u1ebd, l\u00e0m tan m\u00e1u b\u1ea7m ng\u01b0ng t\u1ee5 t\u1ea1i c\u00e1c \u0111\u1ea7u ng\u00f3n tay ng\u00f3n ch\u00e2n do ti\u1ebfp x\u00fac th\u1eddi ti\u1ebft l\u1ea1nh ho\u1eb7c do nhi\u1ec7t \u0111\u1ed9c g\u00e2y vi\u00eam s\u01b0ng, \u0111au nh\u1ee9c, nung m\u1ee7, l\u00e0m th\u1ed1i m\u00f3ng tay ch\u00e2n. Th\u00e0nh ph\u1ea7n:&nbsp;Ho\u00e0ng<\/p>","protected":false},"featured_media":1778,"comment_status":"closed","ping_status":"open","template":"","meta":[],"_links":{"self":[{"href":"https:\/\/the1011.com\/en\/wp-json\/wp\/v2\/product\/1935"}],"collection":[{"href":"https:\/\/the1011.com\/en\/wp-json\/wp\/v2\/product"}],"about":[{"href":"https:\/\/the1011.com\/en\/wp-json\/wp\/v2\/types\/product"}],"replies":[{"embeddable":true,"href":"https:\/\/the1011.com\/en\/wp-json\/wp\/v2\/comments?post=1935"}],"wp:featuredmedia":[{"embeddable":true,"href":"https:\/\/the1011.com\/en\/wp-json\/wp\/v2\/media\/1778"}],"wp:attachment":[{"href":"https:\/\/the1011.com\/en\/wp-json\/wp\/v2\/media?parent=1935"}],"curies":[{"name":"wp","href":"https:\/\/api.w.org\/{rel}","templated":true}]}}