{"id":1934,"date":"2024-08-05T16:28:24","date_gmt":"2024-08-05T09:28:24","guid":{"rendered":"https:\/\/the1011.com\/product\/ct-078-chi-huyet-cam-mau\/"},"modified":"2024-08-05T16:28:25","modified_gmt":"2024-08-05T09:28:25","slug":"ct-078-chi-huyet-cam-mau","status":"publish","type":"product","link":"https:\/\/the1011.com\/en\/product\/ct-078-chi-huyet-cam-mau\/","title":{"rendered":"CT.078 &#8211; CH\u1ec8 HUY\u1ebeT\/C\u1ea6M M\u00c1U"},"content":{"rendered":"<p class=\"preFade\" style=\"transition-timing-function: ease; transition-duration: 1.5s; transition-delay: 0.210526s;\"><strong>T\u00e1c d\u1ee5ng:<\/strong><span>&nbsp;<\/span>Gi\u00fap c\u1ea7m m\u00e1u. L\u00e0m ng\u01b0ng nhanh c\u00e1c ch\u1ee9ng ch\u1ea3y m\u00e1u m\u0169i, ho ra m\u00e1u, ti\u1ec3u ra m\u00e1u, \u0111i ti\u00eau ph\u00e2n c\u00f3 m\u00e1u, ph\u1ee5 n\u1eef xu\u1ea5t huy\u1ebft t\u1eed cung, rong kinh, rong huy\u1ebft.<\/p>\n<p class=\"preFade\" style=\"transition-timing-function: ease; transition-duration: 1.5s; transition-delay: 0.221053s;\"><strong>Th\u00e0nh ph\u1ea7n:<\/strong><span>&nbsp;<\/span>L\u1ed9c gi\u00e1c giao, A giao ch\u00e2u, X\u00edch s\u00e2m, B\u1ea1ch mao c\u0103n, Tam th\u1ea5t c\u0103n, B\u1ed3 ho\u00e0ng. \u0110\u01b0\u01a1ng qui\u2026<\/p>\n<p class=\"preFade\" style=\"transition-timing-function: ease; transition-duration: 1.5s; transition-delay: 0.231579s;\"><strong>C\u00e1ch d\u00f9ng:<\/strong><span>&nbsp;<\/span>Ng\u00e0y u\u1ed1ng 3 l\u1ea7n, m\u1ed7i l\u1ea7n 3-4 vi\u00ean tr\u01b0\u1edbc ho\u1eb7c sau b\u1eefa \u0103n 30-40 ph\u00fat.<\/p>\n<p class=\"preFade\" style=\"transition-timing-function: ease; transition-duration: 1.5s; transition-delay: 0.242105s;\"><strong>Ki\u00eang c\u1eef:<\/strong><span>&nbsp;<\/span>C\u00e1c th\u1ee9c \u0103n, n\u01b0\u1edbc u\u1ed1ng c\u00f3 v\u1ecb chua: Cam, chanh, b\u01b0\u1edfi, c\u00e0 chua, canh chua, vitamin C\u2026 trong th\u1eddi gian d\u00f9ng CT.078.<\/p>","protected":false},"excerpt":{"rendered":"<p>T\u00e1c d\u1ee5ng:&nbsp;Gi\u00fap c\u1ea7m m\u00e1u. L\u00e0m ng\u01b0ng nhanh c\u00e1c ch\u1ee9ng ch\u1ea3y m\u00e1u m\u0169i, ho ra m\u00e1u, ti\u1ec3u ra m\u00e1u, \u0111i ti\u00eau ph\u00e2n c\u00f3 m\u00e1u, ph\u1ee5 n\u1eef xu\u1ea5t huy\u1ebft t\u1eed cung, rong kinh, rong huy\u1ebft. Th\u00e0nh ph\u1ea7n:&nbsp;L\u1ed9c gi\u00e1c giao, A giao ch\u00e2u, X\u00edch s\u00e2m, B\u1ea1ch mao c\u0103n, Tam th\u1ea5t c\u0103n, B\u1ed3 ho\u00e0ng. \u0110\u01b0\u01a1ng qui\u2026 C\u00e1ch d\u00f9ng:&nbsp;Ng\u00e0y u\u1ed1ng<\/p>","protected":false},"featured_media":1864,"comment_status":"closed","ping_status":"open","template":"","meta":[],"_links":{"self":[{"href":"https:\/\/the1011.com\/en\/wp-json\/wp\/v2\/product\/1934"}],"collection":[{"href":"https:\/\/the1011.com\/en\/wp-json\/wp\/v2\/product"}],"about":[{"href":"https:\/\/the1011.com\/en\/wp-json\/wp\/v2\/types\/product"}],"replies":[{"embeddable":true,"href":"https:\/\/the1011.com\/en\/wp-json\/wp\/v2\/comments?post=1934"}],"wp:featuredmedia":[{"embeddable":true,"href":"https:\/\/the1011.com\/en\/wp-json\/wp\/v2\/media\/1864"}],"wp:attachment":[{"href":"https:\/\/the1011.com\/en\/wp-json\/wp\/v2\/media?parent=1934"}],"curies":[{"name":"wp","href":"https:\/\/api.w.org\/{rel}","templated":true}]}}