{"id":1933,"date":"2024-08-05T16:28:24","date_gmt":"2024-08-05T09:28:24","guid":{"rendered":"https:\/\/the1011.com\/product\/ct-077-tai-bien-mach-mau-nao-shoulder-spine-neuritis-stroke\/"},"modified":"2024-08-05T16:28:25","modified_gmt":"2024-08-05T09:28:25","slug":"ct-077-tai-bien-mach-mau-nao-shoulder-spine-neuritis-stroke","status":"publish","type":"product","link":"https:\/\/the1011.com\/en\/product\/ct-077-tai-bien-mach-mau-nao-shoulder-spine-neuritis-stroke\/","title":{"rendered":"CT.077 \u2013 TAI BI\u1ebeN M\u1ea0CH M\u00c1U N\u00c3O (SHOULDER SPINE NEURITIS \u2013 STROKE)"},"content":{"rendered":"<p class=\"preFade\" style=\"white-space: pre-wrap; transition-timing-function: ease; transition-duration: 1.5s; transition-delay: 0.193846s;\"><strong>T\u00e1c d\u1ee5ng<\/strong>: Th\u00fac \u0111\u1ea9y m\u00e1u l\u01b0u th\u00f4ng, c\u1ea3i thi\u1ec7n ch\u1ee9c n\u0103ng th\u1ea7n kinh n\u00e3o v\u00e0 m\u1ea1ch m\u00e1u n\u00e3o, gi\u1ea3m c\u00e1c hi\u1ec7n t\u01b0\u1ee3ng li\u1ec7t b\u00e1n th\u00e2n, li\u1ec7t m\u1eb7t, m\u00e9o mi\u1ec7ng, x\u1ebfch m\u1eaft, l\u01b0\u1ee1i c\u1ee9ng g\u00e2y n\u00f3i ng\u1ecdng, ch\u00f3ng m\u1eb7t, c\u1ed5 h\u1ecdng nhi\u1ec1u \u0111\u00e0m. N\u00e2ng cao, ph\u1ee5c h\u1ed3i n\u0103ng l\u1ef1c v\u1eadn \u0111\u1ed9ng tay ch\u00e2n.<\/p>\n<p class=\"preFade\" style=\"white-space: pre-wrap; transition-timing-function: ease; transition-duration: 1.5s; transition-delay: 0.203077s;\"><strong>C\u00e1ch d\u00f9ng:<\/strong> <\/p>\n<p class=\"preFade\" style=\"white-space: pre-wrap; transition-timing-function: ease; transition-duration: 1.5s; transition-delay: 0.212308s;\">Thu\u1ed1c vi\u00ean: Ng\u00e0y 3 l\u1ea7n, m\u1ed7i l\u1ea7n 3-4 vi\u00ean. <\/p>\n<p class=\"preFade\" style=\"white-space: pre-wrap; transition-timing-function: ease; transition-duration: 1.5s; transition-delay: 0.221538s;\">Thu\u1ed1c t\u1ec5: Ng\u00e0y 2 l\u1ea7n, m\u1ed7i l\u1ea7n 2 ho\u00e0n nhai nu\u1ed1t v\u1edbi n\u01b0\u1edbc \u1ea5m.<\/p>\n<p class=\"preFade\" data-rte-preserve-empty=\"true\" style=\"white-space: pre-wrap; transition-timing-function: ease; transition-duration: 1.5s; transition-delay: 0.230769s;\">\n<p class=\"preFade\" data-rte-preserve-empty=\"true\" style=\"white-space: pre-wrap; transition-timing-function: ease; transition-duration: 1.5s; transition-delay: 0.24s;\">","protected":false},"excerpt":{"rendered":"<p>T\u00e1c d\u1ee5ng: Th\u00fac \u0111\u1ea9y m\u00e1u l\u01b0u th\u00f4ng, c\u1ea3i thi\u1ec7n ch\u1ee9c n\u0103ng th\u1ea7n kinh n\u00e3o v\u00e0 m\u1ea1ch m\u00e1u n\u00e3o, gi\u1ea3m c\u00e1c hi\u1ec7n t\u01b0\u1ee3ng li\u1ec7t b\u00e1n th\u00e2n, li\u1ec7t m\u1eb7t, m\u00e9o mi\u1ec7ng, x\u1ebfch m\u1eaft, l\u01b0\u1ee1i c\u1ee9ng g\u00e2y n\u00f3i ng\u1ecdng, ch\u00f3ng m\u1eb7t, c\u1ed5 h\u1ecdng nhi\u1ec1u \u0111\u00e0m. N\u00e2ng cao, ph\u1ee5c h\u1ed3i n\u0103ng l\u1ef1c v\u1eadn \u0111\u1ed9ng tay ch\u00e2n. C\u00e1ch d\u00f9ng: Thu\u1ed1c<\/p>","protected":false},"featured_media":1819,"comment_status":"closed","ping_status":"open","template":"","meta":[],"_links":{"self":[{"href":"https:\/\/the1011.com\/en\/wp-json\/wp\/v2\/product\/1933"}],"collection":[{"href":"https:\/\/the1011.com\/en\/wp-json\/wp\/v2\/product"}],"about":[{"href":"https:\/\/the1011.com\/en\/wp-json\/wp\/v2\/types\/product"}],"replies":[{"embeddable":true,"href":"https:\/\/the1011.com\/en\/wp-json\/wp\/v2\/comments?post=1933"}],"wp:featuredmedia":[{"embeddable":true,"href":"https:\/\/the1011.com\/en\/wp-json\/wp\/v2\/media\/1819"}],"wp:attachment":[{"href":"https:\/\/the1011.com\/en\/wp-json\/wp\/v2\/media?parent=1933"}],"curies":[{"name":"wp","href":"https:\/\/api.w.org\/{rel}","templated":true}]}}