{"id":1932,"date":"2024-08-05T16:28:24","date_gmt":"2024-08-05T09:28:24","guid":{"rendered":"https:\/\/the1011.com\/product\/ct-076-nghen-mach-nao-cerebral-embolism\/"},"modified":"2024-08-05T16:28:25","modified_gmt":"2024-08-05T09:28:25","slug":"ct-076-nghen-mach-nao-cerebral-embolism","status":"publish","type":"product","link":"https:\/\/the1011.com\/en\/product\/ct-076-nghen-mach-nao-cerebral-embolism\/","title":{"rendered":"CT.076 &#8211; NGH\u1ebcN M\u1ea0CH N\u00c3O (CEREBRAL EMBOLISM)"},"content":{"rendered":"<p class=\"preFade\" style=\"transition-timing-function: ease; transition-duration: 1.5s; transition-delay: 0.210526s;\"><strong><em>T\u00e1c d\u1ee5ng<\/em><\/strong>: C\u1ea3i thi\u1ec7n, ph\u1ee5c h\u1ed3i ch\u1ee9c n\u0103ng n\u00e3o b\u1ed9. Ch\u1ed1ng c\u00e1c t\u00e1c nh\u00e2n g\u00e2y ngh\u1ebdn m\u1ea1ch n\u00e3o: c\u1ee5c m\u00e1u \u0111\u00f4ng, b\u1ecdt kh\u00ed, m\u1ee1 cholesterol, kh\u1ed1i u, huy\u1ebft kh\u1ed1i n\u00e3o g\u00e2y \u0111\u1ed9t qu\u1ef5, c\u00e2m, r\u1ed1i lo\u1ea1n th\u1ecb gi\u00e1c, li\u1ec7t b\u00e1n th\u00e2n, b\u1ea5t t\u1ec9nh, bu\u1ed3n ng\u1ee7, l\u00fa l\u1eabn\u2026<\/p>\n<p class=\"preFade\" style=\"transition-timing-function: ease; transition-duration: 1.5s; transition-delay: 0.221053s;\"><strong>Th\u00e0nh ph\u1ea7n:&nbsp;<\/strong>Ho\u00e0ng k\u1ef3, \u0110an s\u00e2m, H\u1ed3ng hoa, Th\u1ea1ch x\u01b0\u01a1ng b\u1ed3, Tang chi, \u0110\u01b0\u01a1ng qui\u2026<\/p>\n<p class=\"preFade\" style=\"transition-timing-function: ease; transition-duration: 1.5s; transition-delay: 0.231579s;\"><strong>C\u00e1ch d\u00f9ng:&nbsp;<\/strong>Ng\u00e0y u\u1ed1ng 3 l\u1ea7n, m\u1ed7i l\u1ea7n 3-4 vi\u00ean, li\u00ean ti\u1ebfp 2-3 th\u00e1ng ho\u1eb7c l\u00e2u h\u01a1n \u0111\u1ec3 gi\u00fap n\u00e3o s\u1edbm h\u1ed3i ph\u1ee5c.<\/p>\n<p class=\"preFade\" style=\"transition-timing-function: ease; transition-duration: 1.5s; transition-delay: 0.242105s;\"><strong>Ki\u00eang c\u1eef:&nbsp;<\/strong>Ch\u1ea5t b\u00e9o b\u1ea3o h\u00f2a. C\u1ea7n \u0111i\u1ec1u tr\u1ecb \u1ed5n \u0111\u1ecbnh c\u00e1c ch\u1ee9ng b\u1ec7nh: cao huy\u1ebft \u00e1p, cholesterol cao, ti\u1ec3u \u0111\u01b0\u1eddng, b\u1ec7nh tim m\u1ea1ch.<\/p>","protected":false},"excerpt":{"rendered":"<p>T\u00e1c d\u1ee5ng: C\u1ea3i thi\u1ec7n, ph\u1ee5c h\u1ed3i ch\u1ee9c n\u0103ng n\u00e3o b\u1ed9. Ch\u1ed1ng c\u00e1c t\u00e1c nh\u00e2n g\u00e2y ngh\u1ebdn m\u1ea1ch n\u00e3o: c\u1ee5c m\u00e1u \u0111\u00f4ng, b\u1ecdt kh\u00ed, m\u1ee1 cholesterol, kh\u1ed1i u, huy\u1ebft kh\u1ed1i n\u00e3o g\u00e2y \u0111\u1ed9t qu\u1ef5, c\u00e2m, r\u1ed1i lo\u1ea1n th\u1ecb gi\u00e1c, li\u1ec7t b\u00e1n th\u00e2n, b\u1ea5t t\u1ec9nh, bu\u1ed3n ng\u1ee7, l\u00fa l\u1eabn\u2026 Th\u00e0nh ph\u1ea7n:&nbsp;Ho\u00e0ng k\u1ef3, \u0110an s\u00e2m, H\u1ed3ng hoa, Th\u1ea1ch<\/p>","protected":false},"featured_media":1863,"comment_status":"closed","ping_status":"open","template":"","meta":[],"_links":{"self":[{"href":"https:\/\/the1011.com\/en\/wp-json\/wp\/v2\/product\/1932"}],"collection":[{"href":"https:\/\/the1011.com\/en\/wp-json\/wp\/v2\/product"}],"about":[{"href":"https:\/\/the1011.com\/en\/wp-json\/wp\/v2\/types\/product"}],"replies":[{"embeddable":true,"href":"https:\/\/the1011.com\/en\/wp-json\/wp\/v2\/comments?post=1932"}],"wp:featuredmedia":[{"embeddable":true,"href":"https:\/\/the1011.com\/en\/wp-json\/wp\/v2\/media\/1863"}],"wp:attachment":[{"href":"https:\/\/the1011.com\/en\/wp-json\/wp\/v2\/media?parent=1932"}],"curies":[{"name":"wp","href":"https:\/\/api.w.org\/{rel}","templated":true}]}}