{"id":1931,"date":"2024-08-05T16:28:21","date_gmt":"2024-08-05T09:28:21","guid":{"rendered":"https:\/\/the1011.com\/product\/ct-025-bot-ot-cay-cap-cuu-con-nhoi-mau-co-timred-cayenne-detox-heart-attack-emergency\/"},"modified":"2024-08-05T16:28:24","modified_gmt":"2024-08-05T09:28:24","slug":"ct-025-bot-ot-cay-cap-cuu-con-nhoi-mau-co-timred-cayenne-detox-heart-attack-emergency","status":"publish","type":"product","link":"https:\/\/the1011.com\/en\/product\/ct-025-bot-ot-cay-cap-cuu-con-nhoi-mau-co-timred-cayenne-detox-heart-attack-emergency\/","title":{"rendered":"CT.025 &#8211; B\u1ed8T \u1edaT CAY C\u1ea4P C\u1ee8U C\u01a0N NH\u1ed2I M\u00c1U C\u01a0 TIM(RED CAYENNE DETOX HEART ATTACK EMERGENCY)"},"content":{"rendered":"<p class=\"preFade\" style=\"transition-timing-function: ease; transition-duration: 1.5s; transition-delay: 0.210526s;\"><strong>T\u00e1c d\u1ee5ng<\/strong>: L\u00e0m tan c\u1ee5c m\u00e1u \u0111\u00f4ng (huy\u1ebft kh\u1ed1i) \u1ee9 \u0111\u1ecdng trong th\u00e0nh m\u1ea1ch g\u00e2y ngh\u1ebdn m\u1ea1ch. Gi\u00fap l\u00e0m m\u1ec1m th\u00e0nh m\u1ea1ch, gi\u00e3n r\u1ed9ng m\u1ea1ch m\u00e1u, c\u1ea3i thi\u1ec7n ch\u1ee9ng suy tim sung huy\u1ebft, x\u01a1 v\u1eefa \u0111\u1ed9ng m\u1ea1ch, lo\u1ea1n nh\u1ecbp tim, c\u01a1n nh\u1ed3i m\u00e1u c\u01a1 tim.<\/p>\n<p class=\"preFade\" style=\"transition-timing-function: ease; transition-duration: 1.5s; transition-delay: 0.221053s;\"><strong>Th\u00e0nh ph\u1ea7n:&nbsp;<\/strong>B\u1ed9t \u1edbt \u0111\u1ecf cay.<\/p>\n<p class=\"preFade\" style=\"transition-timing-function: ease; transition-duration: 1.5s; transition-delay: 0.231579s;\"><strong>C\u00e1ch d\u00f9ng:&nbsp;<\/strong>C\u1ea5p c\u1ee9u c\u01a1n nh\u1ed3i m\u00e1u c\u01a1 tim: U\u1ed1ng ngay 1 ly tr\u00e0 \u1edbt n\u00f3ng, m\u1ed7i 15 ph\u00fat\/l\u1ea7n cho \u0111\u1ebfn khi h\u1ed3i t\u1ec9nh h\u1eb3n.<\/p>\n<p class=\"preFade\" style=\"transition-timing-function: ease; transition-duration: 1.5s; transition-delay: 0.242105s;\"><strong>Ki\u00eang c\u1eef:&nbsp;<\/strong>Mu\u1ed1i, ch\u1ea5t b\u00e9o \u0111\u1ed9ng v\u1eadt. C\u1ea7n u\u1ed1ng \u0111\u1ee7 n\u01b0\u1edbc, ng\u1ee7 \u0111\u1ee7 gi\u1ea5c, th\u01b0\u1eddng xuy\u00ean t\u1eadp th\u1ec3 d\u1ee5c, th\u01b0 gi\u00e3n tinh th\u1ea7n\u2026<\/p>","protected":false},"excerpt":{"rendered":"<p>T\u00e1c d\u1ee5ng: L\u00e0m tan c\u1ee5c m\u00e1u \u0111\u00f4ng (huy\u1ebft kh\u1ed1i) \u1ee9 \u0111\u1ecdng trong th\u00e0nh m\u1ea1ch g\u00e2y ngh\u1ebdn m\u1ea1ch. Gi\u00fap l\u00e0m m\u1ec1m th\u00e0nh m\u1ea1ch, gi\u00e3n r\u1ed9ng m\u1ea1ch m\u00e1u, c\u1ea3i thi\u1ec7n ch\u1ee9ng suy tim sung huy\u1ebft, x\u01a1 v\u1eefa \u0111\u1ed9ng m\u1ea1ch, lo\u1ea1n nh\u1ecbp tim, c\u01a1n nh\u1ed3i m\u00e1u c\u01a1 tim. Th\u00e0nh ph\u1ea7n:&nbsp;B\u1ed9t \u1edbt \u0111\u1ecf cay. C\u00e1ch d\u00f9ng:&nbsp;C\u1ea5p c\u1ee9u c\u01a1n nh\u1ed3i<\/p>","protected":false},"featured_media":1762,"comment_status":"closed","ping_status":"open","template":"","meta":[],"_links":{"self":[{"href":"https:\/\/the1011.com\/en\/wp-json\/wp\/v2\/product\/1931"}],"collection":[{"href":"https:\/\/the1011.com\/en\/wp-json\/wp\/v2\/product"}],"about":[{"href":"https:\/\/the1011.com\/en\/wp-json\/wp\/v2\/types\/product"}],"replies":[{"embeddable":true,"href":"https:\/\/the1011.com\/en\/wp-json\/wp\/v2\/comments?post=1931"}],"wp:featuredmedia":[{"embeddable":true,"href":"https:\/\/the1011.com\/en\/wp-json\/wp\/v2\/media\/1762"}],"wp:attachment":[{"href":"https:\/\/the1011.com\/en\/wp-json\/wp\/v2\/media?parent=1931"}],"curies":[{"name":"wp","href":"https:\/\/api.w.org\/{rel}","templated":true}]}}