{"id":1930,"date":"2024-08-05T16:28:21","date_gmt":"2024-08-05T09:28:21","guid":{"rendered":"https:\/\/the1011.com\/product\/ct-024-gian-tinh-mach-varicose-veins\/"},"modified":"2024-08-05T16:28:24","modified_gmt":"2024-08-05T09:28:24","slug":"ct-024-gian-tinh-mach-varicose-veins","status":"publish","type":"product","link":"https:\/\/the1011.com\/en\/product\/ct-024-gian-tinh-mach-varicose-veins\/","title":{"rendered":"CT.024 &#8211; GI\u00c3N T\u0128NH M\u1ea0CH (VARICOSE VEINS)"},"content":{"rendered":"<p class=\"preFade\" style=\"transition-timing-function: ease; transition-duration: 1.5s; transition-delay: 0.210526s;\"><strong>T\u00e1c d\u1ee5ng<\/strong>: C\u1ea3i thi\u1ec7n, l\u00e0m se c\u00e1c t\u0129nh m\u1ea1ch, \u0111\u1eb7c bi\u1ec7t t\u0129nh m\u1ea1ch \u0111\u00f9i v\u00e0 c\u1eb3ng ch\u00e2n b\u1ecb ph\u00ecnh tr\u01b0\u1edbng, n\u1ed5i c\u1ee5c, ngo\u1eb1n ngo\u00e8o, t\u00ea, n\u1eb7ng, \u0111au nh\u1ee9c, xu\u1ea5t huy\u1ebft, vi\u00eam lo\u00e9t do c\u1ed9t m\u00e1u \u1ee9 \u0111\u1ecdng ho\u1eb7c v\u1ee1 m\u1ea1ch.<\/p>\n<p class=\"preFade\" style=\"transition-timing-function: ease; transition-duration: 1.5s; transition-delay: 0.221053s;\"><strong>Th\u00e0nh ph\u1ea7n:&nbsp;<\/strong>Tr\u1ea1ch lan, K\u00ea huy\u1ebft \u0111\u1eb1ng, H\u00f2e hoa, X\u00edch th\u01b0\u1ee3c, M\u1ed9c qua, T\u00f4 m\u1ed9c, Tam l\u0103ng, Nga tru\u1eadt, Ng\u01b0u t\u1ea5t\u2026<\/p>\n<p class=\"preFade\" style=\"transition-timing-function: ease; transition-duration: 1.5s; transition-delay: 0.231579s;\"><strong>C\u00e1ch d\u00f9ng:&nbsp;<\/strong>Ng\u00e0y u\u1ed1ng 3 l\u1ea7n, m\u1ed7i l\u1ea7n 3-4 vi\u00ean.<\/p>\n<p class=\"preFade\" style=\"transition-timing-function: ease; transition-duration: 1.5s; transition-delay: 0.242105s;\"><strong>Ki\u00eang c\u1eef:&nbsp;<\/strong>\u0110\u1ee9ng l\u00e2u, ng\u1ed3i l\u00e2u, t\u0103ng c\u00e2n (b\u00e9o ph\u00ec), d\u00f9ng thu\u1ed1c ng\u1eeba thai ho\u1eb7c thu\u1ed1c tr\u1ecb m\u1ee5n ch\u1ee9a Estrogen, mang gi\u00e0y cao g\u00f3t\u2026<\/p>","protected":false},"excerpt":{"rendered":"<p>T\u00e1c d\u1ee5ng: C\u1ea3i thi\u1ec7n, l\u00e0m se c\u00e1c t\u0129nh m\u1ea1ch, \u0111\u1eb7c bi\u1ec7t t\u0129nh m\u1ea1ch \u0111\u00f9i v\u00e0 c\u1eb3ng ch\u00e2n b\u1ecb ph\u00ecnh tr\u01b0\u1edbng, n\u1ed5i c\u1ee5c, ngo\u1eb1n ngo\u00e8o, t\u00ea, n\u1eb7ng, \u0111au nh\u1ee9c, xu\u1ea5t huy\u1ebft, vi\u00eam lo\u00e9t do c\u1ed9t m\u00e1u \u1ee9 \u0111\u1ecdng ho\u1eb7c v\u1ee1 m\u1ea1ch. Th\u00e0nh ph\u1ea7n:&nbsp;Tr\u1ea1ch lan, K\u00ea huy\u1ebft \u0111\u1eb1ng, H\u00f2e hoa, X\u00edch th\u01b0\u1ee3c, M\u1ed9c qua, T\u00f4 m\u1ed9c, Tam<\/p>","protected":false},"featured_media":1761,"comment_status":"closed","ping_status":"open","template":"","meta":[],"_links":{"self":[{"href":"https:\/\/the1011.com\/en\/wp-json\/wp\/v2\/product\/1930"}],"collection":[{"href":"https:\/\/the1011.com\/en\/wp-json\/wp\/v2\/product"}],"about":[{"href":"https:\/\/the1011.com\/en\/wp-json\/wp\/v2\/types\/product"}],"replies":[{"embeddable":true,"href":"https:\/\/the1011.com\/en\/wp-json\/wp\/v2\/comments?post=1930"}],"wp:featuredmedia":[{"embeddable":true,"href":"https:\/\/the1011.com\/en\/wp-json\/wp\/v2\/media\/1761"}],"wp:attachment":[{"href":"https:\/\/the1011.com\/en\/wp-json\/wp\/v2\/media?parent=1930"}],"curies":[{"name":"wp","href":"https:\/\/api.w.org\/{rel}","templated":true}]}}