{"id":1927,"date":"2024-08-05T16:28:21","date_gmt":"2024-08-05T09:28:21","guid":{"rendered":"https:\/\/the1011.com\/product\/ct-021-cao-cholesterol-triglycerides-high-cholesterol-triglycerides\/"},"modified":"2024-08-05T16:28:23","modified_gmt":"2024-08-05T09:28:23","slug":"ct-021-cao-cholesterol-triglycerides-high-cholesterol-triglycerides","status":"publish","type":"product","link":"https:\/\/the1011.com\/en\/product\/ct-021-cao-cholesterol-triglycerides-high-cholesterol-triglycerides\/","title":{"rendered":"CT.021 &#8211; CAO CHOLESTEROL, TRIGLYCERIDES (HIGH CHOLESTEROL, TRIGLYCERIDES)"},"content":{"rendered":"<p class=\"preFade\" style=\"transition-timing-function: ease; transition-duration: 1.5s; transition-delay: 0.210526s;\"><strong>T\u00e1c d\u1ee5ng:<\/strong>&nbsp;C\u1ea3i thi\u1ec7n ch\u1ee9c n\u0103ng gan, gi\u00fap h\u1ea1 gi\u1ea3m ch\u1ea5t b\u00e9o x\u1ea5u (LDL) v\u00e0 Triglycerides xu\u1ed1ng m\u1ee9ctrung b\u00ecnh, ng\u1eeba ch\u1ee9ng x\u01a1 v\u1eefa \u0111\u1ed9ng m\u1ea1ch, b\u1ec7nh \u0111\u1ed9ng m\u1ea1ch v\u00e0nh, nh\u1ed3i m\u00e1u c\u01a1 tim v\u00e0 ch\u1ee9ng \u0111\u1ed9t qu\u1ef5.<\/p>\n<p class=\"preFade\" style=\"transition-timing-function: ease; transition-duration: 1.5s; transition-delay: 0.221053s;\"><strong>Th\u00e0nh ph\u1ea7n:&nbsp;<\/strong>H\u1ed5 tr\u01b0\u1ee3ng c\u0103n, H\u00e0 th\u1ee7 \u00f4, C\u00e2u k\u1ef7 t\u1eed, Th\u1ea3o quy\u1ebft minh, U\u1ea5t kim\u2026C\u00e1ch d\u00f9ng: Ng\u00e0y u\u1ed1ng 3 l\u1ea7n, m\u1ed7i l\u1ea7n 3-4 vi\u00ean t\u00f9y theo s\u1ee9c kh\u1ecfe v\u00e0 b\u1ec7nh l\u00fd.Ki\u00eang c\u1eef: M\u1ee1 \u0111\u1ed9ng v\u1eadt, ch\u1ea5t b\u00e9o b\u1ea3o h\u00f2a, \u0103n nhi\u1ec1u tinh b\u1ed9t, ti\u1ec3u \u0111\u01b0\u1eddng, b\u00e9o ph\u00ec.<\/p>\n<p class=\"preFade\" style=\"transition-timing-function: ease; transition-duration: 1.5s; transition-delay: 0.231579s;\"><strong>C\u00e1ch d\u00f9ng:<\/strong>&nbsp;Ng\u00e0y u\u1ed1ng 3 l\u1ea7n, m\u1ed7i l\u1ea7n 3-4 vi\u00ean t\u00f9y theo s\u1ee9c kh\u1ecfe v\u00e0 b\u1ec7nh l\u00fd.<\/p>\n<p class=\"preFade\" style=\"transition-timing-function: ease; transition-duration: 1.5s; transition-delay: 0.242105s;\"><strong>Ki\u00eang c\u1eef:<\/strong>&nbsp;R\u01b0\u1ee3u, thu\u1ed1c l\u00e1, ma t\u00fay, h\u1ea1n ch\u1ebf tr\u00e0 \u0111\u1eb7c, c\u00e0 ph\u00ea \u0111\u1eb7c, th\u1ef1c ph\u1ea9m ch\u1ee9a ch\u1ea5t b\u00e9o b\u1ea3o h\u00f2a, l\u00e0m vi\u1ec7c qu\u00e1 s\u1ee9c, th\u1ee9ckhuya, c\u0103ng th\u1eb3ng th\u1ea7n kinh.<\/p>","protected":false},"excerpt":{"rendered":"<p>T\u00e1c d\u1ee5ng:&nbsp;C\u1ea3i thi\u1ec7n ch\u1ee9c n\u0103ng gan, gi\u00fap h\u1ea1 gi\u1ea3m ch\u1ea5t b\u00e9o x\u1ea5u (LDL) v\u00e0 Triglycerides xu\u1ed1ng m\u1ee9ctrung b\u00ecnh, ng\u1eeba ch\u1ee9ng x\u01a1 v\u1eefa \u0111\u1ed9ng m\u1ea1ch, b\u1ec7nh \u0111\u1ed9ng m\u1ea1ch v\u00e0nh, nh\u1ed3i m\u00e1u c\u01a1 tim v\u00e0 ch\u1ee9ng \u0111\u1ed9t qu\u1ef5. Th\u00e0nh ph\u1ea7n:&nbsp;H\u1ed5 tr\u01b0\u1ee3ng c\u0103n, H\u00e0 th\u1ee7 \u00f4, C\u00e2u k\u1ef7 t\u1eed, Th\u1ea3o quy\u1ebft minh, U\u1ea5t kim\u2026C\u00e1ch d\u00f9ng: Ng\u00e0y u\u1ed1ng 3<\/p>","protected":false},"featured_media":1758,"comment_status":"closed","ping_status":"open","template":"","meta":[],"_links":{"self":[{"href":"https:\/\/the1011.com\/en\/wp-json\/wp\/v2\/product\/1927"}],"collection":[{"href":"https:\/\/the1011.com\/en\/wp-json\/wp\/v2\/product"}],"about":[{"href":"https:\/\/the1011.com\/en\/wp-json\/wp\/v2\/types\/product"}],"replies":[{"embeddable":true,"href":"https:\/\/the1011.com\/en\/wp-json\/wp\/v2\/comments?post=1927"}],"wp:featuredmedia":[{"embeddable":true,"href":"https:\/\/the1011.com\/en\/wp-json\/wp\/v2\/media\/1758"}],"wp:attachment":[{"href":"https:\/\/the1011.com\/en\/wp-json\/wp\/v2\/media?parent=1927"}],"curies":[{"name":"wp","href":"https:\/\/api.w.org\/{rel}","templated":true}]}}