{"id":1926,"date":"2024-08-05T16:28:21","date_gmt":"2024-08-05T09:28:21","guid":{"rendered":"https:\/\/the1011.com\/product\/ct-020-dau-that-nguc-thieu-mau-co-tim-angina-pectoris-ischemic-heart\/"},"modified":"2024-08-05T16:28:23","modified_gmt":"2024-08-05T09:28:23","slug":"ct-020-dau-that-nguc-thieu-mau-co-tim-angina-pectoris-ischemic-heart","status":"publish","type":"product","link":"https:\/\/the1011.com\/en\/product\/ct-020-dau-that-nguc-thieu-mau-co-tim-angina-pectoris-ischemic-heart\/","title":{"rendered":"CT.020 &#8211; \u0110AU TH\u1eaeT NG\u1ef0C &#038; THI\u1ebeU M\u00c1U C\u01a0 TIM (ANGINA PECTORIS &#038;ISCHEMIC HEART)"},"content":{"rendered":"<p class=\"preFade\" style=\"transition-timing-function: ease; transition-duration: 1.5s; transition-delay: 0.235294s;\"><strong>T\u00e1c d\u1ee5ng:<\/strong>&nbsp;Tr\u1ee3 tim m\u1ea1ch, tr\u1eeb c\u00e1c ch\u1ee9ng \u0111au th\u1eaft ng\u1ef1c, \u0111au l\u00f3i v\u00f9ng x\u01b0\u01a1ng \u1ee9c lan t\u1edbi hai vai, c\u1eb1m,\u0111au ph\u00eda trong c\u00e1nh tay tr\u00e1i lan l\u00ean c\u1ed5 g\u00e1y ra sau l\u01b0ng xu\u1ed1ng t\u1edbi ng\u00f3n tay \u00fat, ch\u00f3ng m\u1eb7t, kh\u00f3 th\u1edf\u2026<\/p>\n<p class=\"preFade\" style=\"transition-timing-function: ease; transition-duration: 1.5s; transition-delay: 0.247059s;\"><strong>Th\u00e0nh ph\u1ea7n:&nbsp;<\/strong>\u0110an s\u00e2m, C\u00e1t c\u0103n, H\u1ed3ng hoa, \u0110\u01b0\u01a1ng qui, Qu\u1ebf chi, Xuy\u00ean khung, H\u01b0\u01a1ng ph\u1ee5, Nh\u00e2n s\u00e2m, M\u1ea1ch m\u00f4n, C\u00e2u k\u1ef7 t\u1eed,U\u1ea5t kim\u2026<br \/><strong>C\u00e1ch d\u00f9ng:&nbsp;<\/strong>Ng\u00e0y u\u1ed1ng 3 l\u1ea7n, m\u1ed7i l\u1ea7n 3-4 vi\u00ean. K\u1ebft qu\u1ea3 nhanh.<br \/><strong>Ki\u00eang c\u1eef:<\/strong>&nbsp;R\u01b0\u1ee3u, thu\u1ed1c l\u00e1, ma t\u00fay, h\u1ea1n ch\u1ebf tr\u00e0 \u0111\u1eb7c, c\u00e0 ph\u00ea \u0111\u1eb7c, th\u1ef1c ph\u1ea9m ch\u1ee9a ch\u1ea5t b\u00e9o b\u1ea3o h\u00f2a, l\u00e0m vi\u1ec7c qu\u00e1 s\u1ee9c, th\u1ee9ckhuya, c\u0103ng th\u1eb3ng th\u1ea7n kinh.<\/p>","protected":false},"excerpt":{"rendered":"<p>T\u00e1c d\u1ee5ng:&nbsp;Tr\u1ee3 tim m\u1ea1ch, tr\u1eeb c\u00e1c ch\u1ee9ng \u0111au th\u1eaft ng\u1ef1c, \u0111au l\u00f3i v\u00f9ng x\u01b0\u01a1ng \u1ee9c lan t\u1edbi hai vai, c\u1eb1m,\u0111au ph\u00eda trong c\u00e1nh tay tr\u00e1i lan l\u00ean c\u1ed5 g\u00e1y ra sau l\u01b0ng xu\u1ed1ng t\u1edbi ng\u00f3n tay \u00fat, ch\u00f3ng m\u1eb7t, kh\u00f3 th\u1edf\u2026 Th\u00e0nh ph\u1ea7n:&nbsp;\u0110an s\u00e2m, C\u00e1t c\u0103n, H\u1ed3ng hoa, \u0110\u01b0\u01a1ng qui, Qu\u1ebf chi, Xuy\u00ean khung, H\u01b0\u01a1ng<\/p>","protected":false},"featured_media":1757,"comment_status":"closed","ping_status":"open","template":"","meta":[],"_links":{"self":[{"href":"https:\/\/the1011.com\/en\/wp-json\/wp\/v2\/product\/1926"}],"collection":[{"href":"https:\/\/the1011.com\/en\/wp-json\/wp\/v2\/product"}],"about":[{"href":"https:\/\/the1011.com\/en\/wp-json\/wp\/v2\/types\/product"}],"replies":[{"embeddable":true,"href":"https:\/\/the1011.com\/en\/wp-json\/wp\/v2\/comments?post=1926"}],"wp:featuredmedia":[{"embeddable":true,"href":"https:\/\/the1011.com\/en\/wp-json\/wp\/v2\/media\/1757"}],"wp:attachment":[{"href":"https:\/\/the1011.com\/en\/wp-json\/wp\/v2\/media?parent=1926"}],"curies":[{"name":"wp","href":"https:\/\/api.w.org\/{rel}","templated":true}]}}