{"id":1925,"date":"2024-08-05T16:28:21","date_gmt":"2024-08-05T09:28:21","guid":{"rendered":"https:\/\/the1011.com\/product\/ct-019-thong-tam-hoan-dau-tim-suy-tim-cardiodynia-heart-failure\/"},"modified":"2024-08-05T16:28:23","modified_gmt":"2024-08-05T09:28:23","slug":"ct-019-thong-tam-hoan-dau-tim-suy-tim-cardiodynia-heart-failure","status":"publish","type":"product","link":"https:\/\/the1011.com\/en\/product\/ct-019-thong-tam-hoan-dau-tim-suy-tim-cardiodynia-heart-failure\/","title":{"rendered":"CT.019 &#8211; TH\u00d4NG T\u00c2M HO\u00c0N (\u0110AU TIM, SUY TIM)\/CARDIODYNIA, HEART FAILURE"},"content":{"rendered":"<p class=\"preFade\" style=\"transition-timing-function: ease; transition-duration: 1.5s; transition-delay: 0.235294s;\"><strong>T\u00e1c d\u1ee5ng:<\/strong>&nbsp;Tr\u1ee3 tim m\u1ea1ch, gi\u00fap c\u1ea3i thi\u1ec7n c\u00e1c ch\u1ee9ng lo\u1ea1n nh\u1ecbp tim, b\u1ec7nh \u0111\u1ed9ng m\u1ea1ch v\u00e0nh,b\u1ec7nh c\u01a1 tim, r\u1ed1i lo\u1ea1n van tim v\u00e0 lo\u1ea1n th\u1ea7n kinh tim\u2026<\/p>\n<p class=\"preFade\" style=\"transition-timing-function: ease; transition-duration: 1.5s; transition-delay: 0.247059s;\"><strong>Th\u00e0nh ph\u1ea7n:&nbsp;<\/strong>\u0110an s\u00e2m, C\u00e1t c\u0103n, H\u1ed3ng hoa, \u0110\u01b0\u01a1ng qui, Qu\u1ebf chi, Vi\u1ec5n ch\u00ed\u2026<br \/><strong>C\u00e1ch d\u00f9ng:&nbsp;<\/strong>Ng\u00e0y u\u1ed1ng 3 l\u1ea7n, m\u1ed7i l\u1ea7n 3-4 vi\u00ean t\u00f9y theo b\u1ec7nh l\u00fd v\u00e0 s\u1ee9c kh\u1ecfe.<br \/><strong>Ki\u00eang c\u1eef:<\/strong>&nbsp;Th\u1ee9c \u0103n ch\u1ee9a nhi\u1ec1u d\u1ea7u m\u1ee1, ch\u1ea5t b\u00e9o b\u1ea3o h\u00f2a, bia r\u01b0\u1ee3u, thu\u1ed1c l\u00e1\u2026<\/p>","protected":false},"excerpt":{"rendered":"<p>T\u00e1c d\u1ee5ng:&nbsp;Tr\u1ee3 tim m\u1ea1ch, gi\u00fap c\u1ea3i thi\u1ec7n c\u00e1c ch\u1ee9ng lo\u1ea1n nh\u1ecbp tim, b\u1ec7nh \u0111\u1ed9ng m\u1ea1ch v\u00e0nh,b\u1ec7nh c\u01a1 tim, r\u1ed1i lo\u1ea1n van tim v\u00e0 lo\u1ea1n th\u1ea7n kinh tim\u2026 Th\u00e0nh ph\u1ea7n:&nbsp;\u0110an s\u00e2m, C\u00e1t c\u0103n, H\u1ed3ng hoa, \u0110\u01b0\u01a1ng qui, Qu\u1ebf chi, Vi\u1ec5n ch\u00ed\u2026C\u00e1ch d\u00f9ng:&nbsp;Ng\u00e0y u\u1ed1ng 3 l\u1ea7n, m\u1ed7i l\u1ea7n 3-4 vi\u00ean t\u00f9y theo b\u1ec7nh l\u00fd v\u00e0 s\u1ee9c kh\u1ecfe.Ki\u00eang<\/p>","protected":false},"featured_media":1756,"comment_status":"closed","ping_status":"open","template":"","meta":[],"_links":{"self":[{"href":"https:\/\/the1011.com\/en\/wp-json\/wp\/v2\/product\/1925"}],"collection":[{"href":"https:\/\/the1011.com\/en\/wp-json\/wp\/v2\/product"}],"about":[{"href":"https:\/\/the1011.com\/en\/wp-json\/wp\/v2\/types\/product"}],"replies":[{"embeddable":true,"href":"https:\/\/the1011.com\/en\/wp-json\/wp\/v2\/comments?post=1925"}],"wp:featuredmedia":[{"embeddable":true,"href":"https:\/\/the1011.com\/en\/wp-json\/wp\/v2\/media\/1756"}],"wp:attachment":[{"href":"https:\/\/the1011.com\/en\/wp-json\/wp\/v2\/media?parent=1925"}],"curies":[{"name":"wp","href":"https:\/\/api.w.org\/{rel}","templated":true}]}}