{"id":1924,"date":"2024-08-05T16:28:21","date_gmt":"2024-08-05T09:28:21","guid":{"rendered":"https:\/\/the1011.com\/product\/ct-018-loan-nhip-tim-rung-tam-nhi-arrhythmia-atrial-fibrillation\/"},"modified":"2024-08-05T16:28:23","modified_gmt":"2024-08-05T09:28:23","slug":"ct-018-loan-nhip-tim-rung-tam-nhi-arrhythmia-atrial-fibrillation","status":"publish","type":"product","link":"https:\/\/the1011.com\/en\/product\/ct-018-loan-nhip-tim-rung-tam-nhi-arrhythmia-atrial-fibrillation\/","title":{"rendered":"CT.018 &#8211; LO\u1ea0N NH\u1ecaP TIM &#8211; RUNG T\u00c2M NH\u0128 (ARRHYTHMIA &#8211; ATRIAL FIBRILLATION)"},"content":{"rendered":"<p class=\"preFade\" style=\"transition-timing-function: ease; transition-duration: 1.5s; transition-delay: 0.235294s;\"><strong>T\u00e1c d\u1ee5ng:<\/strong>&nbsp;Tr\u1ee3 tim m\u1ea1ch. Gi\u00fap c\u1ea3i thi\u1ec7n \u0111\u1ed9ng m\u1ea1ch v\u00e0nh, c\u00e2n b\u1eb1ng nh\u1ecbp tim kh\u00f4ng nhanhkh\u00f4ng ch\u1eadm, gi\u1ea3m \u0111au th\u1eaft ng\u1ef1c, m\u1ec7t m\u1ecfi, ch\u00f3ng m\u1eb7t, kh\u00f3 th\u1edf.<\/p>\n<p class=\"preFade\" style=\"transition-timing-function: ease; transition-duration: 1.5s; transition-delay: 0.247059s;\"><strong>Th\u00e0nh ph\u1ea7n:&nbsp;<\/strong>U\u1ea5t kim, Ng\u0169 v\u1ecb t\u1eed, \u0110an s\u00e2m, Th\u1ea1ch x\u01b0\u01a1ng b\u1ed3, H\u1ed5 ph\u00e1ch\u2026<br \/><strong>C\u00e1ch d\u00f9ng:&nbsp;<\/strong>Ng\u00e0y u\u1ed1ng 3 l\u1ea7n, m\u1ed7i l\u1ea7n 2-4 vi\u00ean t\u00f9y theo s\u1ee9c kh\u1ecfe v\u00e0 b\u1ec7nh l\u00fd.<br \/><strong>Ki\u00eang c\u1eef:<\/strong>&nbsp;C\u00e1c th\u1ee9c \u0103n, \u0111\u1ed3 u\u1ed1ng c\u00f3 ch\u1ee9a ch\u1ea5t caffein, r\u01b0\u1ee3u bia, thu\u1ed1c l\u00e1<\/p>","protected":false},"excerpt":{"rendered":"<p>T\u00e1c d\u1ee5ng:&nbsp;Tr\u1ee3 tim m\u1ea1ch. Gi\u00fap c\u1ea3i thi\u1ec7n \u0111\u1ed9ng m\u1ea1ch v\u00e0nh, c\u00e2n b\u1eb1ng nh\u1ecbp tim kh\u00f4ng nhanhkh\u00f4ng ch\u1eadm, gi\u1ea3m \u0111au th\u1eaft ng\u1ef1c, m\u1ec7t m\u1ecfi, ch\u00f3ng m\u1eb7t, kh\u00f3 th\u1edf. Th\u00e0nh ph\u1ea7n:&nbsp;U\u1ea5t kim, Ng\u0169 v\u1ecb t\u1eed, \u0110an s\u00e2m, Th\u1ea1ch x\u01b0\u01a1ng b\u1ed3, H\u1ed5 ph\u00e1ch\u2026C\u00e1ch d\u00f9ng:&nbsp;Ng\u00e0y u\u1ed1ng 3 l\u1ea7n, m\u1ed7i l\u1ea7n 2-4 vi\u00ean t\u00f9y theo s\u1ee9c kh\u1ecfe v\u00e0 b\u1ec7nh l\u00fd.Ki\u00eang<\/p>","protected":false},"featured_media":1759,"comment_status":"closed","ping_status":"open","template":"","meta":[],"_links":{"self":[{"href":"https:\/\/the1011.com\/en\/wp-json\/wp\/v2\/product\/1924"}],"collection":[{"href":"https:\/\/the1011.com\/en\/wp-json\/wp\/v2\/product"}],"about":[{"href":"https:\/\/the1011.com\/en\/wp-json\/wp\/v2\/types\/product"}],"replies":[{"embeddable":true,"href":"https:\/\/the1011.com\/en\/wp-json\/wp\/v2\/comments?post=1924"}],"wp:featuredmedia":[{"embeddable":true,"href":"https:\/\/the1011.com\/en\/wp-json\/wp\/v2\/media\/1759"}],"wp:attachment":[{"href":"https:\/\/the1011.com\/en\/wp-json\/wp\/v2\/media?parent=1924"}],"curies":[{"name":"wp","href":"https:\/\/api.w.org\/{rel}","templated":true}]}}