{"id":1923,"date":"2024-08-05T16:28:21","date_gmt":"2024-08-05T09:28:21","guid":{"rendered":"https:\/\/the1011.com\/product\/ct-017-huyet-ap-thap-hypotension\/"},"modified":"2024-08-05T16:28:22","modified_gmt":"2024-08-05T09:28:22","slug":"ct-017-huyet-ap-thap-hypotension","status":"publish","type":"product","link":"https:\/\/the1011.com\/en\/product\/ct-017-huyet-ap-thap-hypotension\/","title":{"rendered":"CT.017 &#8211; HUY\u1ebeT \u00c1P TH\u1ea4P (HYPOTENSION)"},"content":{"rendered":"<p class=\"preFade\" style=\"transition-timing-function: ease; transition-duration: 1.5s; transition-delay: 0.235294s;\"><strong>T\u00e1c d\u1ee5ng:<\/strong>&nbsp;B\u1ed5 tr\u1ee3 tim m\u1ea1ch, c\u1ea3i thi\u1ec7n v\u00e0 n\u00e2ng cao huy\u1ebft \u00e1p l\u00ean m\u1ee9c trung b\u00ecnh. Gi\u00fap gi\u1ea3m&nbsp;ch\u00f3ng m\u1eb7t, h\u1ed3i h\u1ed9p, m\u1ec7t tim\u2026<\/p>\n<p class=\"preFade\" style=\"transition-timing-function: ease; transition-duration: 1.5s; transition-delay: 0.247059s;\"><strong>Th\u00e0nh ph\u1ea7n:&nbsp;<\/strong>H\u1ed3ng s\u00e2m, B\u1ea1ch tru\u1eadt, \u0110\u01b0\u01a1ng qui, Qu\u1ebf chi, \u00cdch tr\u00ed nh\u00e2n\u2026<br \/><strong>C\u00e1ch d\u00f9ng:&nbsp;<\/strong>Ng\u00e0y u\u1ed1ng 3 l\u1ea7n, m\u1ed7i l\u1ea7n 3-4 vi\u00ean.<br \/><strong>Ki\u00eang c\u1eef:<\/strong>&nbsp;Nh\u1eefng th\u1ef1c ph\u1ea9m, rau qu\u1ea3 c\u00f3 \u0111\u1eb7c t\u00ednh l\u00e0m h\u1ea1 huy\u1ebft \u00e1p.<\/p>","protected":false},"excerpt":{"rendered":"<p>T\u00e1c d\u1ee5ng:&nbsp;B\u1ed5 tr\u1ee3 tim m\u1ea1ch, c\u1ea3i thi\u1ec7n v\u00e0 n\u00e2ng cao huy\u1ebft \u00e1p l\u00ean m\u1ee9c trung b\u00ecnh. Gi\u00fap gi\u1ea3m&nbsp;ch\u00f3ng m\u1eb7t, h\u1ed3i h\u1ed9p, m\u1ec7t tim\u2026 Th\u00e0nh ph\u1ea7n:&nbsp;H\u1ed3ng s\u00e2m, B\u1ea1ch tru\u1eadt, \u0110\u01b0\u01a1ng qui, Qu\u1ebf chi, \u00cdch tr\u00ed nh\u00e2n\u2026C\u00e1ch d\u00f9ng:&nbsp;Ng\u00e0y u\u1ed1ng 3 l\u1ea7n, m\u1ed7i l\u1ea7n 3-4 vi\u00ean.Ki\u00eang c\u1eef:&nbsp;Nh\u1eefng th\u1ef1c ph\u1ea9m, rau qu\u1ea3 c\u00f3 \u0111\u1eb7c t\u00ednh l\u00e0m h\u1ea1 huy\u1ebft \u00e1p.<\/p>","protected":false},"featured_media":1755,"comment_status":"closed","ping_status":"open","template":"","meta":[],"_links":{"self":[{"href":"https:\/\/the1011.com\/en\/wp-json\/wp\/v2\/product\/1923"}],"collection":[{"href":"https:\/\/the1011.com\/en\/wp-json\/wp\/v2\/product"}],"about":[{"href":"https:\/\/the1011.com\/en\/wp-json\/wp\/v2\/types\/product"}],"replies":[{"embeddable":true,"href":"https:\/\/the1011.com\/en\/wp-json\/wp\/v2\/comments?post=1923"}],"wp:featuredmedia":[{"embeddable":true,"href":"https:\/\/the1011.com\/en\/wp-json\/wp\/v2\/media\/1755"}],"wp:attachment":[{"href":"https:\/\/the1011.com\/en\/wp-json\/wp\/v2\/media?parent=1923"}],"curies":[{"name":"wp","href":"https:\/\/api.w.org\/{rel}","templated":true}]}}