{"id":1920,"date":"2024-08-05T16:28:21","date_gmt":"2024-08-05T09:28:21","guid":{"rendered":"https:\/\/the1011.com\/product\/ct-052-viem-mui-di-ung-allergic-rhinitis\/"},"modified":"2024-08-05T16:28:22","modified_gmt":"2024-08-05T09:28:22","slug":"ct-052-viem-mui-di-ung-allergic-rhinitis","status":"publish","type":"product","link":"https:\/\/the1011.com\/en\/product\/ct-052-viem-mui-di-ung-allergic-rhinitis\/","title":{"rendered":"CT.052 &#8211; VI\u00caM M\u0168I D\u1eca \u1ee8NG (ALLERGIC RHINITIS)"},"content":{"rendered":"<p class=\"preFade\" style=\"transition-timing-function: ease; transition-duration: 1.5s; transition-delay: 0.235294s;\"><strong>T\u00e1c d\u1ee5ng:<\/strong><span>&nbsp;<\/span>Ch\u1ed1ng c\u1ea3m l\u1ea1nh, khai th\u00f4ng \u0111\u01b0\u1eddng h\u00f4 h\u1ea5p, n\u00e2ng cao ch\u1ee9c n\u0103ng mi\u1ec5n d\u1ecbch. C\u1ea3i thi\u1ec7n, gi\u1ea3i tr\u1eeb c\u00e1c ch\u1ee9ng h\u1eaft h\u01a1i, s\u1ed5 m\u0169i n\u01b0\u1edbc, ngh\u1eb9t m\u0169i, nh\u1ee9c \u0111\u1ea7u, c\u1ee9ng g\u00e2n c\u1ed5.<\/p>\n<p class=\"preFade\" style=\"transition-timing-function: ease; transition-duration: 1.5s; transition-delay: 0.247059s;\"><strong>Th\u00e0nh ph\u1ea7n:<\/strong><span>&nbsp;<\/span>Kinh gi\u1edbi, Qu\u1ebf chi, C\u00e1t c\u0103n, Tr\u1ea7n b\u00ec, Cam th\u1ea3o, T\u00e2n di hoa\u2026<br \/><strong>C\u00e1ch d\u00f9ng:<\/strong><span>&nbsp;<\/span>Ng\u00e0y u\u1ed1ng 3 l\u1ea7n, m\u1ed7i l\u1ea7n 3-4 vi\u00ean v\u1edbi n\u01b0\u1edbc \u1ea5m.<br \/><strong>Ki\u00eang c\u1eef:<\/strong><span>&nbsp;<\/span>T\u1eafm ban \u0111\u00eam, t\u1eafm n\u01b0\u1edbc l\u1ea1nh, r\u01b0\u1ee3u bia, thu\u1ed1c l\u00e1.<\/p>","protected":false},"excerpt":{"rendered":"<p>T\u00e1c d\u1ee5ng:&nbsp;Ch\u1ed1ng c\u1ea3m l\u1ea1nh, khai th\u00f4ng \u0111\u01b0\u1eddng h\u00f4 h\u1ea5p, n\u00e2ng cao ch\u1ee9c n\u0103ng mi\u1ec5n d\u1ecbch. C\u1ea3i thi\u1ec7n, gi\u1ea3i tr\u1eeb c\u00e1c ch\u1ee9ng h\u1eaft h\u01a1i, s\u1ed5 m\u0169i n\u01b0\u1edbc, ngh\u1eb9t m\u0169i, nh\u1ee9c \u0111\u1ea7u, c\u1ee9ng g\u00e2n c\u1ed5. Th\u00e0nh ph\u1ea7n:&nbsp;Kinh gi\u1edbi, Qu\u1ebf chi, C\u00e1t c\u0103n, Tr\u1ea7n b\u00ec, Cam th\u1ea3o, T\u00e2n di hoa\u2026C\u00e1ch d\u00f9ng:&nbsp;Ng\u00e0y u\u1ed1ng 3 l\u1ea7n, m\u1ed7i l\u1ea7n 3-4 vi\u00ean<\/p>","protected":false},"featured_media":1770,"comment_status":"closed","ping_status":"open","template":"","meta":[],"_links":{"self":[{"href":"https:\/\/the1011.com\/en\/wp-json\/wp\/v2\/product\/1920"}],"collection":[{"href":"https:\/\/the1011.com\/en\/wp-json\/wp\/v2\/product"}],"about":[{"href":"https:\/\/the1011.com\/en\/wp-json\/wp\/v2\/types\/product"}],"replies":[{"embeddable":true,"href":"https:\/\/the1011.com\/en\/wp-json\/wp\/v2\/comments?post=1920"}],"wp:featuredmedia":[{"embeddable":true,"href":"https:\/\/the1011.com\/en\/wp-json\/wp\/v2\/media\/1770"}],"wp:attachment":[{"href":"https:\/\/the1011.com\/en\/wp-json\/wp\/v2\/media?parent=1920"}],"curies":[{"name":"wp","href":"https:\/\/api.w.org\/{rel}","templated":true}]}}