{"id":1919,"date":"2024-08-05T16:28:21","date_gmt":"2024-08-05T09:28:21","guid":{"rendered":"https:\/\/the1011.com\/product\/ct-051-viem-hong-viem-hong-hat-sore-throat-pharyngitis-county\/"},"modified":"2024-08-05T16:28:22","modified_gmt":"2024-08-05T09:28:22","slug":"ct-051-viem-hong-viem-hong-hat-sore-throat-pharyngitis-county","status":"publish","type":"product","link":"https:\/\/the1011.com\/en\/product\/ct-051-viem-hong-viem-hong-hat-sore-throat-pharyngitis-county\/","title":{"rendered":"CT.051 &#8211; VI\u00caM H\u1eccNG, VI\u00caM H\u1eccNG H\u1ea0T (SORE THROAT, PHARYNGITIS COUNTY)"},"content":{"rendered":"<p class=\"preFade\" style=\"transition-timing-function: ease; transition-duration: 1.5s; transition-delay: 0.235294s;\"><strong>T\u00e1c d\u1ee5ng:<\/strong><span>&nbsp;<\/span>Thanh nhi\u1ec7t gi\u1ea3i \u0111\u1ed9c, tr\u1ee3 ph\u1ed5i kh\u00e1ng vi\u00eam, h\u1ea1 s\u1ed1t, gi\u1ea3i c\u1ea3m. C\u1ea3i thi\u1ec7n s\u01b0ng h\u1ecdng (s\u01b0ng h\u1ea1ch amidan), \u0111au r\u00e1t c\u1ed5, \u0111au tai, nu\u1ed1t kh\u00f3, ho, s\u1ed1t.<\/p>\n<p class=\"preFade\" style=\"transition-timing-function: ease; transition-duration: 1.5s; transition-delay: 0.247059s;\"><strong>Th\u00e0nh ph\u1ea7n:<\/strong><span>&nbsp;<\/span>\u0110\u1ea1i thanh di\u1ec7p, B\u1ea3n lam c\u0103n, Kim ng\u00e2n hoa, Ho\u00e0ng c\u1ea7m, Cam th\u1ea3o\u2026<br \/><strong>C\u00e1ch d\u00f9ng:<\/strong><span>&nbsp;<\/span>Ng\u00e0y u\u1ed1ng 3 l\u1ea7n, m\u1ed7i l\u1ea7n 3-4 vi\u00ean.<br \/><strong>Ki\u00eang c\u1eef:<\/strong><span>&nbsp;<\/span>U\u1ed1ng r\u01b0\u1ee3u, h\u00fat thu\u1ed1c l\u00e1, \u0103n gia v\u1ecb cay n\u00f3ng. N\u00ean th\u01b0\u1eddng xuy\u00ean s\u00fac mi\u1ec7ng b\u1eb1ng n\u01b0\u1edbc mu\u1ed1i \u1ea5m v\u00e0 n\u1eb1m v\u1edbi t\u01b0 th\u1ebf \u0111\u1ea7u<br \/>cao h\u01a1n th\u00e2n \u00edt nh\u1ea5t 15 \u0111\u1ed9.<\/p>","protected":false},"excerpt":{"rendered":"<p>T\u00e1c d\u1ee5ng:&nbsp;Thanh nhi\u1ec7t gi\u1ea3i \u0111\u1ed9c, tr\u1ee3 ph\u1ed5i kh\u00e1ng vi\u00eam, h\u1ea1 s\u1ed1t, gi\u1ea3i c\u1ea3m. C\u1ea3i thi\u1ec7n s\u01b0ng h\u1ecdng (s\u01b0ng h\u1ea1ch amidan), \u0111au r\u00e1t c\u1ed5, \u0111au tai, nu\u1ed1t kh\u00f3, ho, s\u1ed1t. Th\u00e0nh ph\u1ea7n:&nbsp;\u0110\u1ea1i thanh di\u1ec7p, B\u1ea3n lam c\u0103n, Kim ng\u00e2n hoa, Ho\u00e0ng c\u1ea7m, Cam th\u1ea3o\u2026C\u00e1ch d\u00f9ng:&nbsp;Ng\u00e0y u\u1ed1ng 3 l\u1ea7n, m\u1ed7i l\u1ea7n 3-4 vi\u00ean.Ki\u00eang c\u1eef:&nbsp;U\u1ed1ng r\u01b0\u1ee3u, h\u00fat thu\u1ed1c<\/p>","protected":false},"featured_media":1769,"comment_status":"closed","ping_status":"open","template":"","meta":[],"_links":{"self":[{"href":"https:\/\/the1011.com\/en\/wp-json\/wp\/v2\/product\/1919"}],"collection":[{"href":"https:\/\/the1011.com\/en\/wp-json\/wp\/v2\/product"}],"about":[{"href":"https:\/\/the1011.com\/en\/wp-json\/wp\/v2\/types\/product"}],"replies":[{"embeddable":true,"href":"https:\/\/the1011.com\/en\/wp-json\/wp\/v2\/comments?post=1919"}],"wp:featuredmedia":[{"embeddable":true,"href":"https:\/\/the1011.com\/en\/wp-json\/wp\/v2\/media\/1769"}],"wp:attachment":[{"href":"https:\/\/the1011.com\/en\/wp-json\/wp\/v2\/media?parent=1919"}],"curies":[{"name":"wp","href":"https:\/\/api.w.org\/{rel}","templated":true}]}}