{"id":1918,"date":"2024-08-05T16:28:21","date_gmt":"2024-08-05T09:28:21","guid":{"rendered":"https:\/\/the1011.com\/product\/ct-050-viem-sung-amidan-tonsillitis\/"},"modified":"2024-08-05T16:28:22","modified_gmt":"2024-08-05T09:28:22","slug":"ct-050-viem-sung-amidan-tonsillitis","status":"publish","type":"product","link":"https:\/\/the1011.com\/en\/product\/ct-050-viem-sung-amidan-tonsillitis\/","title":{"rendered":"CT.050 &#8211; VI\u00caM S\u01afNG AMIDAN (TONSILLITIS)"},"content":{"rendered":"<p class=\"preFade\" style=\"transition-timing-function: ease; transition-duration: 1.5s; transition-delay: 0.235294s;\"><strong>T\u00e1c d\u1ee5ng:<\/strong><span>&nbsp;<\/span>H\u1ea1 s\u1ed1t, gi\u1ea3i \u0111\u1ed9c, ti\u00eau vi\u00eam. Gi\u00fap ti\u00eau h\u1ee7y h\u1ea1ch amidan s\u01b0ng l\u1ea5p c\u1ed5 h\u1ecdng, g\u00e2y \u0111au, ho, kh\u00f3 th\u1edf, kh\u00f3 nu\u1ed1t. C\u1ea3i thi\u1ec7n, l\u00e0m m\u1ec1m h\u1ea1ch amidan v\u00e0 thu nh\u1ecf l\u1ea1i nh\u01b0 c\u0169.<\/p>\n<p class=\"preFade\" style=\"transition-timing-function: ease; transition-duration: 1.5s; transition-delay: 0.247059s;\"><strong>Th\u00e0nh ph\u1ea7n:<\/strong><span>&nbsp;<\/span>B\u1ea1c h\u00e0 di\u1ec7p, B\u1ed1i m\u1eabu, Ng\u01b0u b\u00e0ng t\u1eed, Huy\u1ec1n s\u00e2m, Li\u00ean ki\u1ec1u, B\u1ea3n lam c\u0103n, \u0110\u1ea1i thanh di\u1ec7p, H\u1ea1 kh\u00f4 th\u1ea3o\u2026<br \/><strong>C\u00e1ch d\u00f9ng:<\/strong><span>&nbsp;<\/span>Ng\u00e0y u\u1ed1ng 3 l\u1ea7n, m\u1ed7i l\u1ea7n 3-4 vi\u00ean. Tr\u1ebb em d\u01b0\u1edbi 15 tu\u1ed5i u\u1ed1ng ng\u00e0y 2-3 l\u1ea7n, m\u1ed7i l\u1ea7n 2 vi\u00ean.<br \/><strong>Ki\u00eang c\u1eef:<\/strong><span>&nbsp;<\/span>R\u01b0\u1ee3u, thu\u1ed1c l\u00e1, gia v\u1ecb cay n\u00f3ng, th\u1ecbt b\u00f2, t\u00f4m t\u00e9p, x\u00f4i n\u1ebfp.<\/p>","protected":false},"excerpt":{"rendered":"<p>T\u00e1c d\u1ee5ng:&nbsp;H\u1ea1 s\u1ed1t, gi\u1ea3i \u0111\u1ed9c, ti\u00eau vi\u00eam. Gi\u00fap ti\u00eau h\u1ee7y h\u1ea1ch amidan s\u01b0ng l\u1ea5p c\u1ed5 h\u1ecdng, g\u00e2y \u0111au, ho, kh\u00f3 th\u1edf, kh\u00f3 nu\u1ed1t. C\u1ea3i thi\u1ec7n, l\u00e0m m\u1ec1m h\u1ea1ch amidan v\u00e0 thu nh\u1ecf l\u1ea1i nh\u01b0 c\u0169. Th\u00e0nh ph\u1ea7n:&nbsp;B\u1ea1c h\u00e0 di\u1ec7p, B\u1ed1i m\u1eabu, Ng\u01b0u b\u00e0ng t\u1eed, Huy\u1ec1n s\u00e2m, Li\u00ean ki\u1ec1u, B\u1ea3n lam c\u0103n, \u0110\u1ea1i thanh di\u1ec7p, H\u1ea1<\/p>","protected":false},"featured_media":1803,"comment_status":"closed","ping_status":"open","template":"","meta":[],"_links":{"self":[{"href":"https:\/\/the1011.com\/en\/wp-json\/wp\/v2\/product\/1918"}],"collection":[{"href":"https:\/\/the1011.com\/en\/wp-json\/wp\/v2\/product"}],"about":[{"href":"https:\/\/the1011.com\/en\/wp-json\/wp\/v2\/types\/product"}],"replies":[{"embeddable":true,"href":"https:\/\/the1011.com\/en\/wp-json\/wp\/v2\/comments?post=1918"}],"wp:featuredmedia":[{"embeddable":true,"href":"https:\/\/the1011.com\/en\/wp-json\/wp\/v2\/media\/1803"}],"wp:attachment":[{"href":"https:\/\/the1011.com\/en\/wp-json\/wp\/v2\/media?parent=1918"}],"curies":[{"name":"wp","href":"https:\/\/api.w.org\/{rel}","templated":true}]}}