{"id":1915,"date":"2024-08-05T16:28:21","date_gmt":"2024-08-05T09:28:21","guid":{"rendered":"https:\/\/the1011.com\/product\/ct-046-khan-giong-tac-tieng-hoarseness-voice-obstruction\/"},"modified":"2024-08-05T16:28:21","modified_gmt":"2024-08-05T09:28:21","slug":"ct-046-khan-giong-tac-tieng-hoarseness-voice-obstruction","status":"publish","type":"product","link":"https:\/\/the1011.com\/en\/product\/ct-046-khan-giong-tac-tieng-hoarseness-voice-obstruction\/","title":{"rendered":"CT.046 &#8211; KH\u00c0N GI\u1eccNG, T\u1eaeC TI\u1ebeNG (HOARSENESS, VOICE OBSTRUCTION)"},"content":{"rendered":"<p class=\"preFade\" style=\"transition-timing-function: ease; transition-duration: 1.5s; transition-delay: 0.235294s;\"><strong>T\u00e1c d\u1ee5ng:<\/strong><span>&nbsp;<\/span>Nhu\u1eadn Ph\u1ed5i, ti\u00eau vi\u00eam, ph\u1ee5c h\u1ed3i d\u00e2y thanh \u00e2m. Tr\u1eeb ch\u1ee9ng kh\u00e0n gi\u1ecdng, t\u1eafc ti\u1ebfng do ph\u00e1t \u00e2m (ca h\u00e1t, la h\u00e9t) qu\u00e1 t\u1ea3i hay do ho, vi\u00eam thanh qu\u1ea3n, vi\u00eam h\u1ecdng.<\/p>\n<p class=\"preFade\" style=\"transition-timing-function: ease; transition-duration: 1.5s; transition-delay: 0.247059s;\"><strong>Th\u00e0nh ph\u1ea7n:<\/strong><span>&nbsp;<\/span>Sa s\u00e2m, B\u1ea1c h\u00e0, Kha t\u1eed, M\u1ea1ch m\u00f4n, X\u1ea1 can, Cam th\u1ea3o\u2026<br \/><strong>C\u00e1ch d\u00f9ng:<\/strong><span>&nbsp;<\/span>Ng\u00e0y u\u1ed1ng 3 l\u1ea7n, m\u1ed7i l\u1ea7n 3-4 vi\u00ean v\u1edbi n\u01b0\u1edbc chanh pha m\u1eadt ong ho\u1eb7c n\u01b0\u1edbc \u00e9p l\u00ea t\u01b0\u01a1i, n\u01b0\u1edbc m\u1ea7m gi\u00e1 lu\u1ed9c.<br \/><strong>Ki\u00eang c\u1eef:<\/strong><span>&nbsp;<\/span>R\u01b0\u1ee3u, thu\u1ed1c l\u00e1, gia v\u1ecb cay n\u00f3ng, th\u1ee9c \u0103n kh\u00f4, chi\u00ean, n\u01b0\u1edbng, xo\u00e0i ch\u00edn, s\u1ea7u ri\u00eang, long nh\u00e3n, chocolate, b\u00e1nh, k\u1eb9o\u2026<\/p>","protected":false},"excerpt":{"rendered":"<p>T\u00e1c d\u1ee5ng:&nbsp;Nhu\u1eadn Ph\u1ed5i, ti\u00eau vi\u00eam, ph\u1ee5c h\u1ed3i d\u00e2y thanh \u00e2m. Tr\u1eeb ch\u1ee9ng kh\u00e0n gi\u1ecdng, t\u1eafc ti\u1ebfng do ph\u00e1t \u00e2m (ca h\u00e1t, la h\u00e9t) qu\u00e1 t\u1ea3i hay do ho, vi\u00eam thanh qu\u1ea3n, vi\u00eam h\u1ecdng. Th\u00e0nh ph\u1ea7n:&nbsp;Sa s\u00e2m, B\u1ea1c h\u00e0, Kha t\u1eed, M\u1ea1ch m\u00f4n, X\u1ea1 can, Cam th\u1ea3o\u2026C\u00e1ch d\u00f9ng:&nbsp;Ng\u00e0y u\u1ed1ng 3 l\u1ea7n, m\u1ed7i l\u1ea7n 3-4 vi\u00ean v\u1edbi<\/p>","protected":false},"featured_media":1800,"comment_status":"closed","ping_status":"open","template":"","meta":[],"_links":{"self":[{"href":"https:\/\/the1011.com\/en\/wp-json\/wp\/v2\/product\/1915"}],"collection":[{"href":"https:\/\/the1011.com\/en\/wp-json\/wp\/v2\/product"}],"about":[{"href":"https:\/\/the1011.com\/en\/wp-json\/wp\/v2\/types\/product"}],"replies":[{"embeddable":true,"href":"https:\/\/the1011.com\/en\/wp-json\/wp\/v2\/comments?post=1915"}],"wp:featuredmedia":[{"embeddable":true,"href":"https:\/\/the1011.com\/en\/wp-json\/wp\/v2\/media\/1800"}],"wp:attachment":[{"href":"https:\/\/the1011.com\/en\/wp-json\/wp\/v2\/media?parent=1915"}],"curies":[{"name":"wp","href":"https:\/\/api.w.org\/{rel}","templated":true}]}}